{"id":718330,"date":"2025-08-27T18:07:05","date_gmt":"2025-08-27T15:07:05","guid":{"rendered":"https:\/\/roveyayinevi.com.tr\/index.php\/urun\/oyunda-kal\/"},"modified":"2026-04-16T02:26:24","modified_gmt":"2026-04-15T23:26:24","slug":"oyunda-kal","status":"publish","type":"product","link":"https:\/\/roveyayinevi.com.tr\/index.php\/urun\/oyunda-kal\/","title":{"rendered":"Oyunda Kal"},"content":{"rendered":"<p>Varvar\u2019\u0131, Yokol\u2019u, Devsil\u2019i ile gizemli bir kent, Varkent! Bilgisayar ba\u015f\u0131nda de\u011fme korsanlar\u0131 k\u0131skand\u0131racak kadar parlak, okulda s\u00f6n\u00fck bir gen\u00e7, As\u0131m! Youtuber olmak isteyen arkada\u015f\u0131, Mali! Varkent\u2019ten bir tan\u0131d\u0131k, Melis! Okulun en haval\u0131s\u0131 ve bir o kadar da ac\u0131mas\u0131z\u0131, Kutay! S\u00fcps\u00fcp vidas\u0131, p\u0131tp\u0131t teli ile yap\u0131lan bir robot! A\u011flak mant\u0131, logosu \u0131s\u0131r\u0131lm\u0131\u015f limon olan bir teknoloji devi, haylaz bir papa\u011fan\u2026 T\u00fcm bunlar\u0131n yollar\u0131 kesi\u015firse neler olur? Bakben misin, \u0130zleben mi? Soluk solu\u011fa bir maceraya ne dersin?Koray Avc\u0131 \u00c7akman ke\u015ffedilmeyi bekleyen bir d\u00fcnyaya t\u0131pk\u0131 bir g\u00fcn \u0131\u015f\u0131\u011f\u0131 gibi s\u0131z\u0131yor.<\/p>\n","protected":false},"excerpt":{"rendered":"<p>Varvar\u2019\u0131, Yokol\u2019u, Devsil\u2019i ile gizemli bir kent, Varkent! Bilgisayar ba\u015f\u0131nda de\u011fme korsanlar\u0131 k\u0131skand\u0131racak kadar parlak, okulda s\u00f6n\u00fck bir gen\u00e7, As\u0131m! Youtuber olmak isteyen arkada\u015f\u0131, Mali! Varkent\u2019ten<span class=\"excerpt-hellip\"> [\u2026]<\/span><\/p>\n","protected":false},"featured_media":0,"template":"","meta":{"_monsterinsights_skip_tracking":false,"_monsterinsights_sitenote_active":false,"_monsterinsights_sitenote_note":"","_monsterinsights_sitenote_category":0},"product_brand":[],"product_cat":[12275,12274],"product_tag":[],"class_list":{"0":"post-718330","1":"product","2":"type-product","3":"status-publish","5":"product_cat-6-12-yas-kitaplari","6":"product_cat-cocuk-ve-genclik-kitaplari","7":"pa_cilt-ciltsiz","8":"pa_tur-kitap","9":"pa_yayinevi-altin-kitaplar-ozel-urun","10":"pa_yazar-koray-avci-cakman","12":"first","13":"instock","14":"sale","15":"shipping-taxable","16":"purchasable","17":"product-type-simple"},"_links":{"self":[{"href":"https:\/\/roveyayinevi.com.tr\/index.php\/wp-json\/wp\/v2\/product\/718330","targetHints":{"allow":["GET"]}}],"collection":[{"href":"https:\/\/roveyayinevi.com.tr\/index.php\/wp-json\/wp\/v2\/product"}],"about":[{"href":"https:\/\/roveyayinevi.com.tr\/index.php\/wp-json\/wp\/v2\/types\/product"}],"wp:attachment":[{"href":"https:\/\/roveyayinevi.com.tr\/index.php\/wp-json\/wp\/v2\/media?parent=718330"}],"wp:term":[{"taxonomy":"product_brand","embeddable":true,"href":"https:\/\/roveyayinevi.com.tr\/index.php\/wp-json\/wp\/v2\/product_brand?post=718330"},{"taxonomy":"product_cat","embeddable":true,"href":"https:\/\/roveyayinevi.com.tr\/index.php\/wp-json\/wp\/v2\/product_cat?post=718330"},{"taxonomy":"product_tag","embeddable":true,"href":"https:\/\/roveyayinevi.com.tr\/index.php\/wp-json\/wp\/v2\/product_tag?post=718330"}],"curies":[{"name":"wp","href":"https:\/\/api.w.org\/{rel}","templated":true}]}}