{"id":718329,"date":"2025-08-27T18:07:04","date_gmt":"2025-08-27T15:07:04","guid":{"rendered":"https:\/\/roveyayinevi.com.tr\/index.php\/urun\/farkli-mekanlarda-drama-uygulamalari\/"},"modified":"2026-04-16T02:26:24","modified_gmt":"2026-04-15T23:26:24","slug":"farkli-mekanlarda-drama-uygulamalari","status":"publish","type":"product","link":"https:\/\/roveyayinevi.com.tr\/index.php\/urun\/farkli-mekanlarda-drama-uygulamalari\/","title":{"rendered":"Farkl\u0131 Mekanlarda Drama Uygulamalar\u0131"},"content":{"rendered":"<p>Hayal kurmakla ba\u015fl\u0131yordu her \u015fey\u2026Ger\u00e7ekle\u015ftirmekle \u00e7o\u011fal\u0131yordu t\u00fcm d\u00fc\u015f\u00fcnceler\u2026Binlerce y\u0131l \u00f6nce \u00f6\u011frenme alan\u0131m\u0131z do\u011fayd\u0131. \u00d6\u011frenmeyi ke\u015ffetmek y\u00fcz y\u0131llar\u0131m\u0131z\u0131 ald\u0131. Sonra binalar\u0131 ke\u015ffettik, \u00f6\u011frenmeyi binalara hapsetmeye ba\u015flad\u0131k. Binalarda her \u015feyden koruyorduk \u00f6\u011frenmeyi, pamuklara sar\u0131p, el \u00fcst\u00fcnde tutuyorduk. Kimsenin dokunmas\u0131na izin vermedik, saklad\u0131k\u2026Sonra y\u00fcz y\u0131llar y\u00fcz y\u0131llar\u0131 kovalad\u0131. D\u00fcnya de\u011fi\u015fmeye devam ediyordu. Bildi\u011fimiz her \u015fey de\u011fi\u015fiyordu bunlardan biri de \u00f6\u011frenmeydi\u2026 Bir de bakt\u0131k ki \u00f6\u011frenme do\u011fadaym\u0131\u015f. Ya\u015fayarakm\u0131\u015f, yaparakm\u0131\u015f, birbirimizin elindenmi\u015f \u00f6\u011frenme t\u0131pk\u0131 atalar\u0131m\u0131z\u0131n yapt\u0131\u011f\u0131 gibi\u2026Bu elinizdeki kitap tekrar kendimizi fark etme, tekrar do\u011faya ve insana d\u00f6nme u\u011fra\u015f\u0131d\u0131r. E\u011flenerek \u00f6\u011frenmenin, s\u0131n\u0131f\u0131n d\u0131\u015f\u0131ndaki \u00f6zg\u00fcrl\u00fckle tan\u0131\u015fman\u0131n, draman\u0131n birle\u015ftiricili\u011finin kitab\u0131d\u0131r\u2026Dramayla hayaller kurmakla ba\u015flam\u0131\u015ft\u0131 her \u015fey\u2026Dramayla ger\u00e7ekle\u015fiyor ve \u00e7o\u011fal\u0131yordu t\u00fcm d\u00fc\u015f\u00fcnceler\u2026<\/p>\n","protected":false},"excerpt":{"rendered":"<p>Hayal kurmakla ba\u015fl\u0131yordu her \u015fey\u2026Ger\u00e7ekle\u015ftirmekle \u00e7o\u011fal\u0131yordu t\u00fcm d\u00fc\u015f\u00fcnceler\u2026Binlerce y\u0131l \u00f6nce \u00f6\u011frenme alan\u0131m\u0131z do\u011fayd\u0131. \u00d6\u011frenmeyi ke\u015ffetmek y\u00fcz y\u0131llar\u0131m\u0131z\u0131 ald\u0131. Sonra binalar\u0131 ke\u015ffettik, \u00f6\u011frenmeyi binalara hapsetmeye ba\u015flad\u0131k. Binalarda<span class=\"excerpt-hellip\"> [\u2026]<\/span><\/p>\n","protected":false},"featured_media":0,"template":"","meta":{"_monsterinsights_skip_tracking":false,"_monsterinsights_sitenote_active":false,"_monsterinsights_sitenote_note":"","_monsterinsights_sitenote_category":0},"product_brand":[],"product_cat":[14787,13488],"product_tag":[],"class_list":{"0":"post-718329","1":"product","2":"type-product","3":"status-publish","5":"product_cat-diger-toplum-ve-insan","6":"product_cat-toplum-ve-insan","7":"pa_cilt-ciltsiz","8":"pa_tur-kitap","9":"pa_yayinevi-egiten-kitap","10":"pa_yazar-kolektif","12":"first","13":"instock","14":"sale","15":"shipping-taxable","16":"purchasable","17":"product-type-simple"},"_links":{"self":[{"href":"https:\/\/roveyayinevi.com.tr\/index.php\/wp-json\/wp\/v2\/product\/718329","targetHints":{"allow":["GET"]}}],"collection":[{"href":"https:\/\/roveyayinevi.com.tr\/index.php\/wp-json\/wp\/v2\/product"}],"about":[{"href":"https:\/\/roveyayinevi.com.tr\/index.php\/wp-json\/wp\/v2\/types\/product"}],"wp:attachment":[{"href":"https:\/\/roveyayinevi.com.tr\/index.php\/wp-json\/wp\/v2\/media?parent=718329"}],"wp:term":[{"taxonomy":"product_brand","embeddable":true,"href":"https:\/\/roveyayinevi.com.tr\/index.php\/wp-json\/wp\/v2\/product_brand?post=718329"},{"taxonomy":"product_cat","embeddable":true,"href":"https:\/\/roveyayinevi.com.tr\/index.php\/wp-json\/wp\/v2\/product_cat?post=718329"},{"taxonomy":"product_tag","embeddable":true,"href":"https:\/\/roveyayinevi.com.tr\/index.php\/wp-json\/wp\/v2\/product_tag?post=718329"}],"curies":[{"name":"wp","href":"https:\/\/api.w.org\/{rel}","templated":true}]}}