{"id":718327,"date":"2025-08-27T18:07:03","date_gmt":"2025-08-27T15:07:03","guid":{"rendered":"https:\/\/roveyayinevi.com.tr\/index.php\/urun\/orneklerle-okul-oncesi-cocuklarini-degerlendirme-ve-tanima\/"},"modified":"2026-04-16T02:26:24","modified_gmt":"2026-04-15T23:26:24","slug":"orneklerle-okul-oncesi-cocuklarini-degerlendirme-ve-tanima","status":"publish","type":"product","link":"https:\/\/roveyayinevi.com.tr\/index.php\/urun\/orneklerle-okul-oncesi-cocuklarini-degerlendirme-ve-tanima\/","title":{"rendered":"\u00d6rneklerle Okul \u00d6ncesi \u00c7ocuklar\u0131n\u0131 De\u011ferlendirme ve Tan\u0131ma"},"content":{"rendered":"<p>Okul \u00f6ncesi d\u00f6nemi \u00e7ocu\u011funun de\u011ferlendirilmesine verilen \u00f6nem ve bu konuya ara\u015ft\u0131rmac\u0131lar\u0131n ve \u00e7ocuklarla do\u011frudan \u00e7al\u0131\u015fan uygulay\u0131c\u0131lar\u0131n g\u00f6sterdikleri ilgi, daha kapsaml\u0131 ve \u00f6zellikle de\u011ferlendirme tekniklerine ili\u015fkin daha \u00e7ok say\u0131da \u00f6rne\u011fin sunuldu\u011fu yeni bir kitab\u0131n haz\u0131rlanmas\u0131n\u0131n nedenini olu\u015fturdu.Bu ya\u015flardaki \u00e7ocuklar\u0131n de\u011ferlendirilerek \u00e7ok \u00e7e\u015fitli y\u00f6nlerden tan\u0131nmalar\u0131n\u0131n \u00f6nemi; bir yandan geli\u015fimlerinin izlenmesi ve desteklenmesi, di\u011fer yandan kar\u015f\u0131la\u015ft\u0131klar\u0131 g\u00fc\u00e7l\u00fcklerin saptanmas\u0131 ve \u00e7\u00f6z\u00fcmlenmesi ile e\u011fitim \u00e7abalar\u0131n\u0131n i\u015flevselli\u011finin g\u00f6zden ge\u00e7irilmesi y\u00f6nlerinden a\u00e7\u0131k oldu\u011fundan, b\u00f6ylesi yeni bir kitap \u00e7abas\u0131 anlaml\u0131 g\u00f6r\u00fcld\u00fc. Buradan hareketle konuyla ilgili her bir de\u011ferlendirme tekni\u011fi ile ilgili zengin de\u011ferlendirme \u00f6rneklerinin sunulmas\u0131n\u0131n, alanda \u00e7al\u0131\u015fan t\u00fcm uzmanlara yararl\u0131 olaca\u011f\u0131 umularak, \u00f6zellikle okul \u00f6ncesi alan\u0131nda uzmanla\u015fm\u0131\u015f olan de\u011ferli meslekta\u015flarla birlikte yo\u011fun bir \u00e7al\u0131\u015fmayla haz\u0131rlanan bu kitab\u0131n, konuyla ilgili olarak T\u00fcrkiye\u2019de gerek alanda bilimsel \u00e7al\u0131\u015fma yapanlara gerekse \u00e7ocuklarla do\u011frudan uygulamal\u0131 \u00e7al\u0131\u015fmalar yapmakta olan e\u011fitici ve uzmanlara yard\u0131mc\u0131 olmas\u0131 ama\u00e7lanm\u0131\u015ft\u0131r.De\u011ferlendirmenin sa\u011fl\u0131kl\u0131 olmas\u0131 a\u00e7\u0131s\u0131ndan \u00e7ocu\u011fu de\u011ferlendirirken tek bir kaynakla yetinilmemesi gere\u011finden ve de\u011ferlendiren ki\u015finin yetkin olmas\u0131 ve de\u011ferlendirme eti\u011fine uygun davranmas\u0131n\u0131n \u00f6neminden ba\u015flayarak, \u00e7ocu\u011fu de\u011ferlendirmeksizin tan\u0131maya \u00e7al\u0131\u015fman\u0131n yetersiz ve yanl\u0131\u015f bir \u00e7aba olaca\u011f\u0131na kadar baz\u0131 hat\u0131rlatmalar\u0131 burada da yapmakta yarar oldu\u011fu kan\u0131s\u0131nday\u0131m. Bu kitapta da konu ele al\u0131n\u0131rken, kitab\u0131n ba\u015fl\u0131\u011f\u0131nda da g\u00f6r\u00fcld\u00fc\u011f\u00fc gibi de\u011ferlendirme terimi, tan\u0131ma teriminden \u00f6nce kullan\u0131lm\u0131\u015ft\u0131r. \u00c7ocu\u011fu ya da herhangi bir bireyi bilimsel anlamda sistemli ve ger\u00e7e\u011fe en yak\u0131n bir bi\u00e7imde tan\u0131yabilmek i\u00e7in \u00f6nce de\u011ferlendirmenin yap\u0131lmas\u0131 gere\u011fine vurgu yapmak i\u00e7in \u00f6zellikle bu kitap ba\u015fl\u0131\u011f\u0131 tercih edilmi\u015ftir.<\/p>\n","protected":false},"excerpt":{"rendered":"<p>Okul \u00f6ncesi d\u00f6nemi \u00e7ocu\u011funun de\u011ferlendirilmesine verilen \u00f6nem ve bu konuya ara\u015ft\u0131rmac\u0131lar\u0131n ve \u00e7ocuklarla do\u011frudan \u00e7al\u0131\u015fan uygulay\u0131c\u0131lar\u0131n g\u00f6sterdikleri ilgi, daha kapsaml\u0131 ve \u00f6zellikle de\u011ferlendirme tekniklerine ili\u015fkin daha<span class=\"excerpt-hellip\"> [\u2026]<\/span><\/p>\n","protected":false},"featured_media":0,"template":"","meta":{"_monsterinsights_skip_tracking":false,"_monsterinsights_sitenote_active":false,"_monsterinsights_sitenote_note":"","_monsterinsights_sitenote_category":0},"product_brand":[],"product_cat":[13772,12364],"product_tag":[],"class_list":{"0":"post-718327","1":"product","2":"type-product","3":"status-publish","5":"product_cat-basvuru-kitaplari","6":"product_cat-genel-konular","7":"pa_cilt-ciltsiz","8":"pa_tur-kitap","9":"pa_yayinevi-egiten-kitap","10":"pa_yazar-kolektif","12":"first","13":"instock","14":"sale","15":"shipping-taxable","16":"purchasable","17":"product-type-simple"},"_links":{"self":[{"href":"https:\/\/roveyayinevi.com.tr\/index.php\/wp-json\/wp\/v2\/product\/718327","targetHints":{"allow":["GET"]}}],"collection":[{"href":"https:\/\/roveyayinevi.com.tr\/index.php\/wp-json\/wp\/v2\/product"}],"about":[{"href":"https:\/\/roveyayinevi.com.tr\/index.php\/wp-json\/wp\/v2\/types\/product"}],"wp:attachment":[{"href":"https:\/\/roveyayinevi.com.tr\/index.php\/wp-json\/wp\/v2\/media?parent=718327"}],"wp:term":[{"taxonomy":"product_brand","embeddable":true,"href":"https:\/\/roveyayinevi.com.tr\/index.php\/wp-json\/wp\/v2\/product_brand?post=718327"},{"taxonomy":"product_cat","embeddable":true,"href":"https:\/\/roveyayinevi.com.tr\/index.php\/wp-json\/wp\/v2\/product_cat?post=718327"},{"taxonomy":"product_tag","embeddable":true,"href":"https:\/\/roveyayinevi.com.tr\/index.php\/wp-json\/wp\/v2\/product_tag?post=718327"}],"curies":[{"name":"wp","href":"https:\/\/api.w.org\/{rel}","templated":true}]}}