{"id":718326,"date":"2025-08-27T18:07:03","date_gmt":"2025-08-27T15:07:03","guid":{"rendered":"https:\/\/roveyayinevi.com.tr\/index.php\/urun\/bebeklik-doneminde-gelisim-ve-egitim-2\/"},"modified":"2026-04-16T02:26:24","modified_gmt":"2026-04-15T23:26:24","slug":"bebeklik-doneminde-gelisim-ve-egitim-2","status":"publish","type":"product","link":"https:\/\/roveyayinevi.com.tr\/index.php\/urun\/bebeklik-doneminde-gelisim-ve-egitim-2\/","title":{"rendered":"Bebeklik D\u00f6neminde Geli\u015fim ve E\u011fitim"},"content":{"rendered":"<p>Geli\u015fim, d\u00f6llenmeden ba\u015flayarak ya\u015fam\u0131n sonuna dek devam eden bir s\u00fcre\u00e7tir. Bebeklik d\u00f6nemi diye adland\u0131r\u0131lan 0-36 ay aras\u0131ndaki d\u00f6nemde, bebe\u011fin zihinsel, sosyal, duygusal ve fiziksel alanlarda kazanaca\u011f\u0131 beceri ve bilgiler ya\u015fam\u0131 boyunca ge\u00e7irece\u011fi geli\u015fim s\u00fcrecini do\u011frudan etkilemektedir.En h\u0131zl\u0131 b\u00fcy\u00fcy\u00fcp geli\u015ftikleri, ki\u015filiklerinin temellerinin at\u0131ld\u0131\u011f\u0131 d\u00f6nem olan bebeklik d\u00f6neminde bebeklerin sa\u011fl\u0131kl\u0131 b\u00fcy\u00fcyebilmesi ve geli\u015fimsel ihtiya\u00e7lar\u0131n\u0131n g\u00f6z\u00f6n\u00fcnde bulundurularak gerekli deste\u011fin sa\u011flanmas\u0131 bu ilk y\u0131llarda son derece \u00f6nem arz etmektedir. Uyumlu ve dengeli \u00e7ocuklar yeti\u015ftirmek, onlar\u0131n geli\u015fim \u00f6zelliklerini ve bu \u00f6zellikler do\u011frultusunda gereksinimlerinin neler oldu\u011funu bilmeye ba\u011fl\u0131d\u0131r.<\/p>\n","protected":false},"excerpt":{"rendered":"<p>Geli\u015fim, d\u00f6llenmeden ba\u015flayarak ya\u015fam\u0131n sonuna dek devam eden bir s\u00fcre\u00e7tir. Bebeklik d\u00f6nemi diye adland\u0131r\u0131lan 0-36 ay aras\u0131ndaki d\u00f6nemde, bebe\u011fin zihinsel, sosyal, duygusal ve fiziksel alanlarda kazanaca\u011f\u0131<span class=\"excerpt-hellip\"> [\u2026]<\/span><\/p>\n","protected":false},"featured_media":0,"template":"","meta":{"_monsterinsights_skip_tracking":false,"_monsterinsights_sitenote_active":false,"_monsterinsights_sitenote_note":"","_monsterinsights_sitenote_category":0},"product_brand":[],"product_cat":[17996,12364],"product_tag":[],"class_list":{"0":"post-718326","1":"product","2":"type-product","3":"status-publish","5":"product_cat-ebeveyn-kitaplari","6":"product_cat-genel-konular","7":"pa_cilt-ciltsiz","8":"pa_tur-kitap","9":"pa_yayinevi-egiten-kitap","10":"pa_yazar-kolektif","12":"first","13":"instock","14":"sale","15":"shipping-taxable","16":"purchasable","17":"product-type-simple"},"_links":{"self":[{"href":"https:\/\/roveyayinevi.com.tr\/index.php\/wp-json\/wp\/v2\/product\/718326","targetHints":{"allow":["GET"]}}],"collection":[{"href":"https:\/\/roveyayinevi.com.tr\/index.php\/wp-json\/wp\/v2\/product"}],"about":[{"href":"https:\/\/roveyayinevi.com.tr\/index.php\/wp-json\/wp\/v2\/types\/product"}],"wp:attachment":[{"href":"https:\/\/roveyayinevi.com.tr\/index.php\/wp-json\/wp\/v2\/media?parent=718326"}],"wp:term":[{"taxonomy":"product_brand","embeddable":true,"href":"https:\/\/roveyayinevi.com.tr\/index.php\/wp-json\/wp\/v2\/product_brand?post=718326"},{"taxonomy":"product_cat","embeddable":true,"href":"https:\/\/roveyayinevi.com.tr\/index.php\/wp-json\/wp\/v2\/product_cat?post=718326"},{"taxonomy":"product_tag","embeddable":true,"href":"https:\/\/roveyayinevi.com.tr\/index.php\/wp-json\/wp\/v2\/product_tag?post=718326"}],"curies":[{"name":"wp","href":"https:\/\/api.w.org\/{rel}","templated":true}]}}