{"id":718324,"date":"2025-08-27T18:07:01","date_gmt":"2025-08-27T15:07:01","guid":{"rendered":"https:\/\/roveyayinevi.com.tr\/index.php\/urun\/masal-tadinda-bebek-yemekleri-ciltli\/"},"modified":"2026-04-16T02:26:23","modified_gmt":"2026-04-15T23:26:23","slug":"masal-tadinda-bebek-yemekleri-ciltli","status":"publish","type":"product","link":"https:\/\/roveyayinevi.com.tr\/index.php\/urun\/masal-tadinda-bebek-yemekleri-ciltli\/","title":{"rendered":"Masal Tad\u0131nda Bebek Yemekleri (Ciltli)"},"content":{"rendered":"<p>\u00c7ocu\u011fun beslenmesi ayn\u0131 zamanda sosyal bir etkinliktir. Anne-baba ve \u00e7ocuk aras\u0131nda bir\u00e7ok duygunun, davran\u0131\u015f\u0131n payla\u015f\u0131lmas\u0131n\u0131 sa\u011flar. \u00c7ocu\u011fun duygusal geli\u015fiminin desteklenmesi; beslenme saatlerinin huzurlu ve olumlu ge\u00e7mesi i\u00e7in do\u011fru bilinen yanl\u0131\u015flar\u0131 d\u00fczeltmek gerekir. Bu kitap size yol g\u00f6sterecektir.Dr. Herdem Aslan Gen\u00e7 \/ \u00c7ocuk ve Ergen PsikiyatristiEk g\u0131da zaman\u0131 yakla\u015ft\u0131\u011f\u0131nda her annenin kafas\u0131 soru i\u015faretleriyle doludur. Bu kitap sayesinde strese kap\u0131lmadan, hangi ayda ne yedirebilece\u011finizi ve bebe\u011finizi s\u0131kmayacak \u00e7e\u015fitlilikteki tariflerle neler yapabilece\u011finizi bileceksiniz. T\u00fcm annelere \u015fiddetle tavsiye ederim.Dr. G\u00f6rkem Astarc\u0131o\u011flu \/ \u00c7ocuk Sa\u011fl\u0131\u011f\u0131 ve Hastal\u0131klar\u0131 Uzman\u0131Son yap\u0131lan bilimsel ara\u015ft\u0131rmalar, ba\u011f\u0131rsaklar\u0131m\u0131z\u0131n ikinci bir beyin gibi \u00e7al\u0131\u015ft\u0131\u011f\u0131n\u0131 bizlere g\u00f6stermektedir. Bu a\u00e7\u0131dan bak\u0131ld\u0131\u011f\u0131nda bebeklerimizin ek g\u0131daya ge\u00e7i\u015f d\u00f6nemleri \u00e7ok \u00f6nemlidir. Takip etti\u011fim bebi\u015fler 180 g\u00fcn\u00fc doldurduklar\u0131nda, annelerinde tatl\u0131 bir heyecan ba\u015flar. Bazen poliklinik yo\u011funlu\u011funda aileler ile ek g\u0131da konusunu yeterince konu\u015famad\u0131\u011f\u0131m\u0131z\u0131 d\u00fc\u015f\u00fcnd\u00fc\u011f\u00fcm olmakta idi. Bu de\u011ferli kitap, hastalar\u0131ma g\u00f6n\u00fcl rahatl\u0131\u011f\u0131 ile \u00f6nerebilece\u011fim bir ba\u015fucu kayna\u011f\u0131 niteli\u011finde.Dr. Ahmet \u00d6zcan \/ \u00c7ocuk Sa\u011fl\u0131\u011f\u0131 ve Hastal\u0131klar\u0131 Uzman\u0131Sa\u011fl\u0131kl\u0131 beslenme, b\u00fcy\u00fcmenin temel ta\u015f\u0131d\u0131r. Bu kitab\u0131n beslenmeyle ilgili sizlere \u0131\u015f\u0131k tutaca\u011f\u0131ndan hi\u00e7 \u015f\u00fcphem yok!Dr. Ali K\u0131z\u0131ldemir \/ \u00c7ocuk Sa\u011fl\u0131\u011f\u0131 ve Hastal\u0131klar\u0131Sa\u011fl\u0131kl\u0131 beslenmek i\u00e7in sebze ve meyveleri mevsiminde t\u00fcketmek gerekir. Bu kitapta aylara g\u00f6re sebze ve meyveleri ay\u0131ran yaz\u0131mla daha sa\u011fl\u0131kl\u0131 nesiller i\u00e7in birbirinden faydal\u0131 tarifler var. Siz de\u011ferli annelerin ek g\u0131da ser\u00fcveninde ba\u015fucu kitab\u0131n\u0131z olacak bu kitab\u0131 hepinize tavsiye ederim.Kadri Kana \/ Beslenme ve Diyet Uzman\u0131\u00c7ocuklar\u0131m\u0131z\u0131n kar\u0131nlar\u0131n\u0131n doymas\u0131 kadar ruhlar\u0131n\u0131n da doymas\u0131 \u00e7ok \u00f6nemlidir. Bir \u00e7ocu\u011fun ruhu en g\u00fczel oyunla doyar. Bu kitapla \u00e7ocu\u011funuzun hem bedenini hem de ruhunu doyuracak tavsiyeleri bir arada bulacaks\u0131n\u0131z.Dilek Cesur \/ E\u011fitimci-YazarEk g\u0131daya ge\u00e7i\u015f s\u00fcrecinde muhtemelen her annenin akl\u0131nda bir\u00e7ok soru i\u015fareti oluyordur. \u2018Acaba ne yedirsem? Et verece\u011fim ama hangisi do\u011fru se\u00e7im olur? Sebze-meyve se\u00e7imim nas\u0131l olmal\u0131?\u2019gibi t\u00fcm sorular\u0131n\u0131z\u0131n cevab\u0131n\u0131 ve hatta daha fazlas\u0131n\u0131 bu kitapta bulaca\u011f\u0131n\u0131za eminin.Dilek A\u015f\u0131ko\u011flu Aydemir \/ Bilim Uzman\u0131-E\u011fitimci<\/p>\n","protected":false},"excerpt":{"rendered":"<p>\u00c7ocu\u011fun beslenmesi ayn\u0131 zamanda sosyal bir etkinliktir. Anne-baba ve \u00e7ocuk aras\u0131nda bir\u00e7ok duygunun, davran\u0131\u015f\u0131n payla\u015f\u0131lmas\u0131n\u0131 sa\u011flar. \u00c7ocu\u011fun duygusal geli\u015fiminin desteklenmesi; beslenme saatlerinin huzurlu ve olumlu ge\u00e7mesi<span class=\"excerpt-hellip\"> [\u2026]<\/span><\/p>\n","protected":false},"featured_media":0,"template":"","meta":{"_monsterinsights_skip_tracking":false,"_monsterinsights_sitenote_active":false,"_monsterinsights_sitenote_note":"","_monsterinsights_sitenote_category":0},"product_brand":[],"product_cat":[28265,15563],"product_tag":[],"class_list":{"0":"post-718324","1":"product","2":"type-product","3":"status-publish","5":"product_cat-diger-hobi","6":"product_cat-hobi","7":"pa_cilt-ciltli","8":"pa_tur-kitap","9":"pa_yayinevi-yediveren-yayinlari","10":"pa_yazar-aysegul-bayindir","12":"first","13":"instock","14":"sale","15":"shipping-taxable","16":"purchasable","17":"product-type-simple"},"_links":{"self":[{"href":"https:\/\/roveyayinevi.com.tr\/index.php\/wp-json\/wp\/v2\/product\/718324","targetHints":{"allow":["GET"]}}],"collection":[{"href":"https:\/\/roveyayinevi.com.tr\/index.php\/wp-json\/wp\/v2\/product"}],"about":[{"href":"https:\/\/roveyayinevi.com.tr\/index.php\/wp-json\/wp\/v2\/types\/product"}],"wp:attachment":[{"href":"https:\/\/roveyayinevi.com.tr\/index.php\/wp-json\/wp\/v2\/media?parent=718324"}],"wp:term":[{"taxonomy":"product_brand","embeddable":true,"href":"https:\/\/roveyayinevi.com.tr\/index.php\/wp-json\/wp\/v2\/product_brand?post=718324"},{"taxonomy":"product_cat","embeddable":true,"href":"https:\/\/roveyayinevi.com.tr\/index.php\/wp-json\/wp\/v2\/product_cat?post=718324"},{"taxonomy":"product_tag","embeddable":true,"href":"https:\/\/roveyayinevi.com.tr\/index.php\/wp-json\/wp\/v2\/product_tag?post=718324"}],"curies":[{"name":"wp","href":"https:\/\/api.w.org\/{rel}","templated":true}]}}