{"id":718323,"date":"2025-08-27T18:07:01","date_gmt":"2025-08-27T15:07:01","guid":{"rendered":"https:\/\/roveyayinevi.com.tr\/index.php\/urun\/yureginde-yer-ac\/"},"modified":"2026-04-16T02:26:23","modified_gmt":"2026-04-15T23:26:23","slug":"yureginde-yer-ac","status":"publish","type":"product","link":"https:\/\/roveyayinevi.com.tr\/index.php\/urun\/yureginde-yer-ac\/","title":{"rendered":"Y\u00fcre\u011finde Yer A\u00e7"},"content":{"rendered":"<p>K\u00fc\u00e7\u00fcc\u00fckt\u00fcm. \u00c7ok yoruluyordum. \u00c7ay oca\u011f\u0131nda \u00e7al\u0131\u015f\u0131rken arada bir bo\u015f kald\u0131\u011f\u0131mda \u00e7ay tepsisi kuca\u011f\u0131mda, hayaller kuruyordum. B\u00fcy\u00fcm\u00fc\u015f, \u00f6nemli bir adam oluyordum hayallerimde. Babac\u0131\u011f\u0131m\u0131 ve ailemi rahata kavu\u015fturuyordum. \u201cYusuf! Bahri ustaya \u00fc\u00e7 \u00e7ay\u2026\u201d sesiyle kendime gelip \u00e7\u0131k\u0131yordum hayaller aleminden. O an Allah\u2019a ellerimi a\u00e7\u0131p \u2018Ya Rabbi yard\u0131mc\u0131 ol, benimle ol\u2019 \u00e7ok demi\u015fimdir. Hala da diyorum. K\u00fc\u00e7\u00fcc\u00fck ya\u015f\u0131ma ra\u011fmen sabah\u0131n k\u00f6r\u00fcnde yar\u0131 uykulu \u00e7ay oca\u011f\u0131na geldi\u011fimde, arkada\u015flar\u0131 babama,\u201d \u00c7ocu\u011fu bu saatte niye getiriyorsun?\u201d diye sorduklar\u0131nda \u201cHayat\u0131 \u00f6\u011frensin, ileride beni anlayacak\u201d diye cevap verirdi aslan babam.Bu kitab\u0131 yazmamdaki ana sebep; \u00e7ocuklar\u0131m\u0131z\u0131n ve gen\u00e7lerimizin hayat\u0131 \u00f6\u011frenmesine ufak da olsa katk\u0131 sa\u011flama arzusundan. \u201cHi\u00e7bir ba\u015far\u0131 zahmetsiz olmaz\u201d s\u00f6z\u00fcn\u00fc ispatlar\u0131 ile sundum onlara.Dostlar, anlayaca\u011f\u0131n\u0131z burada yazan her \u015fey ger\u00e7ek.<\/p>\n","protected":false},"excerpt":{"rendered":"<p>K\u00fc\u00e7\u00fcc\u00fckt\u00fcm. \u00c7ok yoruluyordum. \u00c7ay oca\u011f\u0131nda \u00e7al\u0131\u015f\u0131rken arada bir bo\u015f kald\u0131\u011f\u0131mda \u00e7ay tepsisi kuca\u011f\u0131mda, hayaller kuruyordum. B\u00fcy\u00fcm\u00fc\u015f, \u00f6nemli bir adam oluyordum hayallerimde. Babac\u0131\u011f\u0131m\u0131 ve ailemi rahata kavu\u015fturuyordum.<span class=\"excerpt-hellip\"> [\u2026]<\/span><\/p>\n","protected":false},"featured_media":0,"template":"","meta":{"_monsterinsights_skip_tracking":false,"_monsterinsights_sitenote_active":false,"_monsterinsights_sitenote_note":"","_monsterinsights_sitenote_category":0},"product_brand":[],"product_cat":[14009,12291],"product_tag":[],"class_list":{"0":"post-718323","1":"product","2":"type-product","3":"status-publish","5":"product_cat-biyografi-otobiyografi-edebiyat","6":"product_cat-edebiyat","7":"pa_cilt-ciltsiz","8":"pa_tur-kitap","9":"pa_yayinevi-yediveren-yayinlari","10":"pa_yazar-yusuf-kalko","12":"first","13":"instock","14":"sale","15":"shipping-taxable","16":"purchasable","17":"product-type-simple"},"_links":{"self":[{"href":"https:\/\/roveyayinevi.com.tr\/index.php\/wp-json\/wp\/v2\/product\/718323","targetHints":{"allow":["GET"]}}],"collection":[{"href":"https:\/\/roveyayinevi.com.tr\/index.php\/wp-json\/wp\/v2\/product"}],"about":[{"href":"https:\/\/roveyayinevi.com.tr\/index.php\/wp-json\/wp\/v2\/types\/product"}],"wp:attachment":[{"href":"https:\/\/roveyayinevi.com.tr\/index.php\/wp-json\/wp\/v2\/media?parent=718323"}],"wp:term":[{"taxonomy":"product_brand","embeddable":true,"href":"https:\/\/roveyayinevi.com.tr\/index.php\/wp-json\/wp\/v2\/product_brand?post=718323"},{"taxonomy":"product_cat","embeddable":true,"href":"https:\/\/roveyayinevi.com.tr\/index.php\/wp-json\/wp\/v2\/product_cat?post=718323"},{"taxonomy":"product_tag","embeddable":true,"href":"https:\/\/roveyayinevi.com.tr\/index.php\/wp-json\/wp\/v2\/product_tag?post=718323"}],"curies":[{"name":"wp","href":"https:\/\/api.w.org\/{rel}","templated":true}]}}