{"id":718321,"date":"2025-08-27T18:06:59","date_gmt":"2025-08-27T15:06:59","guid":{"rendered":"https:\/\/roveyayinevi.com.tr\/index.php\/urun\/muhsin-baskan\/"},"modified":"2026-04-16T02:26:23","modified_gmt":"2026-04-15T23:26:23","slug":"muhsin-baskan","status":"publish","type":"product","link":"https:\/\/roveyayinevi.com.tr\/index.php\/urun\/muhsin-baskan\/","title":{"rendered":"Muhsin Ba\u015fkan"},"content":{"rendered":"<p>\u201c\u0130\u015fkence tezg\u00e2hlar\u0131nda maddi ve manevi kay\u0131plar verdim. Maddi taraf\u0131, i\u015fkence izlerini h\u00e2l\u00e2 ta\u015f\u0131yor olmamd\u0131r. Sopal\u0131 i\u015fkencede sa\u011f aya\u011f\u0131m\u0131n ikinci parma\u011f\u0131 zarar g\u00f6rd\u00fc, k\u0131r\u0131lan t\u0131rna\u011f\u0131m bir daha \u00e7\u0131kmad\u0131. \u00c7orab\u0131m\u0131 \u00e7\u0131kard\u0131\u011f\u0131mda o g\u00fcnler akl\u0131ma geliyor. Manevi taraf\u0131 ise terbiyesi ve hayas\u0131 hi\u00e7e say\u0131lm\u0131\u015f, hakaretlerle ezilmi\u015f bir Muhsin Yaz\u0131c\u0131o\u011flu var. 7,5 y\u0131l Mamak\u2019ta kald\u0131ktan sonra hi\u00e7 ceza almadan serbest kald\u0131m ve toplamda dava 17 sene s\u00fcrd\u00fc. Kimse bize daha sonra bu olanlardan dolay\u0131 pardon demedi. Birisinin aya\u011f\u0131na bassan\u0131z pardon dersiniz, \u00f6z\u00fcr dilersiniz; bize b\u00fct\u00fcn bu yap\u0131lanlardan sonra \u2018Kusura bakmay\u0131n. Sizi haks\u0131z yere incittik.\u2019 bile denmedi.\u201d diye \u00f6zetlemi\u015fti Muhsin Yaz\u0131c\u0131o\u011flu 12 Eyl\u00fcl asker\u00ee darbesinden sonra ba\u015f\u0131ndan ge\u00e7enleri.T\u00fcrkiye siyasi tarihinin en d\u00fcr\u00fcst ve en sevilen simalar\u0131ndan birisiydi Muhsin Yaz\u0131c\u0131o\u011flu. B\u0131k\u0131p usanmadan yakla\u015f\u0131k k\u0131rk y\u0131ld\u0131r verdi\u011fi siyasi m\u00fccadeleyi, hayat\u0131n\u0131 kaybetti\u011fi helikopter kazas\u0131na kadar devam ettirmi\u015ftir.<\/p>\n","protected":false},"excerpt":{"rendered":"<p>\u201c\u0130\u015fkence tezg\u00e2hlar\u0131nda maddi ve manevi kay\u0131plar verdim. Maddi taraf\u0131, i\u015fkence izlerini h\u00e2l\u00e2 ta\u015f\u0131yor olmamd\u0131r. Sopal\u0131 i\u015fkencede sa\u011f aya\u011f\u0131m\u0131n ikinci parma\u011f\u0131 zarar g\u00f6rd\u00fc, k\u0131r\u0131lan t\u0131rna\u011f\u0131m bir daha<span class=\"excerpt-hellip\"> [\u2026]<\/span><\/p>\n","protected":false},"featured_media":0,"template":"","meta":{"_monsterinsights_skip_tracking":false,"_monsterinsights_sitenote_active":false,"_monsterinsights_sitenote_note":"","_monsterinsights_sitenote_category":0},"product_brand":[],"product_cat":[13590,12337],"product_tag":[],"class_list":{"0":"post-718321","1":"product","2":"type-product","3":"status-publish","5":"product_cat-arastirma-inceleme-politika-siyaset","6":"product_cat-politika-siyaset","7":"pa_cilt-ciltsiz","8":"pa_tur-kitap","9":"pa_yayinevi-yediveren-yayinlari","10":"pa_yazar-alperen-bayrak","12":"first","13":"instock","14":"sale","15":"shipping-taxable","16":"purchasable","17":"product-type-simple"},"_links":{"self":[{"href":"https:\/\/roveyayinevi.com.tr\/index.php\/wp-json\/wp\/v2\/product\/718321","targetHints":{"allow":["GET"]}}],"collection":[{"href":"https:\/\/roveyayinevi.com.tr\/index.php\/wp-json\/wp\/v2\/product"}],"about":[{"href":"https:\/\/roveyayinevi.com.tr\/index.php\/wp-json\/wp\/v2\/types\/product"}],"wp:attachment":[{"href":"https:\/\/roveyayinevi.com.tr\/index.php\/wp-json\/wp\/v2\/media?parent=718321"}],"wp:term":[{"taxonomy":"product_brand","embeddable":true,"href":"https:\/\/roveyayinevi.com.tr\/index.php\/wp-json\/wp\/v2\/product_brand?post=718321"},{"taxonomy":"product_cat","embeddable":true,"href":"https:\/\/roveyayinevi.com.tr\/index.php\/wp-json\/wp\/v2\/product_cat?post=718321"},{"taxonomy":"product_tag","embeddable":true,"href":"https:\/\/roveyayinevi.com.tr\/index.php\/wp-json\/wp\/v2\/product_tag?post=718321"}],"curies":[{"name":"wp","href":"https:\/\/api.w.org\/{rel}","templated":true}]}}