{"id":718318,"date":"2025-08-27T18:06:57","date_gmt":"2025-08-27T15:06:57","guid":{"rendered":"https:\/\/roveyayinevi.com.tr\/index.php\/urun\/samir-amin-anlatiyor\/"},"modified":"2026-04-16T02:26:23","modified_gmt":"2026-04-15T23:26:23","slug":"samir-amin-anlatiyor","status":"publish","type":"product","link":"https:\/\/roveyayinevi.com.tr\/index.php\/urun\/samir-amin-anlatiyor\/","title":{"rendered":"Samir Amin Anlat\u0131yor"},"content":{"rendered":"<p>Samir Amin\u2019i anlatan ve onun da kendisini anlatt\u0131\u011f\u0131 bu kitap, emperyalist-kapitalist sistemin yaratt\u0131\u011f\u0131 kutupla\u015fma ve s\u00f6m\u00fcr\u00fcn\u00fcn a\u011f\u0131r sonu\u00e7lar\u0131yla y\u00fczle\u015fen halklar\u0131n kurtulu\u015funa adanm\u0131\u015f bir ya\u015fam\u0131n izlerini s\u00fcr\u00fcyor.\u00dc\u00e7 ana b\u00f6l\u00fcmden olu\u015fan kitab\u0131n ilk b\u00f6l\u00fcm\u00fcnde Demba Moussa Demb\u00e9l\u00e9, Samir Amin\u2019in, ailesi, e\u011fitim hayat\u0131, Marksizmle tan\u0131\u015fmas\u0131, politik fikirlerinin olu\u015fumu, entelekt\u00fcel y\u00f6nelimleri, Marksist d\u00fc\u015f\u00fcnceye katk\u0131lar\u0131 ve kurdu\u011fu alternatif uluslararas\u0131 \u00f6rg\u00fctlenmeler hakk\u0131nda k\u0131saca bilgi veriyor.\u0130kinci b\u00f6l\u00fcm, Demb\u00e9l\u00e9\u2019nin Samir Amin\u2019le yapt\u0131\u011f\u0131 s\u00f6yle\u015filerden olu\u015fuyor. Amin bu uzun b\u00f6l\u00fcmde, sosyalizm, kalk\u0131nma, toplumsal hareketler, \u00e7evre-merkez ili\u015fkisi, tekelle\u015fme, kapitalizmin krizi, kutupla\u015fma ve azgeli\u015fmi\u015flik gibi \u00e7e\u015fitli konulardaki g\u00f6r\u00fc\u015flerini ve farkl\u0131 d\u00fc\u015f\u00fcn\u00fcrlerle\/fikir okullar\u0131yla yapt\u0131\u011f\u0131 tart\u0131\u015fmalar\u0131 samimiyetle anlat\u0131yor. Bir yandan da entelekt\u00fcel \u00fcretiminin hi\u00e7bir zaman eylemden ayr\u0131lmad\u0131\u011f\u0131n\u0131 g\u00f6rmemizi sa\u011fl\u0131yor.Son b\u00f6l\u00fcm, Amin\u2019in se\u00e7ilmi\u015f metinlerinden olu\u015fuyor. Bu metinler, \u201cKapitalizm neden Avrupa\u2019da ortaya \u00e7\u0131kt\u0131?\u201d, \u201cMarksizmin g\u00fcn\u00fcm\u00fczdeki misyonu nedir?\u201d, \u201cD\u00fcnyay\u0131 sarsacak ikinci \u2018G\u00fcney\u2019in uyan\u0131\u015f\u0131\u2019 ba\u015flad\u0131 m\u0131?\u201d, \u201cKapitalizmin krizinden \u00e7\u0131kmak m\u00fcmk\u00fcn m\u00fc?\u201d, \u201cAvrupa d\u0131\u015f\u0131 toplumlar\u0131n geri kalm\u0131\u015fl\u0131\u011f\u0131n\u0131n sebepleri nelerdir?\u201d gibi \u00f6nemli sorulara yan\u0131tlar ar\u0131yor.Samir Amin\u2019in \u00e7al\u0131\u015fmalar\u0131na dair geni\u015f bir kaynak\u00e7a da i\u00e7eren bu \u00e7al\u0131\u015fma, d\u00fc\u015f\u00fcn\u00fcr\u00fcn entelekt\u00fcel d\u00fcnyas\u0131na ilk ad\u0131m\u0131 atmak ve onu daha yak\u0131ndan tan\u0131mak isteyenler i\u00e7in vazge\u00e7ilmez bir kaynak.<\/p>\n","protected":false},"excerpt":{"rendered":"<p>Samir Amin\u2019i anlatan ve onun da kendisini anlatt\u0131\u011f\u0131 bu kitap, emperyalist-kapitalist sistemin yaratt\u0131\u011f\u0131 kutupla\u015fma ve s\u00f6m\u00fcr\u00fcn\u00fcn a\u011f\u0131r sonu\u00e7lar\u0131yla y\u00fczle\u015fen halklar\u0131n kurtulu\u015funa adanm\u0131\u015f bir ya\u015fam\u0131n izlerini s\u00fcr\u00fcyor.\u00dc\u00e7<span class=\"excerpt-hellip\"> [\u2026]<\/span><\/p>\n","protected":false},"featured_media":0,"template":"","meta":{"_monsterinsights_skip_tracking":false,"_monsterinsights_sitenote_active":false,"_monsterinsights_sitenote_note":"","_monsterinsights_sitenote_category":0},"product_brand":[],"product_cat":[13590,12337],"product_tag":[],"class_list":{"0":"post-718318","1":"product","2":"type-product","3":"status-publish","5":"product_cat-arastirma-inceleme-politika-siyaset","6":"product_cat-politika-siyaset","7":"pa_cilt-ciltsiz","8":"pa_tur-kitap","9":"pa_yayinevi-yordam-kitap","10":"pa_yazar-demba-moussa-dembele","12":"first","13":"instock","14":"sale","15":"shipping-taxable","16":"purchasable","17":"product-type-simple"},"_links":{"self":[{"href":"https:\/\/roveyayinevi.com.tr\/index.php\/wp-json\/wp\/v2\/product\/718318","targetHints":{"allow":["GET"]}}],"collection":[{"href":"https:\/\/roveyayinevi.com.tr\/index.php\/wp-json\/wp\/v2\/product"}],"about":[{"href":"https:\/\/roveyayinevi.com.tr\/index.php\/wp-json\/wp\/v2\/types\/product"}],"wp:attachment":[{"href":"https:\/\/roveyayinevi.com.tr\/index.php\/wp-json\/wp\/v2\/media?parent=718318"}],"wp:term":[{"taxonomy":"product_brand","embeddable":true,"href":"https:\/\/roveyayinevi.com.tr\/index.php\/wp-json\/wp\/v2\/product_brand?post=718318"},{"taxonomy":"product_cat","embeddable":true,"href":"https:\/\/roveyayinevi.com.tr\/index.php\/wp-json\/wp\/v2\/product_cat?post=718318"},{"taxonomy":"product_tag","embeddable":true,"href":"https:\/\/roveyayinevi.com.tr\/index.php\/wp-json\/wp\/v2\/product_tag?post=718318"}],"curies":[{"name":"wp","href":"https:\/\/api.w.org\/{rel}","templated":true}]}}