{"id":718316,"date":"2025-08-27T18:06:55","date_gmt":"2025-08-27T15:06:55","guid":{"rendered":"https:\/\/roveyayinevi.com.tr\/index.php\/urun\/secme-oykuler-4-uzun-hikayeler\/"},"modified":"2026-04-16T02:26:23","modified_gmt":"2026-04-15T23:26:23","slug":"secme-oykuler-4-uzun-hikayeler","status":"publish","type":"product","link":"https:\/\/roveyayinevi.com.tr\/index.php\/urun\/secme-oykuler-4-uzun-hikayeler\/","title":{"rendered":"Se\u00e7me \u00d6yk\u00fcler 4 &#8211; Uzun Hikayeler"},"content":{"rendered":"<p>Geleneksel Rus yaz\u0131n\u0131n\u0131n y\u00fczlerce sayfal\u0131k anlat\u0131lar\u0131na bir ba\u015fkald\u0131r\u0131 niteli\u011finde de de\u011ferlendirilebilecek olan k\u0131sa \u00f6yk\u00fc t\u00fcr\u00fcn\u00fcn babas\u0131 Anton \u00c7ehov, bu kez Uzun Hik\u00e2yeler\u2019iyle \u00e7\u0131k\u0131yor kar\u015f\u0131m\u0131za.Her biri birer novella olarak da ele al\u0131nabilecek bu hik\u00e2yeleriyle \u00c7ehov, kendi yaz\u0131nsal s\u0131n\u0131rlar\u0131n\u0131n d\u0131\u015f\u0131na \u00e7\u0131karak, edeb\u00ee dehas\u0131n\u0131n s\u0131n\u0131rs\u0131zl\u0131\u011f\u0131n\u0131 g\u00f6steriyor.Yordam Edebiyat, \u00c7ehov\u2019un \u201ckal\u0131n dergiler\u201dde yay\u0131mlanan ilk \u00f6yk\u00fcs\u00fc \u201cStep\u201d, Rus k\u00fclt\u00fcr\u00fcn\u00fcn en hayati konular\u0131ndan d\u00fcelloyu tart\u0131\u015ft\u0131\u011f\u0131 \u201cD\u00fcello\u201d, en otobiyografik \u00f6yk\u00fcs\u00fc say\u0131labilecek \u201c\u00dc\u00e7 Y\u0131l\u201d ve Tolstoy ekol\u00fcne bir ele\u015ftiri niteli\u011findeki \u201cHayat\u0131m\u201ddan olu\u015fan bu \u00f6zel se\u00e7kiyi Nuri Y\u0131ld\u0131r\u0131m\u2019\u0131n T\u00fcrk\u00e7esiyle sunuyor.\u00c7ehov\u2019u uzun uzun okuyup, doya doya sevmek i\u00e7in\u2026<\/p>\n","protected":false},"excerpt":{"rendered":"<p>Geleneksel Rus yaz\u0131n\u0131n\u0131n y\u00fczlerce sayfal\u0131k anlat\u0131lar\u0131na bir ba\u015fkald\u0131r\u0131 niteli\u011finde de de\u011ferlendirilebilecek olan k\u0131sa \u00f6yk\u00fc t\u00fcr\u00fcn\u00fcn babas\u0131 Anton \u00c7ehov, bu kez Uzun Hik\u00e2yeler\u2019iyle \u00e7\u0131k\u0131yor kar\u015f\u0131m\u0131za.Her biri birer<span class=\"excerpt-hellip\"> [\u2026]<\/span><\/p>\n","protected":false},"featured_media":0,"template":"","meta":{"_monsterinsights_skip_tracking":false,"_monsterinsights_sitenote_active":false,"_monsterinsights_sitenote_note":"","_monsterinsights_sitenote_category":0},"product_brand":[],"product_cat":[12291,13570],"product_tag":[],"class_list":{"0":"post-718316","1":"product","2":"type-product","3":"status-publish","5":"product_cat-edebiyat","6":"product_cat-rus-edebiyati","7":"pa_cilt-ciltsiz","8":"pa_tur-kitap","9":"pa_yayinevi-yordam-kitap","10":"pa_yazar-anton-cehov","12":"first","13":"instock","14":"sale","15":"shipping-taxable","16":"purchasable","17":"product-type-simple"},"_links":{"self":[{"href":"https:\/\/roveyayinevi.com.tr\/index.php\/wp-json\/wp\/v2\/product\/718316","targetHints":{"allow":["GET"]}}],"collection":[{"href":"https:\/\/roveyayinevi.com.tr\/index.php\/wp-json\/wp\/v2\/product"}],"about":[{"href":"https:\/\/roveyayinevi.com.tr\/index.php\/wp-json\/wp\/v2\/types\/product"}],"wp:attachment":[{"href":"https:\/\/roveyayinevi.com.tr\/index.php\/wp-json\/wp\/v2\/media?parent=718316"}],"wp:term":[{"taxonomy":"product_brand","embeddable":true,"href":"https:\/\/roveyayinevi.com.tr\/index.php\/wp-json\/wp\/v2\/product_brand?post=718316"},{"taxonomy":"product_cat","embeddable":true,"href":"https:\/\/roveyayinevi.com.tr\/index.php\/wp-json\/wp\/v2\/product_cat?post=718316"},{"taxonomy":"product_tag","embeddable":true,"href":"https:\/\/roveyayinevi.com.tr\/index.php\/wp-json\/wp\/v2\/product_tag?post=718316"}],"curies":[{"name":"wp","href":"https:\/\/api.w.org\/{rel}","templated":true}]}}