{"id":718315,"date":"2025-08-27T18:06:54","date_gmt":"2025-08-27T15:06:54","guid":{"rendered":"https:\/\/roveyayinevi.com.tr\/index.php\/urun\/secme-oykuler-3-kisa-hikayeler\/"},"modified":"2026-04-16T02:26:23","modified_gmt":"2026-04-15T23:26:23","slug":"secme-oykuler-3-kisa-hikayeler","status":"publish","type":"product","link":"https:\/\/roveyayinevi.com.tr\/index.php\/urun\/secme-oykuler-3-kisa-hikayeler\/","title":{"rendered":"Se\u00e7me \u00d6yk\u00fcler 3 &#8211; K\u0131sa Hikayeler"},"content":{"rendered":"<p>\u00c7ehov \u00f6yk\u00fcc\u00fcl\u00fc\u011f\u00fcn\u00fcn en iyi \u00f6rneklerinden \u201cBekta\u015fi\u00fcz\u00fcm\u00fc\u201d, \u201cS\u0131k\u0131c\u0131 Bir Hik\u00e2ye\u201d, \u201c\u00d6\u011frenci\u201d, \u201cCinayet\u201d, \u201cMujikler\u201d, \u201cNoel Haftas\u0131nda\u201d, \u201cPiskopos\u201d gibi hik\u00e2yelerin yer ald\u0131\u011f\u0131 bu \u00f6zel se\u00e7ki, \u00c7ehov\u2019la yeni tan\u0131\u015facak okurlar i\u00e7in iyi bir ba\u015flang\u0131\u00e7 noktas\u0131 olman\u0131n yan\u0131 s\u0131ra \u00c7ehovseverler i\u00e7in de doyurucu bir okuma vaat ediyor.Anton \u00c7ehov\u2019un piskopostan muji\u011fe, \u00f6\u011fretmenden \u00e7avu\u015fa, ni\u015fanl\u0131 bir k\u0131zdan bir t\u00fcccara, ke\u015fi\u015fe, \u00f6\u011frenciye hatta k\u00f6pe\u011fe uzanan karakter \u00e7e\u015fitlili\u011fini, Tolstoy\u2019a bile \u201cPu\u015fkinvari\u201d gelecek bir dil zenginli\u011fi ile aktar\u0131\u015f\u0131na tan\u0131k olmak i\u00e7in\u2026\u00c7ehov\u2019un \u00f6yk\u00fclerini okumak, Rusya\u2019n\u0131n ge\u00e7mi\u015finde ba\u015f d\u00f6nd\u00fcr\u00fcc\u00fc bir gezi yapmakt\u0131r, her \u015feyi g\u00f6steren ama hi\u00e7bir yorumda bulunmayan so\u011fuk ve uyan\u0131k bir rehberle.Henri TroyatSanki b\u00fct\u00fcn d\u00fcnya gizlenmi\u015f, bana bakarak benim onu anlamam\u0131 bekliyor. Anton \u00c7ehov<\/p>\n","protected":false},"excerpt":{"rendered":"<p>\u00c7ehov \u00f6yk\u00fcc\u00fcl\u00fc\u011f\u00fcn\u00fcn en iyi \u00f6rneklerinden \u201cBekta\u015fi\u00fcz\u00fcm\u00fc\u201d, \u201cS\u0131k\u0131c\u0131 Bir Hik\u00e2ye\u201d, \u201c\u00d6\u011frenci\u201d, \u201cCinayet\u201d, \u201cMujikler\u201d, \u201cNoel Haftas\u0131nda\u201d, \u201cPiskopos\u201d gibi hik\u00e2yelerin yer ald\u0131\u011f\u0131 bu \u00f6zel se\u00e7ki, \u00c7ehov\u2019la yeni tan\u0131\u015facak okurlar<span class=\"excerpt-hellip\"> [\u2026]<\/span><\/p>\n","protected":false},"featured_media":0,"template":"","meta":{"_monsterinsights_skip_tracking":false,"_monsterinsights_sitenote_active":false,"_monsterinsights_sitenote_note":"","_monsterinsights_sitenote_category":0},"product_brand":[],"product_cat":[12291,13570],"product_tag":[],"class_list":{"0":"post-718315","1":"product","2":"type-product","3":"status-publish","5":"product_cat-edebiyat","6":"product_cat-rus-edebiyati","7":"pa_cilt-ciltsiz","8":"pa_tur-kitap","9":"pa_yayinevi-yordam-kitap","10":"pa_yazar-anton-cehov","12":"first","13":"instock","14":"sale","15":"shipping-taxable","16":"purchasable","17":"product-type-simple"},"_links":{"self":[{"href":"https:\/\/roveyayinevi.com.tr\/index.php\/wp-json\/wp\/v2\/product\/718315","targetHints":{"allow":["GET"]}}],"collection":[{"href":"https:\/\/roveyayinevi.com.tr\/index.php\/wp-json\/wp\/v2\/product"}],"about":[{"href":"https:\/\/roveyayinevi.com.tr\/index.php\/wp-json\/wp\/v2\/types\/product"}],"wp:attachment":[{"href":"https:\/\/roveyayinevi.com.tr\/index.php\/wp-json\/wp\/v2\/media?parent=718315"}],"wp:term":[{"taxonomy":"product_brand","embeddable":true,"href":"https:\/\/roveyayinevi.com.tr\/index.php\/wp-json\/wp\/v2\/product_brand?post=718315"},{"taxonomy":"product_cat","embeddable":true,"href":"https:\/\/roveyayinevi.com.tr\/index.php\/wp-json\/wp\/v2\/product_cat?post=718315"},{"taxonomy":"product_tag","embeddable":true,"href":"https:\/\/roveyayinevi.com.tr\/index.php\/wp-json\/wp\/v2\/product_tag?post=718315"}],"curies":[{"name":"wp","href":"https:\/\/api.w.org\/{rel}","templated":true}]}}