{"id":718313,"date":"2025-08-27T18:06:53","date_gmt":"2025-08-27T15:06:53","guid":{"rendered":"https:\/\/roveyayinevi.com.tr\/index.php\/urun\/stresli-bir-dunyada-mutlu-cocuk-yetistirmek\/"},"modified":"2026-04-16T02:26:23","modified_gmt":"2026-04-15T23:26:23","slug":"stresli-bir-dunyada-mutlu-cocuk-yetistirmek","status":"publish","type":"product","link":"https:\/\/roveyayinevi.com.tr\/index.php\/urun\/stresli-bir-dunyada-mutlu-cocuk-yetistirmek\/","title":{"rendered":"Stresli Bir D\u00fcnyada Mutlu \u00c7ocuk Yeti\u015ftirmek"},"content":{"rendered":"<p>Sorular \u00e7ocuklardan \u00f6nce do\u011far, onlardan daha h\u0131zl\u0131 b\u00fcy\u00fcrler.Do\u011fmadan \u00f6nce: \u201cBu d\u00fcnyaya \u00e7ocuk getirilir mi?\u201dDo\u011fduktan sonra, \u201c \u0130yi bir anne\/baba olabilecek miyim?\u201dB\u00fcy\u00fcy\u00fcnce: \u201cBen nerede yanl\u0131\u015f yapt\u0131m?\u201dAnne babal\u0131k istifa edilemeyen bir g\u00f6rev; iyi yapmak yetmiyor, her g\u00fcn daha iyi yapmak gerekiyor! Neyse ki, \u00e7ocu\u011funuz d\u00fcnyadaki ilk \u00e7ocuk de\u011fil ve son \u00e7ocuk da olmayacak. Bilim d\u00fcnyas\u0131 h\u0131zla kritik sorunlara uygulanabilir \u00e7\u00f6z\u00fcmler \u00fcretiyor.Mutlu bir \u00e7ocukluk herkesin hakk\u0131 ve iste\u011fi. B\u00fcy\u00fck soru \u015fu? Peki, ama nas\u0131l?T\u00fcrkiye \u00e7ap\u0131nda etkinlik uygulamalar\u0131yla tan\u0131nan Ahmet Y\u0131ld\u0131z bu kitab\u0131nda iki b\u00fcy\u00fck sorunun pe\u015finde:\u201c\u00c7ocu\u011fuma mutlu bir \u00e7ocukluk ya\u015fatabilecek miyim?\u201d\u201c\u00c7ocu\u011fuma mutlu, ba\u015far\u0131l\u0131 ve g\u00fcvenli bir gelecek in\u015fa edebilecek miyim?\u201dMutlu \u00e7ocuklar \u00fczerine odaklanmak \u00e7ok \u00f6nemli, \u00e7\u00fcnk\u00fc \u00e7ocuklar h\u0131zla mutsuzla\u015f\u0131yor. Ara\u015ft\u0131rmalara g\u00f6re, \u00e7ocuklar\u0131n \u00fc\u00e7te biri mutsuz.\u0130radeleri, istekleri ve dikkatleri g\u00f6r\u00fclmedik derecede k\u0131r\u0131lgan, zay\u0131f ve da\u011f\u0131n\u0131k.G\u00fczel haber \u015fu ki, mutlu \u00e7ocuk olmak \u00f6\u011frenilebiliyor.<\/p>\n","protected":false},"excerpt":{"rendered":"<p>Sorular \u00e7ocuklardan \u00f6nce do\u011far, onlardan daha h\u0131zl\u0131 b\u00fcy\u00fcrler.Do\u011fmadan \u00f6nce: \u201cBu d\u00fcnyaya \u00e7ocuk getirilir mi?\u201dDo\u011fduktan sonra, \u201c \u0130yi bir anne\/baba olabilecek miyim?\u201dB\u00fcy\u00fcy\u00fcnce: \u201cBen nerede yanl\u0131\u015f yapt\u0131m?\u201dAnne babal\u0131k<span class=\"excerpt-hellip\"> [\u2026]<\/span><\/p>\n","protected":false},"featured_media":0,"template":"","meta":{"_monsterinsights_skip_tracking":false,"_monsterinsights_sitenote_active":false,"_monsterinsights_sitenote_note":"","_monsterinsights_sitenote_category":0},"product_brand":[],"product_cat":[12831,12324],"product_tag":[],"class_list":{"0":"post-718313","1":"product","2":"type-product","3":"status-publish","5":"product_cat-aile-ve-cocuk","6":"product_cat-sosyoloji","7":"pa_cilt-ciltsiz","8":"pa_tur-kitap","9":"pa_yayinevi-alfa-yayinlari","10":"pa_yazar-ahmet-yildiz","12":"first","13":"instock","14":"sale","15":"shipping-taxable","16":"purchasable","17":"product-type-simple"},"_links":{"self":[{"href":"https:\/\/roveyayinevi.com.tr\/index.php\/wp-json\/wp\/v2\/product\/718313","targetHints":{"allow":["GET"]}}],"collection":[{"href":"https:\/\/roveyayinevi.com.tr\/index.php\/wp-json\/wp\/v2\/product"}],"about":[{"href":"https:\/\/roveyayinevi.com.tr\/index.php\/wp-json\/wp\/v2\/types\/product"}],"wp:attachment":[{"href":"https:\/\/roveyayinevi.com.tr\/index.php\/wp-json\/wp\/v2\/media?parent=718313"}],"wp:term":[{"taxonomy":"product_brand","embeddable":true,"href":"https:\/\/roveyayinevi.com.tr\/index.php\/wp-json\/wp\/v2\/product_brand?post=718313"},{"taxonomy":"product_cat","embeddable":true,"href":"https:\/\/roveyayinevi.com.tr\/index.php\/wp-json\/wp\/v2\/product_cat?post=718313"},{"taxonomy":"product_tag","embeddable":true,"href":"https:\/\/roveyayinevi.com.tr\/index.php\/wp-json\/wp\/v2\/product_tag?post=718313"}],"curies":[{"name":"wp","href":"https:\/\/api.w.org\/{rel}","templated":true}]}}