{"id":718311,"date":"2025-08-27T18:06:52","date_gmt":"2025-08-27T15:06:52","guid":{"rendered":"https:\/\/roveyayinevi.com.tr\/index.php\/urun\/insan-ne-ile-yasar-15\/"},"modified":"2026-02-03T02:40:32","modified_gmt":"2026-02-02T23:40:32","slug":"insan-ne-ile-yasar-15","status":"publish","type":"product","link":"https:\/\/roveyayinevi.com.tr\/index.php\/urun\/insan-ne-ile-yasar-15\/","title":{"rendered":"\u0130nsan Ne ile Ya\u015far"},"content":{"rendered":"<p>\u201c\u00d6nceleri Tanr\u0131\u2019n\u0131n insanlara sadece ya\u015famalar\u0131 i\u00e7in can verdi\u011fini san\u0131yordum, art\u0131k bundan daha fazlas\u0131n\u0131 biliyorum. Anlad\u0131m ki o, insanlar\u0131n birbirlerinden ayr\u0131 ya\u015famas\u0131n\u0131 istemiyor, bu y\u00fczden de onlara her birinin tek tek neye ihtiyac\u0131 oldu\u011funu a\u015fik\u00e2r etmiyor. Bir arada ya\u015famalar\u0131n\u0131 istedi\u011finden hepsine kendilerinin ve di\u011ferlerinin neye ihtiyac\u0131 oldu\u011funu g\u00f6steriyor.\u201d Zengin ve soylu bir aileden gelen Lev Nikolayevi\u00e7 Tolstoy\u2019un hayat\u0131 hakikati aramakla ge\u00e7ti. Ya\u015fad\u0131\u011f\u0131 zenginlik dolu hayat\u0131 reddederek yoksul s\u0131n\u0131f\u0131n aras\u0131na kar\u0131\u015fan Tolstoy, iyilik-k\u00f6t\u00fcl\u00fck, \u00f6l\u00fcm-ya\u015fam, a\u00e7g\u00f6zl\u00fcl\u00fck-tokg\u00f6zl\u00fcl\u00fck gibi kavramlara erdemli yan\u0131tlar arad\u0131, insan\u0131 sorgulad\u0131. James Joyce kitaba ismini veren \u201c\u0130nsan Ne ile Ya\u015far?\u201d adl\u0131 \u00f6yk\u00fcs\u00fc i\u00e7in \u201cEdebiyat tarihinin en \u00f6nemli \u00f6yk\u00fcs\u00fc\u201d der. Onu bu denli b\u00fcy\u00fck yapan \u015fey \u015f\u00fcphesiz insanl\u0131\u011fa b\u0131rakt\u0131\u011f\u0131 bir vasiyet olmas\u0131d\u0131r. Tolstoy, k\u0131sa \u00f6yk\u00fclerden olu\u015fan bu son d\u00f6nem eserinde, insan\u0131n i\u00e7inde neyin oldu\u011funun, insana neyin verilmedi\u011finin ve insan\u0131n ne ile ya\u015fad\u0131\u011f\u0131n\u0131n cevaplar\u0131n\u0131 sunuyor. B\u00fcy\u00fck romanc\u0131 ayn\u0131 zamanda \u00f6yk\u00fc yazma konusundaki becerisini de g\u00f6zler \u00f6n\u00fcne seriyor. <\/p>\n","protected":false},"excerpt":{"rendered":"<p>\u201c\u00d6nceleri Tanr\u0131\u2019n\u0131n insanlara sadece ya\u015famalar\u0131 i\u00e7in can verdi\u011fini san\u0131yordum, art\u0131k bundan daha fazlas\u0131n\u0131 biliyorum. Anlad\u0131m ki o, insanlar\u0131n birbirlerinden ayr\u0131 ya\u015famas\u0131n\u0131 istemiyor, bu y\u00fczden de onlara<span class=\"excerpt-hellip\"> [\u2026]<\/span><\/p>\n","protected":false},"featured_media":0,"template":"","meta":{"_monsterinsights_skip_tracking":false,"_monsterinsights_sitenote_active":false,"_monsterinsights_sitenote_note":"","_monsterinsights_sitenote_category":0},"product_brand":[],"product_cat":[12291,12711],"product_tag":[],"class_list":{"0":"post-718311","1":"product","2":"type-product","3":"status-publish","5":"product_cat-edebiyat","6":"product_cat-roman-oyku","7":"pa_cilt-ciltsiz","8":"pa_tur-kitap","9":"pa_yayinevi-destek-yayinlari","10":"pa_yazar-lev-nikolayevic-tolstoy","12":"first","13":"instock","14":"sale","15":"shipping-taxable","16":"purchasable","17":"product-type-simple"},"_links":{"self":[{"href":"https:\/\/roveyayinevi.com.tr\/index.php\/wp-json\/wp\/v2\/product\/718311","targetHints":{"allow":["GET"]}}],"collection":[{"href":"https:\/\/roveyayinevi.com.tr\/index.php\/wp-json\/wp\/v2\/product"}],"about":[{"href":"https:\/\/roveyayinevi.com.tr\/index.php\/wp-json\/wp\/v2\/types\/product"}],"wp:attachment":[{"href":"https:\/\/roveyayinevi.com.tr\/index.php\/wp-json\/wp\/v2\/media?parent=718311"}],"wp:term":[{"taxonomy":"product_brand","embeddable":true,"href":"https:\/\/roveyayinevi.com.tr\/index.php\/wp-json\/wp\/v2\/product_brand?post=718311"},{"taxonomy":"product_cat","embeddable":true,"href":"https:\/\/roveyayinevi.com.tr\/index.php\/wp-json\/wp\/v2\/product_cat?post=718311"},{"taxonomy":"product_tag","embeddable":true,"href":"https:\/\/roveyayinevi.com.tr\/index.php\/wp-json\/wp\/v2\/product_tag?post=718311"}],"curies":[{"name":"wp","href":"https:\/\/api.w.org\/{rel}","templated":true}]}}