{"id":718308,"date":"2025-08-27T18:06:50","date_gmt":"2025-08-27T15:06:50","guid":{"rendered":"https:\/\/roveyayinevi.com.tr\/index.php\/urun\/bu-yasadiklarim-cocukluk-hayallerim-degildi\/"},"modified":"2026-04-16T02:26:23","modified_gmt":"2026-04-15T23:26:23","slug":"bu-yasadiklarim-cocukluk-hayallerim-degildi","status":"publish","type":"product","link":"https:\/\/roveyayinevi.com.tr\/index.php\/urun\/bu-yasadiklarim-cocukluk-hayallerim-degildi\/","title":{"rendered":"Bu Ya\u015fad\u0131klar\u0131m \u00c7ocukluk Hayallerim De\u011fildi&#8230;"},"content":{"rendered":"<p>\u00dclkemizde, Politikac\u0131&#8217;n\u0131n ve dizinin dibindeki b\u00fcrokrat\u0131n, birbak\u0131ma son k\u0131rk y\u0131ll\u0131k inan\u0131lmaz ser\u00fcvenini sergiliyor bu ya\u015fanm\u0131\u015f an\u0131lar, g\u00f6zlemler&#8230;Teoman Yazgan bu kitab\u0131nda, siyasal iktidarlar\u0131n ve hatta daha rahat hareket edebilece\u011fi varsay\u0131lan askeri y\u00f6netimlerin bile, i\u015fin ger\u00e7ekten ehline verilmesini sa\u011flayacak kadro kurma olay\u0131nda, gerekti\u011fi kadar ba\u015far\u0131l\u0131 olamad\u0131klar\u0131, genellikle subjektif \u00f6l\u00e7\u00fcleri \u00f6n plana \u00e7\u0131kard\u0131klar\u0131 i\u00e7in, belli bir s\u00fcre sonra nas\u0131l \u00e7\u0131kmaza girdiklerini, ya\u015fanm\u0131\u015f \u00f6rnekleriyle dile getiriyor. Ba\u015fka bir anlat\u0131mla, iktidarlar\u0131n kurduklar\u0131n\u0131 sand\u0131klar\u0131, ama asl\u0131nda pek kuramad\u0131klar\u0131 b\u00fcrokratik kadrolar nedeniyle kar\u015f\u0131la\u015ft\u0131klar\u0131 ibret verici ve hatta biraz komik say\u0131labilecek sonu\u00e7lar\u0131, bir roman \u00fcslubuyla g\u00f6zler \u00f6n\u00fcne seriyor. Bu olaylardan, gelecek ku\u015faklar\u0131n ve \u00fclkeyi y\u00f6netmeye talip olan politikac\u0131lar\u0131n \u00f6nemli dersler \u00e7\u0131karaca\u011f\u0131n\u0131 d\u00fc\u015f\u00fcn\u00fcyor.M\u00fclkiyeli, Ziraat Bankal\u0131 ve biraz da spor y\u00f6neticisi, \u00f6te yandan devlet hizmetine kaymakaml\u0131ktan ba\u015flayan deneyimli bir b\u00fcrokrat\u0131n an\u0131lar\u0131, g\u00f6zlemleri, \u00e7\u00f6z\u00fcm \u00f6nerileri&#8230; \u00dclkemizin ekonomik, sosyal ve politik yap\u0131s\u0131n\u0131n b\u00fct\u00fcn \u00f6zelliklerini yans\u0131tan, d\u00fc\u015f\u00fcnd\u00fcren ve zaman zaman da g\u00fcld\u00fcren ilgin\u00e7 olaylar dizisi&#8230;Yazgan kitab\u0131n\u0131n \u00f6ns\u00f6z\u00fcnde, Anatole France&#8217;\u0131n &#8221;Dostumun Kitab\u0131&#8221; adl\u0131 eserinde, &#8221;An\u0131lar\u0131n birer nimet oldu\u011funu&#8221; s\u00f6yledi\u011fini belirtiyor. Bu nimetten ya\u015fayan ve bizden sonraki ku\u015faklar\u0131n alabildi\u011fince yararlanmas\u0131n\u0131 diliyor.<\/p>\n","protected":false},"excerpt":{"rendered":"<p>\u00dclkemizde, Politikac\u0131&#8217;n\u0131n ve dizinin dibindeki b\u00fcrokrat\u0131n, birbak\u0131ma son k\u0131rk y\u0131ll\u0131k inan\u0131lmaz ser\u00fcvenini sergiliyor bu ya\u015fanm\u0131\u015f an\u0131lar, g\u00f6zlemler&#8230;Teoman Yazgan bu kitab\u0131nda, siyasal iktidarlar\u0131n ve hatta daha rahat<span class=\"excerpt-hellip\"> [\u2026]<\/span><\/p>\n","protected":false},"featured_media":0,"template":"","meta":{"_monsterinsights_skip_tracking":false,"_monsterinsights_sitenote_active":false,"_monsterinsights_sitenote_note":"","_monsterinsights_sitenote_category":0},"product_brand":[],"product_cat":[12337,14543],"product_tag":[],"class_list":{"0":"post-718308","1":"product","2":"type-product","3":"status-publish","5":"product_cat-politika-siyaset","6":"product_cat-turkiye-siyaseti-ve-politikasi","7":"pa_cilt-ciltsiz","8":"pa_tur-kitap","9":"pa_yayinevi-yazarin-kendi-yayini-teoman-yazgan","10":"pa_yazar-teoman-yazgan","12":"first","13":"instock","14":"sale","15":"shipping-taxable","16":"purchasable","17":"product-type-simple"},"_links":{"self":[{"href":"https:\/\/roveyayinevi.com.tr\/index.php\/wp-json\/wp\/v2\/product\/718308","targetHints":{"allow":["GET"]}}],"collection":[{"href":"https:\/\/roveyayinevi.com.tr\/index.php\/wp-json\/wp\/v2\/product"}],"about":[{"href":"https:\/\/roveyayinevi.com.tr\/index.php\/wp-json\/wp\/v2\/types\/product"}],"wp:attachment":[{"href":"https:\/\/roveyayinevi.com.tr\/index.php\/wp-json\/wp\/v2\/media?parent=718308"}],"wp:term":[{"taxonomy":"product_brand","embeddable":true,"href":"https:\/\/roveyayinevi.com.tr\/index.php\/wp-json\/wp\/v2\/product_brand?post=718308"},{"taxonomy":"product_cat","embeddable":true,"href":"https:\/\/roveyayinevi.com.tr\/index.php\/wp-json\/wp\/v2\/product_cat?post=718308"},{"taxonomy":"product_tag","embeddable":true,"href":"https:\/\/roveyayinevi.com.tr\/index.php\/wp-json\/wp\/v2\/product_tag?post=718308"}],"curies":[{"name":"wp","href":"https:\/\/api.w.org\/{rel}","templated":true}]}}