{"id":718307,"date":"2025-08-27T18:06:49","date_gmt":"2025-08-27T15:06:49","guid":{"rendered":"https:\/\/roveyayinevi.com.tr\/index.php\/urun\/oyunda-buyumek\/"},"modified":"2025-11-21T05:20:24","modified_gmt":"2025-11-21T02:20:24","slug":"oyunda-buyumek","status":"publish","type":"product","link":"https:\/\/roveyayinevi.com.tr\/index.php\/urun\/oyunda-buyumek\/","title":{"rendered":"Oyunda B\u00fcy\u00fcmek"},"content":{"rendered":"<p>Geli\u015fim psikolojisi ve e\u011fitim alan\u0131n\u0131n ileri gelen isimlerinden Artin G\u00f6nc\u00fc\u2019n\u00fcn yaz\u0131lar\u0131 T\u00fcrk\u00e7ede ilk defa kitapla\u015ft\u0131r\u0131l\u0131yor. \u00c7ocuk geli\u015fimi, e\u011fitim psikolojisi, erken \u00e7ocukluk e\u011fitimi, \u00e7ocuk ve yeti\u015fkinlerin hayat\u0131nda ve geli\u015fiminde oyunun rol\u00fc gibi konularda \u00e7\u0131\u011f\u0131r a\u00e7\u0131c\u0131 ara\u015ft\u0131rmalar y\u00fcr\u00fctm\u00fc\u015f G\u00f6nc\u00fc, bu kitab\u0131yla oyun ve \u00e7ocuk geli\u015fimine sosyok\u00fclt\u00fcrel bir a\u00e7\u0131dan yakla\u015f\u0131yor. Kitap \u00fc\u00e7 k\u0131s\u0131mdan olu\u015fuyor. Birinci k\u0131s\u0131mda konuya genel bir bak\u0131\u015ftan sonra sosyok\u00fclt\u00fcrel yakla\u015f\u0131m\u0131n ana hatlar\u0131 ele al\u0131n\u0131yor. \u0130kinci k\u0131s\u0131mda \u00e7o\u011funlu\u011fu \u00e7ocuk oyunlar\u0131n\u0131 konu edinen ama oyunun insan\u0131n hayat\u0131 boyunca \u00f6nemli oldu\u011funu tart\u0131\u015fan makale ve kitap b\u00f6l\u00fcmleri yer al\u0131yor. Son k\u0131s\u0131mdaysa erken e\u011fitime ve \u00e7ocuk yeti\u015ftirmeye sosyok\u00fclt\u00fcrel a\u00e7\u0131dan yakla\u015fan \u00e7al\u0131\u015fmalar bulunuyor. S\u0131n\u0131flarda ve d\u00fcnyan\u0131n farkl\u0131 k\u00f6\u015felerinden topluluklarda ger\u00e7ekle\u015ftirilmi\u015f ampirik \u00e7al\u0131\u015fmalarla Piaget ve Vygotsky\u2019den yola \u00e7\u0131kan teorik \u00e7al\u0131\u015fmalar\u0131 derin bir deneyim ve g\u00f6zlem birikimiyle dengeleyen Oyunda B\u00fcy\u00fcmek, T\u00fcrk\u00e7e e\u011fitim ve \u00e7ocuk geli\u015fimi literat\u00fcr\u00fcne bir temel eser kazand\u0131r\u0131yor. Artin G\u00f6nc\u00fc, Illinois \u00dcniversitesi \u2013 Chicago\u2019da Emeritus Profes\u00f6r. Jean Piaget Society ve Ankara \u00dcniversitesi \u00c7ocuk K\u00fclt\u00fcr\u00fc Ara\u015ft\u0131rma ve Uygulama Merkezi\u2019nin y\u00f6netim kurullar\u0131nda \u00fcyelik yapt\u0131. \u00c7ocuk geli\u015fimi ve e\u011fitim alanlar\u0131n\u0131n en se\u00e7kin dergilerinden baz\u0131lar\u0131nda edit\u00f6r ve yay\u0131n kurulu \u00fcyesidir. <\/p>\n","protected":false},"excerpt":{"rendered":"<p>Geli\u015fim psikolojisi ve e\u011fitim alan\u0131n\u0131n ileri gelen isimlerinden Artin G\u00f6nc\u00fc\u2019n\u00fcn yaz\u0131lar\u0131 T\u00fcrk\u00e7ede ilk defa kitapla\u015ft\u0131r\u0131l\u0131yor. \u00c7ocuk geli\u015fimi, e\u011fitim psikolojisi, erken \u00e7ocukluk e\u011fitimi, \u00e7ocuk ve yeti\u015fkinlerin hayat\u0131nda<span class=\"excerpt-hellip\"> [\u2026]<\/span><\/p>\n","protected":false},"featured_media":0,"template":"","meta":{"_monsterinsights_skip_tracking":false,"_monsterinsights_sitenote_active":false,"_monsterinsights_sitenote_note":"","_monsterinsights_sitenote_category":0},"product_brand":[],"product_cat":[12679,12357],"product_tag":[],"class_list":{"0":"post-718307","1":"product","2":"type-product","3":"status-publish","5":"product_cat-cocuk-psikolojisi","6":"product_cat-psikoloji","7":"pa_cilt-ciltsiz","8":"pa_tur-kitap","9":"pa_yayinevi-koc-universitesi-yayinlari","10":"pa_yazar-artin-goncu","12":"first","13":"instock","14":"sale","15":"shipping-taxable","16":"purchasable","17":"product-type-simple"},"_links":{"self":[{"href":"https:\/\/roveyayinevi.com.tr\/index.php\/wp-json\/wp\/v2\/product\/718307","targetHints":{"allow":["GET"]}}],"collection":[{"href":"https:\/\/roveyayinevi.com.tr\/index.php\/wp-json\/wp\/v2\/product"}],"about":[{"href":"https:\/\/roveyayinevi.com.tr\/index.php\/wp-json\/wp\/v2\/types\/product"}],"wp:attachment":[{"href":"https:\/\/roveyayinevi.com.tr\/index.php\/wp-json\/wp\/v2\/media?parent=718307"}],"wp:term":[{"taxonomy":"product_brand","embeddable":true,"href":"https:\/\/roveyayinevi.com.tr\/index.php\/wp-json\/wp\/v2\/product_brand?post=718307"},{"taxonomy":"product_cat","embeddable":true,"href":"https:\/\/roveyayinevi.com.tr\/index.php\/wp-json\/wp\/v2\/product_cat?post=718307"},{"taxonomy":"product_tag","embeddable":true,"href":"https:\/\/roveyayinevi.com.tr\/index.php\/wp-json\/wp\/v2\/product_tag?post=718307"}],"curies":[{"name":"wp","href":"https:\/\/api.w.org\/{rel}","templated":true}]}}