{"id":718304,"date":"2025-08-27T18:06:48","date_gmt":"2025-08-27T15:06:48","guid":{"rendered":"https:\/\/roveyayinevi.com.tr\/index.php\/urun\/gidiyorum\/"},"modified":"2026-04-16T02:26:23","modified_gmt":"2026-04-15T23:26:23","slug":"gidiyorum","status":"publish","type":"product","link":"https:\/\/roveyayinevi.com.tr\/index.php\/urun\/gidiyorum\/","title":{"rendered":"Gidiyorum!"},"content":{"rendered":"<p>Minik ku\u015f art\u0131k ayakland\u0131, yola \u00e7\u0131kacak. Bu yolculuk haz\u0131rl\u0131\u011f\u0131nda ailesiyle dostlar\u0131 da onu yaln\u0131z b\u0131rakmayacak. Bakal\u0131m minik ku\u015fun gidece\u011fi yerde nelere ihtiyac\u0131 olacak? Miniklere tuvalet al\u0131\u015fkanl\u0131\u011f\u0131 kazand\u0131rma s\u00fcrecinde yararlanaca\u011f\u0131n\u0131z bir kitap. <\/p>\n","protected":false},"excerpt":{"rendered":"<p>Minik ku\u015f art\u0131k ayakland\u0131, yola \u00e7\u0131kacak. Bu yolculuk haz\u0131rl\u0131\u011f\u0131nda ailesiyle dostlar\u0131 da onu yaln\u0131z b\u0131rakmayacak. Bakal\u0131m minik ku\u015fun gidece\u011fi yerde nelere ihtiyac\u0131 olacak? Miniklere tuvalet al\u0131\u015fkanl\u0131\u011f\u0131<span class=\"excerpt-hellip\"> [\u2026]<\/span><\/p>\n","protected":false},"featured_media":0,"template":"","meta":{"_monsterinsights_skip_tracking":false,"_monsterinsights_sitenote_active":false,"_monsterinsights_sitenote_note":"","_monsterinsights_sitenote_category":0},"product_brand":[],"product_cat":[12274,12518],"product_tag":[],"class_list":{"0":"post-718304","1":"product","2":"type-product","3":"status-publish","5":"product_cat-cocuk-ve-genclik-kitaplari","6":"product_cat-okul-oncesi-kitaplar","7":"pa_cilt-ciltsiz","8":"pa_tur-kitap","9":"pa_yayinevi-yapi-kredi-yayinlari","10":"pa_yazar-matthieu-maudet","12":"first","13":"instock","14":"sale","15":"shipping-taxable","16":"purchasable","17":"product-type-simple"},"_links":{"self":[{"href":"https:\/\/roveyayinevi.com.tr\/index.php\/wp-json\/wp\/v2\/product\/718304","targetHints":{"allow":["GET"]}}],"collection":[{"href":"https:\/\/roveyayinevi.com.tr\/index.php\/wp-json\/wp\/v2\/product"}],"about":[{"href":"https:\/\/roveyayinevi.com.tr\/index.php\/wp-json\/wp\/v2\/types\/product"}],"wp:attachment":[{"href":"https:\/\/roveyayinevi.com.tr\/index.php\/wp-json\/wp\/v2\/media?parent=718304"}],"wp:term":[{"taxonomy":"product_brand","embeddable":true,"href":"https:\/\/roveyayinevi.com.tr\/index.php\/wp-json\/wp\/v2\/product_brand?post=718304"},{"taxonomy":"product_cat","embeddable":true,"href":"https:\/\/roveyayinevi.com.tr\/index.php\/wp-json\/wp\/v2\/product_cat?post=718304"},{"taxonomy":"product_tag","embeddable":true,"href":"https:\/\/roveyayinevi.com.tr\/index.php\/wp-json\/wp\/v2\/product_tag?post=718304"}],"curies":[{"name":"wp","href":"https:\/\/api.w.org\/{rel}","templated":true}]}}