{"id":718303,"date":"2025-08-27T18:06:47","date_gmt":"2025-08-27T15:06:47","guid":{"rendered":"https:\/\/roveyayinevi.com.tr\/index.php\/urun\/komanci-4-3-album-birden\/"},"modified":"2026-04-16T02:26:23","modified_gmt":"2026-04-15T23:26:23","slug":"komanci-4-3-album-birden","status":"publish","type":"product","link":"https:\/\/roveyayinevi.com.tr\/index.php\/urun\/komanci-4-3-album-birden\/","title":{"rendered":"Koman\u00e7i 4 (3 Alb\u00fcm Birden)"},"content":{"rendered":"<p>Yap\u0131 Kredi Yay\u0131nlar\u0131, Hermann ile Greg&#8217;in, gelmi\u015f ge\u00e7mi\u015f en b\u00fcy\u00fck \u00e7izgi western&#8217;lerden say\u0131lan Koman\u00e7i maceralar\u0131n\u0131 okurlar\u0131yla bulu\u015fturmaya devam ediyor. Red Dust, Umutsuzluk Sava\u015f\u00e7\u0131lar\u0131  ile Wyoming Kurtlar\u0131Koman\u00e7i 1\u2019de; Laramie&#8217;nin K\u0131z\u0131l Semalar\u0131 , Asi \u00d6fke ile I\u015f\u0131ks\u0131z \u00c7\u00f6lKoman\u00e7i 2&#8217;de; \u015eeytan\u0131n Parma\u011f\u0131, \u015eerifler ile  \u015eeytan\u0131n Sevin\u00e7 Naralar\u0131Koman\u00e7i 3\u2019te bir araya getirilmi\u015fti. Algernon Brown\u2019un Cans\u0131z Bedeni, D\u00f6rt Yabani \u00c7etesi ile \u00dc\u00e7 Y\u00fczl\u00fc Dolar ise Koman\u00e7i 4\u2019te okurlarla bulu\u015fuyor. ALGERNON BROWN\u2019UN CANSIZ BEDEN\u0130 \u015eerif\u2019in yoklu\u011funda i\u015fler Red Dust\u2019a d\u00fc\u015fer. Bir nehrin kenar\u0131nda bir ceset bulunur: Algernon Brown\u2019un cesedidir bu. \u0130lk incelemeler sonucunda cinayetin h\u0131rs\u0131zl\u0131k amac\u0131yla i\u015flenmedi\u011fini sonucuna var\u0131l\u0131r. Neden \u00f6ld\u00fcr\u00fcl\u00fcld\u00fc\u011f\u00fcne dair \u00e7e\u015fitli fikirler ortaya at\u0131l\u0131r, ama daha \u00f6nemlisi bu Algernon Brown kimdir? D\u00d6RT YABAN\u0130 \u00c7ETES\u0130 \u00c7ok tehlikeli bir \u00e7etenin \u00fc\u00e7 \u00fcyesi hapisten ka\u00e7ar ve \u0130htiyar Justice\u2019in mola yerine s\u0131\u011f\u0131n\u0131r, bu arada mola veren yolcular\u0131 \u00f6ld\u00fcr\u00fcrler. Mola yerine u\u011frayan son yolculara sald\u0131rd\u0131klar\u0131n\u0131 g\u00f6ren bir grup \u00c7eyen durumu \u015eerif\u2019e bildirir. \u00c7eyen\u2019lerin verdikleri e\u015fgalle anlatt\u0131klar\u0131ndan Red Dust kar\u015f\u0131s\u0131nda kimlerin oldu\u011funu ve neyin pe\u015fine d\u00fc\u015ft\u00fcklerini tahmin eder&#8230; \u00dc\u00c7 Y\u00dcZL\u00dc DOLAR 6 6 6 \u00c7iftli\u011fine bir mektup gelir. Red Dust\u2019a yaz\u0131lm\u0131\u015ft\u0131r. Mektubu yazan da, Red Dust\u2019\u0131n ya\u015fay\u0131p ya\u015famad\u0131\u011f\u0131ndan bile haberdar olmad\u0131\u011f\u0131 karde\u015fi Cameron\u2019d\u0131r. Karde\u015fi a\u011fabeyiyle Dodge City\u2019de g\u00f6r\u00fc\u015f\u00fcp bu bulu\u015fmalar\u0131n\u0131 kutlamak ister. Red Dust birden bire ortaya \u00e7\u0131kan karde\u015finin bir \u015feyler saklad\u0131\u011f\u0131ndan \u015f\u00fcphelenir ve k\u0131sa s\u00fcrede nas\u0131l \u015feytanca bir tuza\u011fa d\u00fc\u015fmek \u00fczere oldu\u011funun fark\u0131na var\u0131r&#8230; <\/p>\n","protected":false},"excerpt":{"rendered":"<p>Yap\u0131 Kredi Yay\u0131nlar\u0131, Hermann ile Greg&#8217;in, gelmi\u015f ge\u00e7mi\u015f en b\u00fcy\u00fck \u00e7izgi western&#8217;lerden say\u0131lan Koman\u00e7i maceralar\u0131n\u0131 okurlar\u0131yla bulu\u015fturmaya devam ediyor. Red Dust, Umutsuzluk Sava\u015f\u00e7\u0131lar\u0131 ile Wyoming Kurtlar\u0131Koman\u00e7i<span class=\"excerpt-hellip\"> [\u2026]<\/span><\/p>\n","protected":false},"featured_media":0,"template":"","meta":{"_monsterinsights_skip_tracking":false,"_monsterinsights_sitenote_active":false,"_monsterinsights_sitenote_note":"","_monsterinsights_sitenote_category":0},"product_brand":[],"product_cat":[12416,12291],"product_tag":[],"class_list":{"0":"post-718303","1":"product","2":"type-product","3":"status-publish","5":"product_cat-cizgi-roman","6":"product_cat-edebiyat","7":"pa_cilt-ciltsiz","8":"pa_tur-kitap","9":"pa_yayinevi-yapi-kredi-yayinlari","10":"pa_yazar-hermann-greg","12":"first","13":"instock","14":"sale","15":"shipping-taxable","16":"purchasable","17":"product-type-simple"},"_links":{"self":[{"href":"https:\/\/roveyayinevi.com.tr\/index.php\/wp-json\/wp\/v2\/product\/718303","targetHints":{"allow":["GET"]}}],"collection":[{"href":"https:\/\/roveyayinevi.com.tr\/index.php\/wp-json\/wp\/v2\/product"}],"about":[{"href":"https:\/\/roveyayinevi.com.tr\/index.php\/wp-json\/wp\/v2\/types\/product"}],"wp:attachment":[{"href":"https:\/\/roveyayinevi.com.tr\/index.php\/wp-json\/wp\/v2\/media?parent=718303"}],"wp:term":[{"taxonomy":"product_brand","embeddable":true,"href":"https:\/\/roveyayinevi.com.tr\/index.php\/wp-json\/wp\/v2\/product_brand?post=718303"},{"taxonomy":"product_cat","embeddable":true,"href":"https:\/\/roveyayinevi.com.tr\/index.php\/wp-json\/wp\/v2\/product_cat?post=718303"},{"taxonomy":"product_tag","embeddable":true,"href":"https:\/\/roveyayinevi.com.tr\/index.php\/wp-json\/wp\/v2\/product_tag?post=718303"}],"curies":[{"name":"wp","href":"https:\/\/api.w.org\/{rel}","templated":true}]}}