{"id":718301,"date":"2025-08-27T18:06:46","date_gmt":"2025-08-27T15:06:46","guid":{"rendered":"https:\/\/roveyayinevi.com.tr\/index.php\/urun\/yasanmis-agir-bir-ezgi\/"},"modified":"2026-04-16T02:26:23","modified_gmt":"2026-04-15T23:26:23","slug":"yasanmis-agir-bir-ezgi","status":"publish","type":"product","link":"https:\/\/roveyayinevi.com.tr\/index.php\/urun\/yasanmis-agir-bir-ezgi\/","title":{"rendered":"Ya\u015fanm\u0131\u015f A\u011f\u0131r Bir Ezgi"},"content":{"rendered":"<p>Onat Kutlar\u2019dan geriye ne kald\u0131?.. Sadece \u00f6yk\u00fcler, \u015fiirler, mektuplar, sinema yaz\u0131lar\u0131, denemelerden m\u00fcrekkep bir yaz\u0131n de\u011fil elbette; h\u0131zla de\u011fi\u015fen yery\u00fcz\u00fcne kar\u015f\u0131 ince bir duyu\u015f, yaz\u0131 masas\u0131nda hakikatli bir eda, sinema tutkusuyla d\u00fcnyaya ba\u015fka t\u00fcrl\u00fc bir bak\u0131\u015f\u0131n ustal\u0131\u011f\u0131 ve en \u00f6nemlisi, \u201c\u0130ki insan, iki topluluk ya da yery\u00fcz\u00fc ile insan aras\u0131nda yeniden \u00fcretilen bir dil.\u201d Ya\u015fanm\u0131\u015f A\u011f\u0131r Bir Ezgi: Onat Kutlar \u0130\u00e7in Bir Harita, Onat Kutlar\u2019\u0131n \u00e7oky\u00f6nl\u00fc yaz\u0131n\u0131n\u0131 oda\u011fa alan yazarlar\u0131n farkl\u0131 ba\u011flamlardaki incelemelerini bir araya getiriyor. <\/p>\n","protected":false},"excerpt":{"rendered":"<p>Onat Kutlar\u2019dan geriye ne kald\u0131?.. Sadece \u00f6yk\u00fcler, \u015fiirler, mektuplar, sinema yaz\u0131lar\u0131, denemelerden m\u00fcrekkep bir yaz\u0131n de\u011fil elbette; h\u0131zla de\u011fi\u015fen yery\u00fcz\u00fcne kar\u015f\u0131 ince bir duyu\u015f, yaz\u0131 masas\u0131nda<span class=\"excerpt-hellip\"> [\u2026]<\/span><\/p>\n","protected":false},"featured_media":0,"template":"","meta":{"_monsterinsights_skip_tracking":false,"_monsterinsights_sitenote_active":false,"_monsterinsights_sitenote_note":"","_monsterinsights_sitenote_category":0},"product_brand":[],"product_cat":[13072,12291],"product_tag":[],"class_list":{"0":"post-718301","1":"product","2":"type-product","3":"status-publish","5":"product_cat-arastirma-inceleme-referans","6":"product_cat-edebiyat","7":"pa_cilt-ciltsiz","8":"pa_tur-kitap","9":"pa_yayinevi-yapi-kredi-yayinlari","10":"pa_yazar-burcu-sahin-aslan-erdem","12":"first","13":"instock","14":"sale","15":"shipping-taxable","16":"purchasable","17":"product-type-simple"},"_links":{"self":[{"href":"https:\/\/roveyayinevi.com.tr\/index.php\/wp-json\/wp\/v2\/product\/718301","targetHints":{"allow":["GET"]}}],"collection":[{"href":"https:\/\/roveyayinevi.com.tr\/index.php\/wp-json\/wp\/v2\/product"}],"about":[{"href":"https:\/\/roveyayinevi.com.tr\/index.php\/wp-json\/wp\/v2\/types\/product"}],"wp:attachment":[{"href":"https:\/\/roveyayinevi.com.tr\/index.php\/wp-json\/wp\/v2\/media?parent=718301"}],"wp:term":[{"taxonomy":"product_brand","embeddable":true,"href":"https:\/\/roveyayinevi.com.tr\/index.php\/wp-json\/wp\/v2\/product_brand?post=718301"},{"taxonomy":"product_cat","embeddable":true,"href":"https:\/\/roveyayinevi.com.tr\/index.php\/wp-json\/wp\/v2\/product_cat?post=718301"},{"taxonomy":"product_tag","embeddable":true,"href":"https:\/\/roveyayinevi.com.tr\/index.php\/wp-json\/wp\/v2\/product_tag?post=718301"}],"curies":[{"name":"wp","href":"https:\/\/api.w.org\/{rel}","templated":true}]}}