{"id":718293,"date":"2025-08-27T18:06:40","date_gmt":"2025-08-27T15:06:40","guid":{"rendered":"https:\/\/roveyayinevi.com.tr\/index.php\/urun\/egoistler\/"},"modified":"2026-04-16T02:26:23","modified_gmt":"2026-04-15T23:26:23","slug":"egoistler","status":"publish","type":"product","link":"https:\/\/roveyayinevi.com.tr\/index.php\/urun\/egoistler\/","title":{"rendered":"Egoistler"},"content":{"rendered":"<p>1909 y\u0131l\u0131nda yay\u0131mlanan ve T\u00fcrk\u00e7e\u2019ye ilk kez kazand\u0131r\u0131lan Egoistler\u2019de modern \u015fairler, filozoflar ve nesir ustalar\u0131 yer almaktad\u0131r. Bu isimler aras\u0131nda ekol\u00fc Avrupa\u2019da yak\u0131n zamanda tekrar canlanan ve \u00fcn\u00fc giderek yay\u0131lan Stendhal; Frans\u0131z akademisyen Maurice Barr\u00e8s; gams\u0131z pagan ve tatl\u0131 alayc\u0131 Anatole France; Nietzsche\u2019nin selefi Max Stirner; usta gizemci Ernest Hello ve b\u00fcy\u00fck \u015fair William Blake yer almaktad\u0131r. Flaubert\u2019in daha \u00f6nce yay\u0131mlanmam\u0131\u015f bir mektubu ve \u201cMadame Bovary\u201dnin orijinal n\u00fcshas\u0131ndan yazar\u0131n \u00fczerinde d\u00fczeltmelerinin bulundu\u011fu bir sayfa da okurlar\u0131n ilgisine sunulmu\u015ftur. Frans\u0131zcan\u0131n parlak ustas\u0131 J. K. Huysmans kitaptaki b\u00f6l\u00fcmlerden biri olup Nietzsche\u2019nin hayat\u0131nda ge\u00e7irdi\u011fi belli ba\u015fl\u0131 safhalar\u0131n yer ald\u0131\u011f\u0131 me\u015fhur biyografisi Ecce Homo ve \u0130bsen\u2019in tiyatro oyunlar\u0131 da kitapta ele al\u0131nan konulardand\u0131r. B\u00fct\u00fcn\u00fcyle bu kitap, yazar\u0131n 1909\u2019un modern Avrupa\u2019s\u0131nda edebiyat d\u00fcnyas\u0131n\u0131n en ilgin\u00e7 isimlerinden baz\u0131lar\u0131na tak\u0131nd\u0131\u011f\u0131 olgun ele\u015ftirel ve analitik yakla\u015f\u0131m\u0131n\u0131n bir sonucudur.<\/p>\n","protected":false},"excerpt":{"rendered":"<p>1909 y\u0131l\u0131nda yay\u0131mlanan ve T\u00fcrk\u00e7e\u2019ye ilk kez kazand\u0131r\u0131lan Egoistler\u2019de modern \u015fairler, filozoflar ve nesir ustalar\u0131 yer almaktad\u0131r. Bu isimler aras\u0131nda ekol\u00fc Avrupa\u2019da yak\u0131n zamanda tekrar canlanan<span class=\"excerpt-hellip\"> [\u2026]<\/span><\/p>\n","protected":false},"featured_media":0,"template":"","meta":{"_monsterinsights_skip_tracking":false,"_monsterinsights_sitenote_active":false,"_monsterinsights_sitenote_note":"","_monsterinsights_sitenote_category":0},"product_brand":[],"product_cat":[20351,12388],"product_tag":[],"class_list":{"0":"post-718293","1":"product","2":"type-product","3":"status-publish","5":"product_cat-dusunce","6":"product_cat-felsefe","7":"pa_cilt-ciltsiz","8":"pa_tur-kitap","9":"pa_yayinevi-ketebe-yayinlari","10":"pa_yazar-james-huneker","12":"first","13":"instock","14":"sale","15":"shipping-taxable","16":"purchasable","17":"product-type-simple"},"_links":{"self":[{"href":"https:\/\/roveyayinevi.com.tr\/index.php\/wp-json\/wp\/v2\/product\/718293","targetHints":{"allow":["GET"]}}],"collection":[{"href":"https:\/\/roveyayinevi.com.tr\/index.php\/wp-json\/wp\/v2\/product"}],"about":[{"href":"https:\/\/roveyayinevi.com.tr\/index.php\/wp-json\/wp\/v2\/types\/product"}],"wp:attachment":[{"href":"https:\/\/roveyayinevi.com.tr\/index.php\/wp-json\/wp\/v2\/media?parent=718293"}],"wp:term":[{"taxonomy":"product_brand","embeddable":true,"href":"https:\/\/roveyayinevi.com.tr\/index.php\/wp-json\/wp\/v2\/product_brand?post=718293"},{"taxonomy":"product_cat","embeddable":true,"href":"https:\/\/roveyayinevi.com.tr\/index.php\/wp-json\/wp\/v2\/product_cat?post=718293"},{"taxonomy":"product_tag","embeddable":true,"href":"https:\/\/roveyayinevi.com.tr\/index.php\/wp-json\/wp\/v2\/product_tag?post=718293"}],"curies":[{"name":"wp","href":"https:\/\/api.w.org\/{rel}","templated":true}]}}