{"id":718292,"date":"2025-08-27T18:06:40","date_gmt":"2025-08-27T15:06:40","guid":{"rendered":"https:\/\/roveyayinevi.com.tr\/index.php\/urun\/anlamin-yeniden-kesfi\/"},"modified":"2026-04-16T02:26:23","modified_gmt":"2026-04-15T23:26:23","slug":"anlamin-yeniden-kesfi","status":"publish","type":"product","link":"https:\/\/roveyayinevi.com.tr\/index.php\/urun\/anlamin-yeniden-kesfi\/","title":{"rendered":"Anlam\u0131n Yeniden Ke\u015ffi"},"content":{"rendered":"<p>20. y\u00fczy\u0131l\u0131n en \u00f6nemli yazar ve filozoflar\u0131ndan Owen Barfield, insan tabiat\u0131 ve  ger\u00e7eklik hakk\u0131nda s\u0131ra d\u0131\u015f\u0131 fikirlere sahip. Felsefe, bilim, fizik, biyoloji, psikoloji, metafizik, estetik, edebiyat, dilbilim ve din onun geni\u015f d\u00fc\u015f\u00fcnce da\u011farc\u0131\u011f\u0131ndan s\u00fcz\u00fcl\u00fcp insan\u0131n anlam aray\u0131\u015f\u0131na, bu anlam\u0131 ne zaman, nas\u0131l ve neden kaybetti\u011fine kafa yorma ser\u00fcvenine d\u00f6n\u00fc\u015f\u00fcyor. Mevcut benliklerimizde mustarip oldu\u011fumuz ve \u201cBen var m\u0131y\u0131m?\u201d endi\u015feli sorusuna sebebiyet veren var olmama duygusu \u00f6zg\u00fcrl\u00fc\u011f\u00fcm\u00fcz\u00fcn vazge\u00e7ilmez temelidir. Bu varolu\u015f\u00e7uluk kornalar\u0131n\u0131n a\u00e7\u0131k ve g\u00fc\u00e7l\u00fc bi\u00e7imde s\u00f6yledi\u011fini duydu\u011fumuz orkestramotifidir. Ancak bu \u00f6zg\u00fcrl\u00fck bize ger\u00e7eklik teminat\u0131 vermez. \u00c7\u00fcnk\u00fc benli\u011fin varl\u0131\u011f\u0131 i\u00e7in sadece \u015fimdiki tecr\u00fcbeye dayanmas\u0131 gerekseydi, asl\u0131nda ger\u00e7ekli\u011fimiz olmaz, uyar\u0131lm\u0131\u015f davran\u0131\u015f y\u0131\u011f\u0131nlar\u0131 olurduk. Ancak benli\u011fin sadece \u015fimdiki tecr\u00fcbeye dayanmas\u0131 gerekmez. Benlik \u00f6zg\u00fcrl\u00fc\u011f\u00fcn\u00fc u\u00e7up giden \u015fimdide ya\u015far; benlik ger\u00e7ek bir varl\u0131kt\u0131r, zira hat\u0131rlanmas\u0131 zor bir ge\u00e7mi\u015fi vard\u0131r ve yava\u015f yava\u015f neyse o olmaya evrilmektedir. Her\u015fey de\u011filse bile \u00e7ok \u015fey, insanl\u0131\u011f\u0131n genelinin bu olguyu ne kadar erken kabul edece\u011fine ba\u011fl\u0131 olabilir. <\/p>\n","protected":false},"excerpt":{"rendered":"<p>20. y\u00fczy\u0131l\u0131n en \u00f6nemli yazar ve filozoflar\u0131ndan Owen Barfield, insan tabiat\u0131 ve ger\u00e7eklik hakk\u0131nda s\u0131ra d\u0131\u015f\u0131 fikirlere sahip. Felsefe, bilim, fizik, biyoloji, psikoloji, metafizik, estetik, edebiyat,<span class=\"excerpt-hellip\"> [\u2026]<\/span><\/p>\n","protected":false},"featured_media":0,"template":"","meta":{"_monsterinsights_skip_tracking":false,"_monsterinsights_sitenote_active":false,"_monsterinsights_sitenote_note":"","_monsterinsights_sitenote_category":0},"product_brand":[],"product_cat":[20351,12388],"product_tag":[],"class_list":{"0":"post-718292","1":"product","2":"type-product","3":"status-publish","5":"product_cat-dusunce","6":"product_cat-felsefe","7":"pa_cilt-ciltsiz","8":"pa_tur-kitap","9":"pa_yayinevi-ketebe-yayinlari","10":"pa_yazar-owen-barfield","12":"first","13":"instock","14":"sale","15":"shipping-taxable","16":"purchasable","17":"product-type-simple"},"_links":{"self":[{"href":"https:\/\/roveyayinevi.com.tr\/index.php\/wp-json\/wp\/v2\/product\/718292","targetHints":{"allow":["GET"]}}],"collection":[{"href":"https:\/\/roveyayinevi.com.tr\/index.php\/wp-json\/wp\/v2\/product"}],"about":[{"href":"https:\/\/roveyayinevi.com.tr\/index.php\/wp-json\/wp\/v2\/types\/product"}],"wp:attachment":[{"href":"https:\/\/roveyayinevi.com.tr\/index.php\/wp-json\/wp\/v2\/media?parent=718292"}],"wp:term":[{"taxonomy":"product_brand","embeddable":true,"href":"https:\/\/roveyayinevi.com.tr\/index.php\/wp-json\/wp\/v2\/product_brand?post=718292"},{"taxonomy":"product_cat","embeddable":true,"href":"https:\/\/roveyayinevi.com.tr\/index.php\/wp-json\/wp\/v2\/product_cat?post=718292"},{"taxonomy":"product_tag","embeddable":true,"href":"https:\/\/roveyayinevi.com.tr\/index.php\/wp-json\/wp\/v2\/product_tag?post=718292"}],"curies":[{"name":"wp","href":"https:\/\/api.w.org\/{rel}","templated":true}]}}