{"id":718291,"date":"2025-08-27T18:06:39","date_gmt":"2025-08-27T15:06:39","guid":{"rendered":"https:\/\/roveyayinevi.com.tr\/index.php\/urun\/temel-ekonomi-2\/"},"modified":"2026-04-16T02:26:23","modified_gmt":"2026-04-15T23:26:23","slug":"temel-ekonomi-2","status":"publish","type":"product","link":"https:\/\/roveyayinevi.com.tr\/index.php\/urun\/temel-ekonomi-2\/","title":{"rendered":"Temel Ekonomi"},"content":{"rendered":"<p>Temel Ekonomi kitab\u0131n\u0131n amac\u0131, Ekonomi dersini ilk kez alan \u00f6\u011frencilerin iktisat biliminin temel ilke ve kavramlar\u0131n\u0131 \u00f6\u011frenmeleri, g\u00fcnl\u00fck ya\u015famda kar\u015f\u0131la\u015ft\u0131klar\u0131 ekonomik problemleri \u00e7\u00f6zerken bu ilke ve kavramlar\u0131 kullanmalar\u0131d\u0131r. Ekonomik teoriler insan\u0131n i\u00e7inde ya\u015fad\u0131\u011f\u0131 d\u00fcnyay\u0131 do\u011fru alg\u0131lamas\u0131na ve evrensel bak\u0131\u015f a\u00e7\u0131s\u0131 kazanmas\u0131na yard\u0131mc\u0131 olan \u00f6nemli birer ara\u00e7 oldu\u011fundan, \u00f6\u011frencilerin iktisadi analiz y\u00f6ntemlerini iyi kavramalar\u0131 gerekir. Bu sebeple eserde yer alan konular\u0131n b\u00fct\u00fcnl\u00fck i\u00e7erisinde sunulmas\u0131na, basit ve kolay anla\u015f\u0131l\u0131r \u00f6rneklerle konunun peki\u015ftirilmesine \u00e7al\u0131\u015f\u0131lm\u0131\u015ft\u0131r. Ekonomi dersini ilk kez alan \u00fcniversite ve y\u00fcksekokul \u00f6\u011frencilerinin ihtiya\u00e7lar\u0131na hitap eden Temel Ekonomi kitab\u0131 bu bak\u0131mdan ekonomi ile ili\u015fkili t\u00fcm dersler i\u00e7in ideal bir ba\u015fvuru kayna\u011f\u0131d\u0131r. <\/p>\n","protected":false},"excerpt":{"rendered":"<p>Temel Ekonomi kitab\u0131n\u0131n amac\u0131, Ekonomi dersini ilk kez alan \u00f6\u011frencilerin iktisat biliminin temel ilke ve kavramlar\u0131n\u0131 \u00f6\u011frenmeleri, g\u00fcnl\u00fck ya\u015famda kar\u015f\u0131la\u015ft\u0131klar\u0131 ekonomik problemleri \u00e7\u00f6zerken bu ilke ve<span class=\"excerpt-hellip\"> [\u2026]<\/span><\/p>\n","protected":false},"featured_media":0,"template":"","meta":{"_monsterinsights_skip_tracking":false,"_monsterinsights_sitenote_active":false,"_monsterinsights_sitenote_note":"","_monsterinsights_sitenote_category":0},"product_brand":[],"product_cat":[20333,13043],"product_tag":[],"class_list":{"0":"post-718291","1":"product","2":"type-product","3":"status-publish","5":"product_cat-diger-ekonomi","6":"product_cat-ekonomi","7":"pa_cilt-ciltsiz","8":"pa_tur-kitap","9":"pa_yayinevi-ideal-kultur-akademik","10":"pa_yazar-hakki-inan","12":"first","13":"instock","14":"sale","15":"shipping-taxable","16":"purchasable","17":"product-type-simple"},"_links":{"self":[{"href":"https:\/\/roveyayinevi.com.tr\/index.php\/wp-json\/wp\/v2\/product\/718291","targetHints":{"allow":["GET"]}}],"collection":[{"href":"https:\/\/roveyayinevi.com.tr\/index.php\/wp-json\/wp\/v2\/product"}],"about":[{"href":"https:\/\/roveyayinevi.com.tr\/index.php\/wp-json\/wp\/v2\/types\/product"}],"wp:attachment":[{"href":"https:\/\/roveyayinevi.com.tr\/index.php\/wp-json\/wp\/v2\/media?parent=718291"}],"wp:term":[{"taxonomy":"product_brand","embeddable":true,"href":"https:\/\/roveyayinevi.com.tr\/index.php\/wp-json\/wp\/v2\/product_brand?post=718291"},{"taxonomy":"product_cat","embeddable":true,"href":"https:\/\/roveyayinevi.com.tr\/index.php\/wp-json\/wp\/v2\/product_cat?post=718291"},{"taxonomy":"product_tag","embeddable":true,"href":"https:\/\/roveyayinevi.com.tr\/index.php\/wp-json\/wp\/v2\/product_tag?post=718291"}],"curies":[{"name":"wp","href":"https:\/\/api.w.org\/{rel}","templated":true}]}}