{"id":718286,"date":"2025-08-27T18:06:36","date_gmt":"2025-08-27T15:06:36","guid":{"rendered":"https:\/\/roveyayinevi.com.tr\/index.php\/urun\/koruma-gelisme-cikmazinda-organize-sanayi-bolgeleri\/"},"modified":"2026-04-16T02:26:23","modified_gmt":"2026-04-15T23:26:23","slug":"koruma-gelisme-cikmazinda-organize-sanayi-bolgeleri","status":"publish","type":"product","link":"https:\/\/roveyayinevi.com.tr\/index.php\/urun\/koruma-gelisme-cikmazinda-organize-sanayi-bolgeleri\/","title":{"rendered":"Koruma Geli\u015fme \u00c7\u0131kmaz\u0131nda Organize Sanayi B\u00f6lgeleri"},"content":{"rendered":"<p>T\u00fcrkiye\u2019de elli y\u0131l\u0131 a\u015fan bir s\u00fcredir mevcut olan ve 1980 sonras\u0131nda say\u0131lar\u0131nda b\u00fcy\u00fck oranda art\u0131\u015f g\u00f6r\u00fclen OSB; dengeli kalk\u0131nmadan, \u00e7evreyi korumaya, ekonomiyi g\u00fc\u00e7lendirmeye, g\u00f6\u00e7\u00fc \u00f6nlemeye; \u00e7ok kapsaml\u0131 ama\u00e7larla ve beklentilerlekurulmu\u015flard\u0131r. Kurulu\u015f a\u015famas\u0131ndan faaliyete ge\u00e7ene, \u00fcstlerine y\u00fcklenen bu misyonu yerine getirmede bir\u00e7ok sorunla kar\u015f\u0131la\u015fan ve bu misyonu, kent, i\u015fletme \u00f6ncelikleri, sahip oldu\u011fu yap\u0131 ve kurumsalla\u015fma d\u00fczeyine g\u00f6re farkl\u0131 alg\u0131layan OSB, hem anlay\u0131\u015f farkl\u0131l\u0131klar\u0131 hem de ekonomik, sosyal, siyasal, yasal etkilerle bir \u00e7ok amac\u0131na ula\u015famam\u0131\u015ft\u0131r. \u00d6rne\u011fin b\u00f6lgesel geli\u015fme amac\u0131n\u0131 sa\u011flayamam\u0131\u015flar, k\u0131rdan kente g\u00f6\u00e7e ve sermayenin geri kalm\u0131\u015f y\u00f6relerden ka\u00e7mas\u0131na engel olamam\u0131\u015flar, kentsel topra\u011f\u0131n daha etkin kullan\u0131m\u0131na yeterince katk\u0131 sa\u011flayamam\u0131\u015flard\u0131r. S\u0131nai kurulu\u015flar\u0131n b\u00fcy\u00fck bir k\u0131sm\u0131, hala kent merkezlerinde da\u011f\u0131n\u0131k olarak \u00fcretimlerini s\u00fcrd\u00fcrmektedir. Mevcut OSB\u2019nde de birbiriyle \u00fcretim ili\u015fkileri bulunmayan her \u00f6l\u00e7ekte ve her t\u00fcrde s\u0131nai faaliyete yer verilmesinin yol a\u00e7t\u0131\u011f\u0131 sorunlar da s\u00fcrmektedir. Son zamanlarda \u00e7evre kirlili\u011fini \u00f6nlemek ve \u00e7evreyi koruyarak ekonomik geli\u015fmeye katk\u0131da bulunmak ama\u00e7lar\u0131 da y\u00fcklenen OSB\u2019nin \u00e7o\u011funda, ne yaz\u0131k ki bu kurumsalla\u015fma da ger\u00e7ekle\u015ftirilememi\u015ftir. Bunun da \u00f6tesinde, \u00e7evre y\u00f6netim sisteminin uygulanmamas\u0131 nedeniyle OSB\u2019nin bizzat kendileri \u00e7evre sorunlar\u0131 yaratm\u0131\u015flard\u0131r. Yer se\u00e7iminde siyasi rant\u0131n belirleyicili\u011fi nedeniyle tar\u0131msal alanlara kurulan OSB, bu alanlar\u0131n yok olmas\u0131na yol a\u00e7m\u0131\u015flar ve \u00fcretim s\u00fcrecinde yaratt\u0131\u011f\u0131 kirlilik y\u00fck\u00fc ve at\u0131klar\u0131yla \u00e7evresel a\u00e7\u0131dan tehdit olu\u015fturmu\u015flard\u0131r.\u00c7evresel de\u011ferlerin ve do\u011fal kaynaklar\u0131m\u0131z\u0131n korunmas\u0131; ya\u015fam kalitesinin y\u00fckseltilmesinin, geli\u015fme ve refah\u0131n sa\u011flanmas\u0131n\u0131n ve \u00e7a\u011fda\u015f bir toplum olman\u0131n vazge\u00e7ilmez ko\u015fullar\u0131ndand\u0131r. 21. yy\u2019da \u00e7evresel de\u011ferlerin korunmas\u0131ndaki \u00f6l\u00e7\u00fcnleri sa\u011flamadan \u00fcretilen mal ve hizmetin d\u00fcnya pazarlar\u0131na girebilme \u015fans\u0131, taraf oldu\u011fumuz uluslararas\u0131 d\u00fczenlemeler ve kamuoyunun da bask\u0131s\u0131yla giderek ortadan kalkmaktad\u0131r. Bu durum, hem \u00e7evre de\u011ferlerine duyarl\u0131, hem de ekonomik geli\u015fmeyi sa\u011flayacak b\u00fct\u00fcnle\u015fik bir \u00e7evre y\u00f6netim sisteminin \u00fclkemiz OSB\u2019nde de uygulamaya sokulmas\u0131n\u0131 &#8220;olmazsa olmaz\u201d bir gereklilik olarak ortaya koymaktad\u0131r.OSB\u2019nin ekonomik verimlilik ve kar elde etme ya dageli\u015fme ikileminde ibresini kardan yana koymas\u0131n\u0131n uzun vadede ekonomide de kayba yol a\u00e7aca\u011f\u0131n\u0131 ortaya koymada ve bu konudakisorular\u0131 ortadan kald\u0131rmada bir nebze de olsa katk\u0131s\u0131 olursa, bu \u00e7al\u0131\u015fma amac\u0131na ula\u015fm\u0131\u015f demektir.<\/p>\n","protected":false},"excerpt":{"rendered":"<p>T\u00fcrkiye\u2019de elli y\u0131l\u0131 a\u015fan bir s\u00fcredir mevcut olan ve 1980 sonras\u0131nda say\u0131lar\u0131nda b\u00fcy\u00fck oranda art\u0131\u015f g\u00f6r\u00fclen OSB; dengeli kalk\u0131nmadan, \u00e7evreyi korumaya, ekonomiyi g\u00fc\u00e7lendirmeye, g\u00f6\u00e7\u00fc \u00f6nlemeye; \u00e7ok<span class=\"excerpt-hellip\"> [\u2026]<\/span><\/p>\n","protected":false},"featured_media":0,"template":"","meta":{"_monsterinsights_skip_tracking":false,"_monsterinsights_sitenote_active":false,"_monsterinsights_sitenote_note":"","_monsterinsights_sitenote_category":0},"product_brand":[],"product_cat":[13043,14144],"product_tag":[],"class_list":{"0":"post-718286","1":"product","2":"type-product","3":"status-publish","5":"product_cat-ekonomi","6":"product_cat-turkiye-ekonomisi","7":"pa_cilt-ciltsiz","8":"pa_tur-kitap","9":"pa_yayinevi-astana-yayinlari","10":"pa_yazar-esmeray-alacadagli","12":"first","13":"instock","14":"sale","15":"shipping-taxable","16":"purchasable","17":"product-type-simple"},"_links":{"self":[{"href":"https:\/\/roveyayinevi.com.tr\/index.php\/wp-json\/wp\/v2\/product\/718286","targetHints":{"allow":["GET"]}}],"collection":[{"href":"https:\/\/roveyayinevi.com.tr\/index.php\/wp-json\/wp\/v2\/product"}],"about":[{"href":"https:\/\/roveyayinevi.com.tr\/index.php\/wp-json\/wp\/v2\/types\/product"}],"wp:attachment":[{"href":"https:\/\/roveyayinevi.com.tr\/index.php\/wp-json\/wp\/v2\/media?parent=718286"}],"wp:term":[{"taxonomy":"product_brand","embeddable":true,"href":"https:\/\/roveyayinevi.com.tr\/index.php\/wp-json\/wp\/v2\/product_brand?post=718286"},{"taxonomy":"product_cat","embeddable":true,"href":"https:\/\/roveyayinevi.com.tr\/index.php\/wp-json\/wp\/v2\/product_cat?post=718286"},{"taxonomy":"product_tag","embeddable":true,"href":"https:\/\/roveyayinevi.com.tr\/index.php\/wp-json\/wp\/v2\/product_tag?post=718286"}],"curies":[{"name":"wp","href":"https:\/\/api.w.org\/{rel}","templated":true}]}}