{"id":718285,"date":"2025-08-27T18:06:36","date_gmt":"2025-08-27T15:06:36","guid":{"rendered":"https:\/\/roveyayinevi.com.tr\/index.php\/urun\/dunyanin-basladigi-pencere\/"},"modified":"2026-04-12T02:31:45","modified_gmt":"2026-04-11T23:31:45","slug":"dunyanin-basladigi-pencere","status":"publish","type":"product","link":"https:\/\/roveyayinevi.com.tr\/index.php\/urun\/dunyanin-basladigi-pencere\/","title":{"rendered":"D\u00fcnyan\u0131n Ba\u015flad\u0131\u011f\u0131 Pencere"},"content":{"rendered":"<p>Freud\u2019un K\u0131z Karde\u015fi kitab\u0131n\u0131n yazar\u0131ndan\u2026 \u201cGunter Grass ve Jose Saramago\u2019nun izinde, gen\u00e7 bir yetenek. Goce Smilevski, nadir rastlanan t\u00fcrde yepyeni bir \u015fey koyuyor \u00f6n\u00fcm\u00fcze. \u00c7a\u011fda\u015f edebiyat\u0131n Avrupal\u0131 sesi, ge\u00e7mi\u015ften bize kalm\u0131\u015f bir miras\u0131 i\u015fleyerek hayal g\u00fcc\u00fcyle zenginle\u015ftiriyor ve mesaj\u0131n\u0131 gelece\u011fe ta\u015f\u0131maya kararl\u0131.\u201d Joshua Cohen \u201cGoce Smilevski\u2019nin c\u00fcmleleri, Tolstoy\u2019un metinlerinden ald\u0131\u011f\u0131m tad\u0131 hat\u0131rlat\u0131yor bana. Kelime se\u00e7imlerindeki sadelik ve o sade kelimelerden olu\u015fan c\u00fcmlelerin anlamsal derinli\u011fi\u2026 Smilevski, sadeli\u011fi devle\u015ftirme ve oradan g\u00fc\u00e7l\u00fc duygular, imge ve d\u00fc\u015f\u00fcnceler yaratma konusunda olduk\u00e7a ba\u015far\u0131l\u0131.\u201d Nicholas Meyer Evimizin \u00e7at\u0131 kat\u0131nda iki oda vard\u0131. O odalar\u0131n birinde babam\u0131n d\u00fckk\u00e2n\u0131nda satt\u0131\u011f\u0131 \u015faraplar dururdu; \u00f6tekindeyse biz \u00e7ocuklar uyurduk. \u0130\u015fte bu odan\u0131n penceresinde ba\u015flad\u0131 \u00e7ocuklu\u011fum ve d\u00fcnya. Pencereden g\u00f6r\u00fcnen manzara; bir par\u00e7a g\u00f6ky\u00fcz\u00fc, bir sokak, bir s\u0131ra harnup a\u011fac\u0131, bir kanal ve sinagogla okul da dahil, kanal\u0131n \u00f6te yan\u0131nda g\u00f6r\u00fcnen binalardan olu\u015fuyordu. Babam beni sinagogda g\u00f6rmek i\u00e7in her \u015feyini verirdi belki de. Din adam\u0131 olmam\u0131 istiyordu. Erkek karde\u015fim Gabriel, ben alt\u0131 ya\u015f\u0131ndayken do\u011fdu. Babam\u0131n s\u00fcrekli hasta bir kad\u0131n olarak and\u0131\u011f\u0131 annem, do\u011fumdan sonra daha da hastaland\u0131 ve yaln\u0131zca be\u015f ay i\u00e7inde, 5 Kas\u0131m 1638\u2019de \u00f6ld\u00fc. O g\u00fcnden sonra, d\u00fcnyan\u0131n ba\u015flad\u0131\u011f\u0131 pencerenin yan\u0131na oturmay\u0131 al\u0131\u015fkanl\u0131k haline getirdim. Ve sorgulad\u0131m. Durmadan sorgulad\u0131m\u2026 Kahkahan\u0131n ve insanc\u0131l bak\u0131\u015f\u0131n filozofu, d\u00f6neminin radikal ve yaln\u0131z d\u00fc\u015f\u00fcn\u00fcr\u00fc Spinoza, ard\u0131nda ki\u015fisel ya\u015fam\u0131na dair pek az \u015fey b\u0131rakm\u0131\u015ft\u0131r. Bu kitap d\u00fc\u015f\u00fcncelerine verilen k\u0131ymetle ters orant\u0131l\u0131 \u015fekilde g\u00f6z ard\u0131 edilen, bilinmeyen o adam\u0131n benli\u011fini betimlemeye dair iyi niyetli ve cesur bir giri\u015fim. Aforoz edilmi\u015f, kovulmu\u015f, \u00f6nemsenmemi\u015f fakat en b\u00fcy\u00fck derdi her zaman insan\u0131n mutlulu\u011fa eri\u015fmesi olarak kalm\u0131\u015f bu filozofa kendi a\u011fz\u0131ndan yaz\u0131lm\u0131\u015f bir a\u011f\u0131t&#8230; <\/p>\n","protected":false},"excerpt":{"rendered":"<p>Freud\u2019un K\u0131z Karde\u015fi kitab\u0131n\u0131n yazar\u0131ndan\u2026 \u201cGunter Grass ve Jose Saramago\u2019nun izinde, gen\u00e7 bir yetenek. Goce Smilevski, nadir rastlanan t\u00fcrde yepyeni bir \u015fey koyuyor \u00f6n\u00fcm\u00fcze. \u00c7a\u011fda\u015f edebiyat\u0131n<span class=\"excerpt-hellip\"> [\u2026]<\/span><\/p>\n","protected":false},"featured_media":0,"template":"","meta":{"_monsterinsights_skip_tracking":false,"_monsterinsights_sitenote_active":false,"_monsterinsights_sitenote_note":"","_monsterinsights_sitenote_category":0},"product_brand":[],"product_cat":[12291,12711],"product_tag":[],"class_list":{"0":"post-718285","1":"product","2":"type-product","3":"status-publish","5":"product_cat-edebiyat","6":"product_cat-roman-oyku","7":"pa_cilt-ciltsiz","8":"pa_tur-kitap","9":"pa_yayinevi-nora-kitap","10":"pa_yazar-goce-smilevski","12":"first","13":"instock","14":"sale","15":"shipping-taxable","16":"purchasable","17":"product-type-simple"},"_links":{"self":[{"href":"https:\/\/roveyayinevi.com.tr\/index.php\/wp-json\/wp\/v2\/product\/718285","targetHints":{"allow":["GET"]}}],"collection":[{"href":"https:\/\/roveyayinevi.com.tr\/index.php\/wp-json\/wp\/v2\/product"}],"about":[{"href":"https:\/\/roveyayinevi.com.tr\/index.php\/wp-json\/wp\/v2\/types\/product"}],"wp:attachment":[{"href":"https:\/\/roveyayinevi.com.tr\/index.php\/wp-json\/wp\/v2\/media?parent=718285"}],"wp:term":[{"taxonomy":"product_brand","embeddable":true,"href":"https:\/\/roveyayinevi.com.tr\/index.php\/wp-json\/wp\/v2\/product_brand?post=718285"},{"taxonomy":"product_cat","embeddable":true,"href":"https:\/\/roveyayinevi.com.tr\/index.php\/wp-json\/wp\/v2\/product_cat?post=718285"},{"taxonomy":"product_tag","embeddable":true,"href":"https:\/\/roveyayinevi.com.tr\/index.php\/wp-json\/wp\/v2\/product_tag?post=718285"}],"curies":[{"name":"wp","href":"https:\/\/api.w.org\/{rel}","templated":true}]}}