{"id":718284,"date":"2025-08-27T18:06:35","date_gmt":"2025-08-27T15:06:35","guid":{"rendered":"https:\/\/roveyayinevi.com.tr\/index.php\/urun\/hayatta-kalma-rehberi\/"},"modified":"2026-04-16T02:26:23","modified_gmt":"2026-04-15T23:26:23","slug":"hayatta-kalma-rehberi","status":"publish","type":"product","link":"https:\/\/roveyayinevi.com.tr\/index.php\/urun\/hayatta-kalma-rehberi\/","title":{"rendered":"Hayatta Kalma Rehberi"},"content":{"rendered":"<p>Zehra \u00c7elenk, Hayatta Kalma Rehberi ile insan ruhunun  g\u00f6r\u00fcnmez taraflar\u0131na bak\u0131yor. Bu bak\u0131\u015fta yo\u011fun bir cesaret ve  g\u00f6r\u00fcnmez taraflar\u0131na bak\u0131yor. Bu bak\u0131\u015fta yo\u011fun bir cesaret ve derin bir edeb\u00ee feraset var. Her g\u00fcn g\u00f6z\u00fcm\u00fcz\u00fcn \u00f6n\u00fcnde cereyan  eden hadiselere, bir de \u201cburadan\u201d bakman\u0131n olduk\u00e7a \u015fa\u015f\u0131rt\u0131c\u0131 sonu\u00e7lar\u0131n\u0131 izliyoruz bu \u00f6yk\u00fclerde. Senaryolar\u0131 ve gazete yaz\u0131lar\u0131yla geni\u015f bir kitleye hitap eden \u00c7elenk\u2019in, her \u00f6yk\u00fcs\u00fcnde arkada m\u0131r\u0131ldanan bir roman oldu\u011funu sezmek m\u00fcmk\u00fcn.    De\u011fi\u015fen, bir daha de\u011fi\u015fen, daha da de\u011fi\u015fen hayatlar\u0131n ve d\u00fcnyalar\u0131n \u00f6yk\u00fcleri bir araya geliyor burada. Zaman zaman umutsuzlu\u011fa kap\u0131lmak da kusur de\u011fildir, umut hep var diyor metinler.  Yeni bir ba\u015flang\u0131\u00e7 i\u00e7in; heyecan hari\u00e7 de\u011fil.   \u201cManzara k\u00f6rl\u00fc\u011f\u00fc\u201d diye a\u00e7\u0131klam\u0131\u015ft\u0131 bunu ilk tan\u0131\u015ft\u0131\u011f\u0131m\u0131z g\u00fcnlerde. Denizin, orman\u0131n, kentin manzaras\u0131 gibi, insan\u0131n da manzaras\u0131 g\u00fcc\u00fcn\u00fc zamanla kaybediyor. Birbirimizin y\u00fcz\u00fcne baka baka  g\u00f6r\u00fcnmez hale geliyoruz. Al\u0131\u015fkanl\u0131\u011f\u0131n tutarl\u0131 kaplumba\u011fas\u0131  a\u015fk\u0131n sab\u0131rs\u0131z tav\u015fan\u0131n\u0131 daima yeniyor.     \u0130nsanlar ikiye ayr\u0131l\u0131r: Do\u011frudan kan\u0131na kar\u0131\u015fanlar,  yan\u0131ndan su gibi ak\u0131p ge\u00e7enler. O, kana zehir gibi  kar\u0131\u015fan cinstendi. G\u00fczel r\u00fcya, kesin \u00f6l\u00fcm.<\/p>\n","protected":false},"excerpt":{"rendered":"<p>Zehra \u00c7elenk, Hayatta Kalma Rehberi ile insan ruhunun g\u00f6r\u00fcnmez taraflar\u0131na bak\u0131yor. Bu bak\u0131\u015fta yo\u011fun bir cesaret ve g\u00f6r\u00fcnmez taraflar\u0131na bak\u0131yor. Bu bak\u0131\u015fta yo\u011fun bir cesaret ve<span class=\"excerpt-hellip\"> [\u2026]<\/span><\/p>\n","protected":false},"featured_media":0,"template":"","meta":{"_monsterinsights_skip_tracking":false,"_monsterinsights_sitenote_active":false,"_monsterinsights_sitenote_note":"","_monsterinsights_sitenote_category":0},"product_brand":[],"product_cat":[12291,12711],"product_tag":[],"class_list":{"0":"post-718284","1":"product","2":"type-product","3":"status-publish","5":"product_cat-edebiyat","6":"product_cat-roman-oyku","7":"pa_cilt-ciltsiz","8":"pa_tur-kitap","9":"pa_yayinevi-everest-yayinlari","10":"pa_yazar-zehra-celenk","12":"first","13":"instock","14":"sale","15":"shipping-taxable","16":"purchasable","17":"product-type-simple"},"_links":{"self":[{"href":"https:\/\/roveyayinevi.com.tr\/index.php\/wp-json\/wp\/v2\/product\/718284","targetHints":{"allow":["GET"]}}],"collection":[{"href":"https:\/\/roveyayinevi.com.tr\/index.php\/wp-json\/wp\/v2\/product"}],"about":[{"href":"https:\/\/roveyayinevi.com.tr\/index.php\/wp-json\/wp\/v2\/types\/product"}],"wp:attachment":[{"href":"https:\/\/roveyayinevi.com.tr\/index.php\/wp-json\/wp\/v2\/media?parent=718284"}],"wp:term":[{"taxonomy":"product_brand","embeddable":true,"href":"https:\/\/roveyayinevi.com.tr\/index.php\/wp-json\/wp\/v2\/product_brand?post=718284"},{"taxonomy":"product_cat","embeddable":true,"href":"https:\/\/roveyayinevi.com.tr\/index.php\/wp-json\/wp\/v2\/product_cat?post=718284"},{"taxonomy":"product_tag","embeddable":true,"href":"https:\/\/roveyayinevi.com.tr\/index.php\/wp-json\/wp\/v2\/product_tag?post=718284"}],"curies":[{"name":"wp","href":"https:\/\/api.w.org\/{rel}","templated":true}]}}