{"id":718282,"date":"2025-08-27T18:06:33","date_gmt":"2025-08-27T15:06:33","guid":{"rendered":"https:\/\/roveyayinevi.com.tr\/index.php\/urun\/hormon-fabrikasi\/"},"modified":"2026-04-16T02:26:23","modified_gmt":"2026-04-15T23:26:23","slug":"hormon-fabrikasi","status":"publish","type":"product","link":"https:\/\/roveyayinevi.com.tr\/index.php\/urun\/hormon-fabrikasi\/","title":{"rendered":"Hormon Fabrikas\u0131"},"content":{"rendered":"<p>G\u00fc\u00e7, a\u00e7g\u00f6zl\u00fcl\u00fck, hormonlar, yasad\u0131\u015f\u0131 seks ve kad\u0131nlar\u0131 ele alan bir gerilim\u2026  Ba\u015frolde ise her \u015feye sahip olabilece\u011fine inanan canavar bir megalomanyak. II. D\u00fcnya Sava\u015f\u0131 \u00f6ncesi Hollandal\u0131 ila\u00e7 giri\u015fimcisi Mordechai de Paauw, bilim d\u00fcnyas\u0131nda f\u0131rt\u0131nalar estirecek do\u011fum kontrol hap\u0131n\u0131 geli\u015ftirmeye kararl\u0131d\u0131r; ne pahas\u0131na olursa olsun. Yan\u0131nda \u00e7al\u0131\u015fan kad\u0131n i\u015f\u00e7iler \u00fczerinde bu kimyasal\u0131n ba\u015far\u0131 oran\u0131n\u0131 test eder, cinsel tacizleri ile ac\u0131mas\u0131zl\u0131\u011f\u0131n\u0131 ta\u00e7land\u0131r\u0131r. Mordechai&#8217;nin gizli, ahlak noksan\u0131 hayat\u0131 ve \u015firketinin ba\u015far\u0131s\u0131, Hitler&#8217;in y\u00fckseli\u015fi ve \u00f6len o\u011flunun i\u00e7inde bulundu\u011fu \u015foke edici bir skandal y\u00fcz\u00fcnden tehdit alt\u0131ndad\u0131r. Mordechai i\u00e7in kurtulu\u015f yolu var m\u0131d\u0131r? Peki taraf\u0131ndan istismar edilen kad\u0131nlar v\u00fccutlar\u0131n\u0131n kontrol\u00fcn\u00fc yeniden ele alacak m\u0131d\u0131r?<\/p>\n","protected":false},"excerpt":{"rendered":"<p>G\u00fc\u00e7, a\u00e7g\u00f6zl\u00fcl\u00fck, hormonlar, yasad\u0131\u015f\u0131 seks ve kad\u0131nlar\u0131 ele alan bir gerilim\u2026 Ba\u015frolde ise her \u015feye sahip olabilece\u011fine inanan canavar bir megalomanyak. II. D\u00fcnya Sava\u015f\u0131 \u00f6ncesi Hollandal\u0131<span class=\"excerpt-hellip\"> [\u2026]<\/span><\/p>\n","protected":false},"featured_media":0,"template":"","meta":{"_monsterinsights_skip_tracking":false,"_monsterinsights_sitenote_active":false,"_monsterinsights_sitenote_note":"","_monsterinsights_sitenote_category":0},"product_brand":[],"product_cat":[12291,12745],"product_tag":[],"class_list":{"0":"post-718282","1":"product","2":"type-product","3":"status-publish","5":"product_cat-edebiyat","6":"product_cat-tarihi-roman","7":"pa_cilt-ciltsiz","8":"pa_tur-kitap","9":"pa_yayinevi-alabanda-yayin","10":"pa_yazar-saskia-goldschmidt","12":"first","13":"instock","14":"sale","15":"shipping-taxable","16":"purchasable","17":"product-type-simple"},"_links":{"self":[{"href":"https:\/\/roveyayinevi.com.tr\/index.php\/wp-json\/wp\/v2\/product\/718282","targetHints":{"allow":["GET"]}}],"collection":[{"href":"https:\/\/roveyayinevi.com.tr\/index.php\/wp-json\/wp\/v2\/product"}],"about":[{"href":"https:\/\/roveyayinevi.com.tr\/index.php\/wp-json\/wp\/v2\/types\/product"}],"wp:attachment":[{"href":"https:\/\/roveyayinevi.com.tr\/index.php\/wp-json\/wp\/v2\/media?parent=718282"}],"wp:term":[{"taxonomy":"product_brand","embeddable":true,"href":"https:\/\/roveyayinevi.com.tr\/index.php\/wp-json\/wp\/v2\/product_brand?post=718282"},{"taxonomy":"product_cat","embeddable":true,"href":"https:\/\/roveyayinevi.com.tr\/index.php\/wp-json\/wp\/v2\/product_cat?post=718282"},{"taxonomy":"product_tag","embeddable":true,"href":"https:\/\/roveyayinevi.com.tr\/index.php\/wp-json\/wp\/v2\/product_tag?post=718282"}],"curies":[{"name":"wp","href":"https:\/\/api.w.org\/{rel}","templated":true}]}}