{"id":718278,"date":"2025-08-27T18:06:31","date_gmt":"2025-08-27T15:06:31","guid":{"rendered":"https:\/\/roveyayinevi.com.tr\/index.php\/urun\/bir-ses\/"},"modified":"2026-04-16T02:26:23","modified_gmt":"2026-04-15T23:26:23","slug":"bir-ses","status":"publish","type":"product","link":"https:\/\/roveyayinevi.com.tr\/index.php\/urun\/bir-ses\/","title":{"rendered":"Bir Ses"},"content":{"rendered":"<p>Sesleri \u00e7ok severim. Duydu\u011fum her sesi taklit etmeye \u00e7al\u0131\u015f\u0131r\u0131m. \u015e\u0131p\u0131r \u015f\u0131p\u0131r&#8230; Ha\u015f\u0131r hu\u015fur&#8230; Fokur fokur&#8230; Hav hav&#8230; Peki, sen hangi sesleri \u00e7\u0131karabilirsin ?<\/p>\n","protected":false},"excerpt":{"rendered":"<p>Sesleri \u00e7ok severim. Duydu\u011fum her sesi taklit etmeye \u00e7al\u0131\u015f\u0131r\u0131m. \u015e\u0131p\u0131r \u015f\u0131p\u0131r&#8230; Ha\u015f\u0131r hu\u015fur&#8230; Fokur fokur&#8230; Hav hav&#8230; Peki, sen hangi sesleri \u00e7\u0131karabilirsin ?<\/p>\n","protected":false},"featured_media":0,"template":"","meta":{"_monsterinsights_skip_tracking":false,"_monsterinsights_sitenote_active":false,"_monsterinsights_sitenote_note":"","_monsterinsights_sitenote_category":0},"product_brand":[],"product_cat":[12274,15842],"product_tag":[],"class_list":{"0":"post-718278","1":"product","2":"type-product","3":"status-publish","5":"product_cat-cocuk-ve-genclik-kitaplari","6":"product_cat-egitici-kitaplar","7":"pa_cilt-ciltsiz","8":"pa_tur-kitap","9":"pa_yayinevi-masalperest-ozel-urun","10":"pa_yazar-gulsah-yemen-sarioglu-cagri-odabasi","12":"first","13":"instock","14":"sale","15":"shipping-taxable","16":"purchasable","17":"product-type-simple"},"_links":{"self":[{"href":"https:\/\/roveyayinevi.com.tr\/index.php\/wp-json\/wp\/v2\/product\/718278","targetHints":{"allow":["GET"]}}],"collection":[{"href":"https:\/\/roveyayinevi.com.tr\/index.php\/wp-json\/wp\/v2\/product"}],"about":[{"href":"https:\/\/roveyayinevi.com.tr\/index.php\/wp-json\/wp\/v2\/types\/product"}],"wp:attachment":[{"href":"https:\/\/roveyayinevi.com.tr\/index.php\/wp-json\/wp\/v2\/media?parent=718278"}],"wp:term":[{"taxonomy":"product_brand","embeddable":true,"href":"https:\/\/roveyayinevi.com.tr\/index.php\/wp-json\/wp\/v2\/product_brand?post=718278"},{"taxonomy":"product_cat","embeddable":true,"href":"https:\/\/roveyayinevi.com.tr\/index.php\/wp-json\/wp\/v2\/product_cat?post=718278"},{"taxonomy":"product_tag","embeddable":true,"href":"https:\/\/roveyayinevi.com.tr\/index.php\/wp-json\/wp\/v2\/product_tag?post=718278"}],"curies":[{"name":"wp","href":"https:\/\/api.w.org\/{rel}","templated":true}]}}