{"id":718273,"date":"2025-08-27T18:06:28","date_gmt":"2025-08-27T15:06:28","guid":{"rendered":"https:\/\/roveyayinevi.com.tr\/index.php\/urun\/sigmund-freud-seti-10-kitap-takim\/"},"modified":"2026-04-16T02:26:22","modified_gmt":"2026-04-15T23:26:22","slug":"sigmund-freud-seti-10-kitap-takim","status":"publish","type":"product","link":"https:\/\/roveyayinevi.com.tr\/index.php\/urun\/sigmund-freud-seti-10-kitap-takim\/","title":{"rendered":"Sigmund Freud Seti (10 Kitap Tak\u0131m)"},"content":{"rendered":"<p>Set \u0130\u00e7eri\u011fi;A\u015fk\u0131n PsikolojisiUygarl\u0131\u011f\u0131n Huzursuzlu\u011fuPsikanaliz \u00dczerinePsikanalize Giri\u015f &#8211; R\u00fcyaPsikanalize Giri\u015f &#8211; Hatal\u0131 EylemlerPsikanalize Giri\u015f: Nevrozlar\u0131n Genel Kuram\u0131Kitle PsikolojisiAmat\u00f6r Psikanalizi<\/p>\n","protected":false},"excerpt":{"rendered":"<p>Set \u0130\u00e7eri\u011fi;A\u015fk\u0131n PsikolojisiUygarl\u0131\u011f\u0131n Huzursuzlu\u011fuPsikanaliz \u00dczerinePsikanalize Giri\u015f &#8211; R\u00fcyaPsikanalize Giri\u015f &#8211; Hatal\u0131 EylemlerPsikanalize Giri\u015f: Nevrozlar\u0131n Genel Kuram\u0131Kitle PsikolojisiAmat\u00f6r Psikanalizi<\/p>\n","protected":false},"featured_media":0,"template":"","meta":{"_monsterinsights_skip_tracking":false,"_monsterinsights_sitenote_active":false,"_monsterinsights_sitenote_note":"","_monsterinsights_sitenote_category":0},"product_brand":[],"product_cat":[12358,12357],"product_tag":[],"class_list":{"0":"post-718273","1":"product","2":"type-product","3":"status-publish","5":"product_cat-genel-psikoloji","6":"product_cat-psikoloji","7":"pa_cilt-ciltsiz","8":"pa_tur-kitap","9":"pa_yayinevi-cem-yayinevi","10":"pa_yazar-sigmund-freud","12":"first","13":"instock","14":"sale","15":"shipping-taxable","16":"purchasable","17":"product-type-simple"},"_links":{"self":[{"href":"https:\/\/roveyayinevi.com.tr\/index.php\/wp-json\/wp\/v2\/product\/718273","targetHints":{"allow":["GET"]}}],"collection":[{"href":"https:\/\/roveyayinevi.com.tr\/index.php\/wp-json\/wp\/v2\/product"}],"about":[{"href":"https:\/\/roveyayinevi.com.tr\/index.php\/wp-json\/wp\/v2\/types\/product"}],"wp:attachment":[{"href":"https:\/\/roveyayinevi.com.tr\/index.php\/wp-json\/wp\/v2\/media?parent=718273"}],"wp:term":[{"taxonomy":"product_brand","embeddable":true,"href":"https:\/\/roveyayinevi.com.tr\/index.php\/wp-json\/wp\/v2\/product_brand?post=718273"},{"taxonomy":"product_cat","embeddable":true,"href":"https:\/\/roveyayinevi.com.tr\/index.php\/wp-json\/wp\/v2\/product_cat?post=718273"},{"taxonomy":"product_tag","embeddable":true,"href":"https:\/\/roveyayinevi.com.tr\/index.php\/wp-json\/wp\/v2\/product_tag?post=718273"}],"curies":[{"name":"wp","href":"https:\/\/api.w.org\/{rel}","templated":true}]}}