{"id":718272,"date":"2025-08-27T18:06:27","date_gmt":"2025-08-27T15:06:27","guid":{"rendered":"https:\/\/roveyayinevi.com.tr\/index.php\/urun\/benim-guzel-organlarim-organlarimla-allaha-sukrediyorum\/"},"modified":"2026-04-16T02:26:22","modified_gmt":"2026-04-15T23:26:22","slug":"benim-guzel-organlarim-organlarimla-allaha-sukrediyorum","status":"publish","type":"product","link":"https:\/\/roveyayinevi.com.tr\/index.php\/urun\/benim-guzel-organlarim-organlarimla-allaha-sukrediyorum\/","title":{"rendered":"Benim G\u00fczel Organlar\u0131m &#8211; Organlar\u0131mla Allah\u2019a \u015e\u00fckrediyorum"},"content":{"rendered":"<p>Sevgili ebeveynler,\u201cBenim G\u00fczel Organlar\u0131m\u201d kitab\u0131 okul \u00f6ncesi \u00e7ocuklar i\u00e7in haz\u0131rland\u0131. Reng\u00e2renk bir tasar\u0131m ve c\u0131v\u0131l c\u0131v\u0131l resimlerle s\u00fcslenen bu kitapta tam on ayr\u0131 organ i\u015flendi.\u0130\u015fte bu e\u011flenceli kitab\u0131n \u00e7ocu\u011funuza sa\u011flayaca\u011f\u0131 kazan\u0131mlar ve sizin yapman\u0131z gerekenler:El-g\u00f6z koordinasyonu geli\u015fimi i\u00e7in kitapta ge\u00e7en b\u00f6l\u00fcmleri \u00e7ocu\u011funuza dokunarak tekrarlay\u0131n.Akademik-sosyal zeka geli\u015fimi i\u00e7in kitaptaki nesnelerin evdeki benzerlerini g\u00f6sterip onlara dokunmas\u0131n\u0131 sa\u011flay\u0131n.Unutmay\u0131n, kitap okumak \u00e7ocu\u011funuzla ge\u00e7irece\u011finiz en keyifli ve biyo-psiko-sosyal a\u00e7\u0131dan en verimli an\u0131n\u0131z olacak!<\/p>\n","protected":false},"excerpt":{"rendered":"<p>Sevgili ebeveynler,\u201cBenim G\u00fczel Organlar\u0131m\u201d kitab\u0131 okul \u00f6ncesi \u00e7ocuklar i\u00e7in haz\u0131rland\u0131. Reng\u00e2renk bir tasar\u0131m ve c\u0131v\u0131l c\u0131v\u0131l resimlerle s\u00fcslenen bu kitapta tam on ayr\u0131 organ i\u015flendi.\u0130\u015fte bu<span class=\"excerpt-hellip\"> [\u2026]<\/span><\/p>\n","protected":false},"featured_media":0,"template":"","meta":{"_monsterinsights_skip_tracking":false,"_monsterinsights_sitenote_active":false,"_monsterinsights_sitenote_note":"","_monsterinsights_sitenote_category":0},"product_brand":[],"product_cat":[12274,12284],"product_tag":[],"class_list":{"0":"post-718272","1":"product","2":"type-product","3":"status-publish","5":"product_cat-cocuk-ve-genclik-kitaplari","6":"product_cat-hikayeler","7":"pa_cilt-ciltsiz","8":"pa_tur-kitap","9":"pa_yayinevi-nesil-cocuk-yayinlari","10":"pa_yazar-rabia-nazik-yuksel","12":"first","13":"instock","14":"sale","15":"shipping-taxable","16":"purchasable","17":"product-type-simple"},"_links":{"self":[{"href":"https:\/\/roveyayinevi.com.tr\/index.php\/wp-json\/wp\/v2\/product\/718272","targetHints":{"allow":["GET"]}}],"collection":[{"href":"https:\/\/roveyayinevi.com.tr\/index.php\/wp-json\/wp\/v2\/product"}],"about":[{"href":"https:\/\/roveyayinevi.com.tr\/index.php\/wp-json\/wp\/v2\/types\/product"}],"wp:attachment":[{"href":"https:\/\/roveyayinevi.com.tr\/index.php\/wp-json\/wp\/v2\/media?parent=718272"}],"wp:term":[{"taxonomy":"product_brand","embeddable":true,"href":"https:\/\/roveyayinevi.com.tr\/index.php\/wp-json\/wp\/v2\/product_brand?post=718272"},{"taxonomy":"product_cat","embeddable":true,"href":"https:\/\/roveyayinevi.com.tr\/index.php\/wp-json\/wp\/v2\/product_cat?post=718272"},{"taxonomy":"product_tag","embeddable":true,"href":"https:\/\/roveyayinevi.com.tr\/index.php\/wp-json\/wp\/v2\/product_tag?post=718272"}],"curies":[{"name":"wp","href":"https:\/\/api.w.org\/{rel}","templated":true}]}}