{"id":718271,"date":"2025-08-27T18:06:26","date_gmt":"2025-08-27T15:06:26","guid":{"rendered":"https:\/\/roveyayinevi.com.tr\/index.php\/urun\/yurttas-gazetecilik-kuresel-perspektifler\/"},"modified":"2026-04-16T02:26:22","modified_gmt":"2026-04-15T23:26:22","slug":"yurttas-gazetecilik-kuresel-perspektifler","status":"publish","type":"product","link":"https:\/\/roveyayinevi.com.tr\/index.php\/urun\/yurttas-gazetecilik-kuresel-perspektifler\/","title":{"rendered":"Yurtta\u015f Gazetecilik; K\u00fcresel Perspektifler"},"content":{"rendered":"<p>Yurtta\u015f Gazetecilik: K\u00fcresel Perspektifler, s\u0131ra d\u0131\u015f\u0131 olaylarla kar\u015f\u0131la\u015fan s\u0131radan insanlar\u0131n kendilerini haber muhabiri rol\u00fcn\u00fc \u00fcstlenmek zorunda hissederek, kendili\u011finden ger\u00e7ekle\u015ftirdikleri faaliyetleri inceliyor. Zihin a\u00e7\u0131c\u0131 yirmi bir orijinal makaleden olu\u015fan bu derleme kitap, Amerika Birle\u015fik Devletleri, \u0130ngiltere, Avrupa ve Avustralya ba\u011flam\u0131nda Bat\u0131\u2019daki yurtta\u015f gazetecili\u011fi, bunun yan\u0131nda da Brezilya, \u00c7in, Hindistan, \u0130ran, Irak, Kenya, Filistin, G\u00fcney Kore, Vietnam ve hatta Antarktika gibi \u00fclkelerde farkl\u0131 ulusal ba\u011flamlarda ortaya \u00e7\u0131kan yurtta\u015f gazetecili\u011fin geli\u015fimini irdeliyor.Yurtta\u015f gazetecilik ara\u015ft\u0131rma alan\u0131 i\u00e7in temel \u00f6nemdeki konular\u0131, g\u00fcncel ve iddial\u0131 bak\u0131\u015f a\u00e7\u0131lar\u0131yla ele al\u0131yor. Yurtta\u015f gazetecili\u011fin kriz muhabirli\u011fine katk\u0131s\u0131n\u0131 de\u011ferlendirip yeni diyalog bi\u00e7imlerini te\u015fvik etmeyi hedefliyor ve bunun gelecekte nas\u0131l geli\u015ftirilebilece\u011fini tart\u0131\u015f\u0131yor.  \u201cDaha \u00f6nce izleyici ya da okuyucu diye bilinen insanlar, birbirlerini bilgilendirmek i\u00e7in medya ara\u00e7lar\u0131n\u0131 kullanmaya ba\u015flad\u0131\u011f\u0131nda, bu yurtta\u015f gazeteciliktir. Bu k\u00fcresel bir olgudur, \u00e7\u00fcnk\u00fc yurtta\u015f gazetecilik yapmak i\u00e7in kullan\u0131lan ara\u00e7lar, n\u00fcfusun geneline yay\u0131lm\u0131\u015ft\u0131r. Bu y\u00fczden, bu konu hakk\u0131ndaki fikirlerimiz de k\u00fcresel olmak zorundad\u0131r. Ayr\u0131ca, yurtta\u015flar hakk\u0131nda duygusal olmaktan ya da profesyonellerin yapt\u0131klar\u0131 kar\u015f\u0131s\u0131nda \u00f6nemsemez bir tav\u0131r tak\u0131nmaktan ka\u00e7\u0131nmal\u0131y\u0131z. B\u00f6yle zor bir meseleyi ancak bunun gibi bir kitap a\u00e7\u0131k bir bi\u00e7imde ele alabilirdi. Tek kelimeyle s\u00f6ylemek gerekirse, edit\u00f6rler bu i\u015fi ba\u015farm\u0131\u015f.\u201d JayRosen, Gazetecilik B\u00f6l\u00fcm\u00fc, New York \u00dcniversitesi \u201cG\u00fcncel vakalar\u0131n k\u00fcresel kapsama sahip m\u00fckemmel bir se\u00e7kisi;  yepyeni hik\u00e2yeleri ve \u00e7evrimi\u00e7i gazetecilikteki en yetkin akademisyenleri bir araya getiren bir \u00e7al\u0131\u015fma. Bu y\u00f6n\u00fcyle teorinin \u00f6tesine ge\u00e7en bir kitap. Elinizdeki eser, halk\u0131n halk i\u00e7in yapt\u0131\u011f\u0131 haberlerin \u00e7e\u015fitlili\u011fini ve etkisini g\u00f6steriyor.\u201d MindyMcAdams, Gazetecilik ve \u0130leti\u015fim Fak\u00fcltesi, Florida \u00dcniversitesi <\/p>\n","protected":false},"excerpt":{"rendered":"<p>Yurtta\u015f Gazetecilik: K\u00fcresel Perspektifler, s\u0131ra d\u0131\u015f\u0131 olaylarla kar\u015f\u0131la\u015fan s\u0131radan insanlar\u0131n kendilerini haber muhabiri rol\u00fcn\u00fc \u00fcstlenmek zorunda hissederek, kendili\u011finden ger\u00e7ekle\u015ftirdikleri faaliyetleri inceliyor. Zihin a\u00e7\u0131c\u0131 yirmi bir orijinal<span class=\"excerpt-hellip\"> [\u2026]<\/span><\/p>\n","protected":false},"featured_media":0,"template":"","meta":{"_monsterinsights_skip_tracking":false,"_monsterinsights_sitenote_active":false,"_monsterinsights_sitenote_note":"","_monsterinsights_sitenote_category":0},"product_brand":[],"product_cat":[13072,12291],"product_tag":[],"class_list":{"0":"post-718271","1":"product","2":"type-product","3":"status-publish","5":"product_cat-arastirma-inceleme-referans","6":"product_cat-edebiyat","7":"pa_cilt-ciltsiz","8":"pa_tur-kitap","9":"pa_yayinevi-kafka-yayinevi","10":"pa_yazar-stuart-allan-einarthorsen","12":"first","13":"instock","14":"sale","15":"shipping-taxable","16":"purchasable","17":"product-type-simple"},"_links":{"self":[{"href":"https:\/\/roveyayinevi.com.tr\/index.php\/wp-json\/wp\/v2\/product\/718271","targetHints":{"allow":["GET"]}}],"collection":[{"href":"https:\/\/roveyayinevi.com.tr\/index.php\/wp-json\/wp\/v2\/product"}],"about":[{"href":"https:\/\/roveyayinevi.com.tr\/index.php\/wp-json\/wp\/v2\/types\/product"}],"wp:attachment":[{"href":"https:\/\/roveyayinevi.com.tr\/index.php\/wp-json\/wp\/v2\/media?parent=718271"}],"wp:term":[{"taxonomy":"product_brand","embeddable":true,"href":"https:\/\/roveyayinevi.com.tr\/index.php\/wp-json\/wp\/v2\/product_brand?post=718271"},{"taxonomy":"product_cat","embeddable":true,"href":"https:\/\/roveyayinevi.com.tr\/index.php\/wp-json\/wp\/v2\/product_cat?post=718271"},{"taxonomy":"product_tag","embeddable":true,"href":"https:\/\/roveyayinevi.com.tr\/index.php\/wp-json\/wp\/v2\/product_tag?post=718271"}],"curies":[{"name":"wp","href":"https:\/\/api.w.org\/{rel}","templated":true}]}}