{"id":718267,"date":"2025-08-27T18:06:23","date_gmt":"2025-08-27T15:06:23","guid":{"rendered":"https:\/\/roveyayinevi.com.tr\/index.php\/urun\/metin-baba\/"},"modified":"2026-04-16T02:26:22","modified_gmt":"2026-04-15T23:26:22","slug":"metin-baba","status":"publish","type":"product","link":"https:\/\/roveyayinevi.com.tr\/index.php\/urun\/metin-baba\/","title":{"rendered":"Metin Baba"},"content":{"rendered":"<p>&#8220;Metin i\u00e7in ba\u015flang\u0131\u00e7ta s\u0131k\u0131c\u0131 gelen huzurevi g\u00fcnlerine art\u0131k al\u0131\u015fm\u0131\u015f, hatta daha da iyi ge\u00e7iyordu. Orada kalanlarda mutlu olmu\u015ftu. M\u00fczik ve resim \u00e7al\u0131\u015fmas\u0131na vakit bulduk\u00e7a idarenin izniyle \u00e7al\u0131\u015fan personelden kat\u0131lanlar oluyordu. D\u0131\u015far\u0131dan gelen meslek \u00f6\u011frtmenleriyle i\u00e7li d\u0131\u015fl\u0131 olmu\u015ftu. G\u00fcn yetmemeye ba\u015flam\u0131\u015ft\u0131. \u0130nsanlar\u0131n morali y\u00fckselmi\u015fti. \u00c7al\u0131\u015fmaya kat\u0131lamayanlar da \u00e7al\u0131\u015fanlar\u0131 izliyorlard\u0131. Kendine b\u00fcy\u00fck moral oluyordu.&#8221;<\/p>\n","protected":false},"excerpt":{"rendered":"<p>&#8220;Metin i\u00e7in ba\u015flang\u0131\u00e7ta s\u0131k\u0131c\u0131 gelen huzurevi g\u00fcnlerine art\u0131k al\u0131\u015fm\u0131\u015f, hatta daha da iyi ge\u00e7iyordu. Orada kalanlarda mutlu olmu\u015ftu. M\u00fczik ve resim \u00e7al\u0131\u015fmas\u0131na vakit bulduk\u00e7a idarenin izniyle<span class=\"excerpt-hellip\"> [\u2026]<\/span><\/p>\n","protected":false},"featured_media":0,"template":"","meta":{"_monsterinsights_skip_tracking":false,"_monsterinsights_sitenote_active":false,"_monsterinsights_sitenote_note":"","_monsterinsights_sitenote_category":0},"product_brand":[],"product_cat":[12291,12711],"product_tag":[],"class_list":{"0":"post-718267","1":"product","2":"type-product","3":"status-publish","5":"product_cat-edebiyat","6":"product_cat-roman-oyku","7":"pa_cilt-ciltsiz","8":"pa_tur-kitap","9":"pa_yayinevi-soncag","10":"pa_yazar-kemal-caliskan","12":"first","13":"instock","14":"sale","15":"shipping-taxable","16":"purchasable","17":"product-type-simple"},"_links":{"self":[{"href":"https:\/\/roveyayinevi.com.tr\/index.php\/wp-json\/wp\/v2\/product\/718267","targetHints":{"allow":["GET"]}}],"collection":[{"href":"https:\/\/roveyayinevi.com.tr\/index.php\/wp-json\/wp\/v2\/product"}],"about":[{"href":"https:\/\/roveyayinevi.com.tr\/index.php\/wp-json\/wp\/v2\/types\/product"}],"wp:attachment":[{"href":"https:\/\/roveyayinevi.com.tr\/index.php\/wp-json\/wp\/v2\/media?parent=718267"}],"wp:term":[{"taxonomy":"product_brand","embeddable":true,"href":"https:\/\/roveyayinevi.com.tr\/index.php\/wp-json\/wp\/v2\/product_brand?post=718267"},{"taxonomy":"product_cat","embeddable":true,"href":"https:\/\/roveyayinevi.com.tr\/index.php\/wp-json\/wp\/v2\/product_cat?post=718267"},{"taxonomy":"product_tag","embeddable":true,"href":"https:\/\/roveyayinevi.com.tr\/index.php\/wp-json\/wp\/v2\/product_tag?post=718267"}],"curies":[{"name":"wp","href":"https:\/\/api.w.org\/{rel}","templated":true}]}}