{"id":718266,"date":"2025-08-27T18:06:23","date_gmt":"2025-08-27T15:06:23","guid":{"rendered":"https:\/\/roveyayinevi.com.tr\/index.php\/urun\/lafirent\/"},"modified":"2026-04-16T02:26:22","modified_gmt":"2026-04-15T23:26:22","slug":"lafirent","status":"publish","type":"product","link":"https:\/\/roveyayinevi.com.tr\/index.php\/urun\/lafirent\/","title":{"rendered":"Lafirent"},"content":{"rendered":"<p>Bu kitapta yaz\u0131m yanl\u0131\u015f\u0131 yoktur.Laf\u00fcg\u00fczel, K\u0131lafuz, Muhalafet, Lafozan, Ele\u011fimsa\u011fma, D\u00fc\u015fg\u00fcd\u00fc, Tene\u015fiir, Herc\u00fcmerc, RTrandum, Yar Ya\u011f\u0131\u015f\u0131, \u00d6l\u00fcncek A\u011f\u0131, Nev Resim, Sen Drom, Cinzelzele, G ve Z, \u00c7enevizyon, Lepiska, Sensemek, Sevitaryen, D\u00fc\u015f-e\u015f, Karakat\u00fcr, Engellekt\u00fcel, A\u015fkl\u0131k Grevi, Metamatik, Edeptasyon, \u015eekerlemermi, \u015eiirli De\u011fnek, G\u00fcnd\u00fc\u015f\u00fc, Yas Mevsimi gibi b\u00f6l\u00fcm ve \u015fiir ba\u015fl\u0131klar\u0131yla kar\u015f\u0131la\u015ft\u0131\u011f\u0131n\u0131zda;\u015eiir i\u00e7inde s\u00fcrat yapmay\u0131n\u0131z, hatta yaya dola\u015f\u0131n\u0131z.<\/p>\n","protected":false},"excerpt":{"rendered":"<p>Bu kitapta yaz\u0131m yanl\u0131\u015f\u0131 yoktur.Laf\u00fcg\u00fczel, K\u0131lafuz, Muhalafet, Lafozan, Ele\u011fimsa\u011fma, D\u00fc\u015fg\u00fcd\u00fc, Tene\u015fiir, Herc\u00fcmerc, RTrandum, Yar Ya\u011f\u0131\u015f\u0131, \u00d6l\u00fcncek A\u011f\u0131, Nev Resim, Sen Drom, Cinzelzele, G ve Z, \u00c7enevizyon,<span class=\"excerpt-hellip\"> [\u2026]<\/span><\/p>\n","protected":false},"featured_media":0,"template":"","meta":{"_monsterinsights_skip_tracking":false,"_monsterinsights_sitenote_active":false,"_monsterinsights_sitenote_note":"","_monsterinsights_sitenote_category":0},"product_brand":[],"product_cat":[12291,12509],"product_tag":[],"class_list":{"0":"post-718266","1":"product","2":"type-product","3":"status-publish","5":"product_cat-edebiyat","6":"product_cat-siir","7":"pa_cilt-ciltsiz","8":"pa_tur-kitap","9":"pa_yayinevi-soncag","10":"pa_yazar-rahim-tas","12":"first","13":"instock","14":"sale","15":"shipping-taxable","16":"purchasable","17":"product-type-simple"},"_links":{"self":[{"href":"https:\/\/roveyayinevi.com.tr\/index.php\/wp-json\/wp\/v2\/product\/718266","targetHints":{"allow":["GET"]}}],"collection":[{"href":"https:\/\/roveyayinevi.com.tr\/index.php\/wp-json\/wp\/v2\/product"}],"about":[{"href":"https:\/\/roveyayinevi.com.tr\/index.php\/wp-json\/wp\/v2\/types\/product"}],"wp:attachment":[{"href":"https:\/\/roveyayinevi.com.tr\/index.php\/wp-json\/wp\/v2\/media?parent=718266"}],"wp:term":[{"taxonomy":"product_brand","embeddable":true,"href":"https:\/\/roveyayinevi.com.tr\/index.php\/wp-json\/wp\/v2\/product_brand?post=718266"},{"taxonomy":"product_cat","embeddable":true,"href":"https:\/\/roveyayinevi.com.tr\/index.php\/wp-json\/wp\/v2\/product_cat?post=718266"},{"taxonomy":"product_tag","embeddable":true,"href":"https:\/\/roveyayinevi.com.tr\/index.php\/wp-json\/wp\/v2\/product_tag?post=718266"}],"curies":[{"name":"wp","href":"https:\/\/api.w.org\/{rel}","templated":true}]}}