{"id":718265,"date":"2025-08-27T18:06:22","date_gmt":"2025-08-27T15:06:22","guid":{"rendered":"https:\/\/roveyayinevi.com.tr\/index.php\/urun\/kutsal-savas\/"},"modified":"2026-04-16T02:26:22","modified_gmt":"2026-04-15T23:26:22","slug":"kutsal-savas","status":"publish","type":"product","link":"https:\/\/roveyayinevi.com.tr\/index.php\/urun\/kutsal-savas\/","title":{"rendered":"Kutsal Sava\u015f"},"content":{"rendered":"<p>Ger\u00e7ekler:\u00d6yk\u00fcde ge\u00e7en mekanlar ve sava\u015fla ilgili \u00fclkelerin ili\u015fkileri, tarihlendirmeler, katliamlar ve dini bilgiler ger\u00e7e\u011fi yans\u0131tmaktad\u0131r.\u00d6yk\u00fcde ge\u00e7en \u00b4\u00b4\u0130nsan Dalgas\u0131 Sald\u0131r\u0131s\u0131\u00b4\u00b4 olay\u0131 tamamen ger\u00e7e\u011fi yans\u0131tmaktad\u0131r\u00d6yk\u00fcde kendini yakarak intihara kalk\u0131\u015fan k\u0131z olay\u0131 \u0130ran\u00b4da ya\u015fanan ger\u00e7ek bir olay\u0131n rivayetidir.<\/p>\n","protected":false},"excerpt":{"rendered":"<p>Ger\u00e7ekler:\u00d6yk\u00fcde ge\u00e7en mekanlar ve sava\u015fla ilgili \u00fclkelerin ili\u015fkileri, tarihlendirmeler, katliamlar ve dini bilgiler ger\u00e7e\u011fi yans\u0131tmaktad\u0131r.\u00d6yk\u00fcde ge\u00e7en \u00b4\u00b4\u0130nsan Dalgas\u0131 Sald\u0131r\u0131s\u0131\u00b4\u00b4 olay\u0131 tamamen ger\u00e7e\u011fi yans\u0131tmaktad\u0131r\u00d6yk\u00fcde kendini yakarak intihara<span class=\"excerpt-hellip\"> [\u2026]<\/span><\/p>\n","protected":false},"featured_media":0,"template":"","meta":{"_monsterinsights_skip_tracking":false,"_monsterinsights_sitenote_active":false,"_monsterinsights_sitenote_note":"","_monsterinsights_sitenote_category":0},"product_brand":[],"product_cat":[12291,12711],"product_tag":[],"class_list":{"0":"post-718265","1":"product","2":"type-product","3":"status-publish","5":"product_cat-edebiyat","6":"product_cat-roman-oyku","7":"pa_cilt-ciltsiz","8":"pa_tur-kitap","9":"pa_yayinevi-soncag","10":"pa_yazar-mahboub-amrahy","12":"first","13":"instock","14":"sale","15":"shipping-taxable","16":"purchasable","17":"product-type-simple"},"_links":{"self":[{"href":"https:\/\/roveyayinevi.com.tr\/index.php\/wp-json\/wp\/v2\/product\/718265","targetHints":{"allow":["GET"]}}],"collection":[{"href":"https:\/\/roveyayinevi.com.tr\/index.php\/wp-json\/wp\/v2\/product"}],"about":[{"href":"https:\/\/roveyayinevi.com.tr\/index.php\/wp-json\/wp\/v2\/types\/product"}],"wp:attachment":[{"href":"https:\/\/roveyayinevi.com.tr\/index.php\/wp-json\/wp\/v2\/media?parent=718265"}],"wp:term":[{"taxonomy":"product_brand","embeddable":true,"href":"https:\/\/roveyayinevi.com.tr\/index.php\/wp-json\/wp\/v2\/product_brand?post=718265"},{"taxonomy":"product_cat","embeddable":true,"href":"https:\/\/roveyayinevi.com.tr\/index.php\/wp-json\/wp\/v2\/product_cat?post=718265"},{"taxonomy":"product_tag","embeddable":true,"href":"https:\/\/roveyayinevi.com.tr\/index.php\/wp-json\/wp\/v2\/product_tag?post=718265"}],"curies":[{"name":"wp","href":"https:\/\/api.w.org\/{rel}","templated":true}]}}