{"id":718264,"date":"2025-08-27T18:06:21","date_gmt":"2025-08-27T15:06:21","guid":{"rendered":"https:\/\/roveyayinevi.com.tr\/index.php\/urun\/kasaba\/"},"modified":"2026-04-16T02:26:22","modified_gmt":"2026-04-15T23:26:22","slug":"kasaba","status":"publish","type":"product","link":"https:\/\/roveyayinevi.com.tr\/index.php\/urun\/kasaba\/","title":{"rendered":"Kasaba"},"content":{"rendered":"<p>Bir sahne olarak kurgulanm\u0131\u015f Kasaba\u2019n\u0131n sakinleri resm-i ge\u00e7it yaparcas\u0131na sahnede arz-\u0131 endam ederken anlat\u0131c\u0131m\u0131z kimi zaman okuyucuyu rahats\u0131z etme pahas\u0131na onlar\u0131n en s\u00fcfl\u00ee hallerini if\u015fa ediyor, kimi zaman ise garip bir empati kuman\u0131za imk\u00e2n tan\u0131yacak y\u00f6nlerine \u0131\u015f\u0131k tutarak, onlar\u0131 mutlak k\u00f6t\u00fcden h\u0131zla uzakla\u015ft\u0131r\u0131p, rahatlaman\u0131za m\u00fcsaada etmiyor. Tabiat \u015fartlar\u0131n\u0131n insan\u0131n karakterinde tesiri oldu\u011fu hakikatse de roman karakterlerinin pek \u00e7o\u011funda tezah\u00fcr eden yozlu\u011fun sebebini bununla da a\u00e7\u0131klamam\u0131za izin vermiyor anlat\u0131c\u0131. Zira ayn\u0131 \u015fartlarda pek\u00e2l\u00e2 iyi de v\u00fccut buluyor, hatta hayli iri bir c\u00fcsseyle&#8230; Nihayetinde anlat\u0131c\u0131, \u201c\u0130nsan nedir?\u201d sorusunu cevapl\u0131yor: \u201c\u0130nsan \u00fc\u00e7 be\u015f damla kan ve bin bir endi\u015fedir.\u201d diyen Sad\u00ee \u015eiraz\u00ee gibi&#8230; Ve insan\u0131 kayg\u0131lar\u0131n, heveslerin, zaaflar\u0131n ve hasletlerin b\u00fct\u00fcn\u00fcnden m\u00fcte\u015fekkil bir varl\u0131k olarak resmediyor.Kasaba\u2019daki ola\u011fan\u00fcst\u00fc iklim \u015fartlar\u0131na ra\u011fmen insanlar neden terk etmeyi\/ka\u00e7\u0131p gitmeyi d\u00fc\u015f\u00fcnm\u00fcyorlar ya da neden hepsini d\u00f6n\u00fc\u015ft\u00fcren yozlu\u011fu de\u011fi\u015ftirmek i\u00e7in bir \u015feyler yapm\u0131yorlar sorusu roman boyunca akl\u0131n\u0131za tak\u0131l\u0131yor. Fakat roman\u0131n sayfalar\u0131n\u0131 kapatt\u0131\u011f\u0131m\u0131zda kar\u015f\u0131m\u0131za \u00e7\u0131kan ger\u00e7ek hayat da b\u00f6yle de\u011fil mi? M\u00e2ruz kald\u0131\u011f\u0131m\u0131z \u015feyleri de\u011fi\u015ftirmek i\u00e7in biz neler yap\u0131yoruz?Mine Bay ilk roman\u0131 Kasaba\u00b4da hayli rahats\u0131z edici karakterlerin hayatlar\u0131 \u00fcst\u00fcnden T\u00fcrkiye\u00b4yi anlat\u0131yor. Kahramanlar\u0131 olmayan ya da kahramanlar\u0131n\u0131n terk etti\u011fi bir kasaba&#8230;<\/p>\n","protected":false},"excerpt":{"rendered":"<p>Bir sahne olarak kurgulanm\u0131\u015f Kasaba\u2019n\u0131n sakinleri resm-i ge\u00e7it yaparcas\u0131na sahnede arz-\u0131 endam ederken anlat\u0131c\u0131m\u0131z kimi zaman okuyucuyu rahats\u0131z etme pahas\u0131na onlar\u0131n en s\u00fcfl\u00ee hallerini if\u015fa ediyor,<span class=\"excerpt-hellip\"> [\u2026]<\/span><\/p>\n","protected":false},"featured_media":0,"template":"","meta":{"_monsterinsights_skip_tracking":false,"_monsterinsights_sitenote_active":false,"_monsterinsights_sitenote_note":"","_monsterinsights_sitenote_category":0},"product_brand":[],"product_cat":[12291,12711],"product_tag":[],"class_list":{"0":"post-718264","1":"product","2":"type-product","3":"status-publish","5":"product_cat-edebiyat","6":"product_cat-roman-oyku","7":"pa_cilt-ciltsiz","8":"pa_tur-kitap","9":"pa_yayinevi-soncag","10":"pa_yazar-mine-bay","12":"first","13":"instock","14":"sale","15":"shipping-taxable","16":"purchasable","17":"product-type-simple"},"_links":{"self":[{"href":"https:\/\/roveyayinevi.com.tr\/index.php\/wp-json\/wp\/v2\/product\/718264","targetHints":{"allow":["GET"]}}],"collection":[{"href":"https:\/\/roveyayinevi.com.tr\/index.php\/wp-json\/wp\/v2\/product"}],"about":[{"href":"https:\/\/roveyayinevi.com.tr\/index.php\/wp-json\/wp\/v2\/types\/product"}],"wp:attachment":[{"href":"https:\/\/roveyayinevi.com.tr\/index.php\/wp-json\/wp\/v2\/media?parent=718264"}],"wp:term":[{"taxonomy":"product_brand","embeddable":true,"href":"https:\/\/roveyayinevi.com.tr\/index.php\/wp-json\/wp\/v2\/product_brand?post=718264"},{"taxonomy":"product_cat","embeddable":true,"href":"https:\/\/roveyayinevi.com.tr\/index.php\/wp-json\/wp\/v2\/product_cat?post=718264"},{"taxonomy":"product_tag","embeddable":true,"href":"https:\/\/roveyayinevi.com.tr\/index.php\/wp-json\/wp\/v2\/product_tag?post=718264"}],"curies":[{"name":"wp","href":"https:\/\/api.w.org\/{rel}","templated":true}]}}