{"id":718260,"date":"2025-08-27T18:06:18","date_gmt":"2025-08-27T15:06:18","guid":{"rendered":"https:\/\/roveyayinevi.com.tr\/index.php\/urun\/deli-ibo\/"},"modified":"2026-04-08T02:33:27","modified_gmt":"2026-04-07T23:33:27","slug":"deli-ibo","status":"publish","type":"product","link":"https:\/\/roveyayinevi.com.tr\/index.php\/urun\/deli-ibo\/","title":{"rendered":"Deli \u0130bo"},"content":{"rendered":"<p>\u00c7\u0131kt\u0131m y\u00fccelere seyran eyledim,Rast geldim bir viranenin ta\u015f\u0131na.Dedim viran, ne zamandan berisin?Neler g\u00f6rd\u00fcn, neler geldi ba\u015f\u0131na?Deli \u0130bo<\/p>\n","protected":false},"excerpt":{"rendered":"<p>\u00c7\u0131kt\u0131m y\u00fccelere seyran eyledim,Rast geldim bir viranenin ta\u015f\u0131na.Dedim viran, ne zamandan berisin?Neler g\u00f6rd\u00fcn, neler geldi ba\u015f\u0131na?Deli \u0130bo<\/p>\n","protected":false},"featured_media":0,"template":"","meta":{"_monsterinsights_skip_tracking":false,"_monsterinsights_sitenote_active":false,"_monsterinsights_sitenote_note":"","_monsterinsights_sitenote_category":0},"product_brand":[],"product_cat":[12291,12711],"product_tag":[],"class_list":{"0":"post-718260","1":"product","2":"type-product","3":"status-publish","5":"product_cat-edebiyat","6":"product_cat-roman-oyku","7":"pa_cilt-ciltsiz","8":"pa_tur-kitap","9":"pa_yayinevi-soncag","10":"pa_yazar-veysel-tunc","12":"first","13":"instock","14":"sale","15":"shipping-taxable","16":"purchasable","17":"product-type-simple"},"_links":{"self":[{"href":"https:\/\/roveyayinevi.com.tr\/index.php\/wp-json\/wp\/v2\/product\/718260","targetHints":{"allow":["GET"]}}],"collection":[{"href":"https:\/\/roveyayinevi.com.tr\/index.php\/wp-json\/wp\/v2\/product"}],"about":[{"href":"https:\/\/roveyayinevi.com.tr\/index.php\/wp-json\/wp\/v2\/types\/product"}],"wp:attachment":[{"href":"https:\/\/roveyayinevi.com.tr\/index.php\/wp-json\/wp\/v2\/media?parent=718260"}],"wp:term":[{"taxonomy":"product_brand","embeddable":true,"href":"https:\/\/roveyayinevi.com.tr\/index.php\/wp-json\/wp\/v2\/product_brand?post=718260"},{"taxonomy":"product_cat","embeddable":true,"href":"https:\/\/roveyayinevi.com.tr\/index.php\/wp-json\/wp\/v2\/product_cat?post=718260"},{"taxonomy":"product_tag","embeddable":true,"href":"https:\/\/roveyayinevi.com.tr\/index.php\/wp-json\/wp\/v2\/product_tag?post=718260"}],"curies":[{"name":"wp","href":"https:\/\/api.w.org\/{rel}","templated":true}]}}