{"id":718255,"date":"2025-08-27T18:06:16","date_gmt":"2025-08-27T15:06:16","guid":{"rendered":"https:\/\/roveyayinevi.com.tr\/index.php\/urun\/sosyal-komedya\/"},"modified":"2026-04-16T02:26:22","modified_gmt":"2026-04-15T23:26:22","slug":"sosyal-komedya","status":"publish","type":"product","link":"https:\/\/roveyayinevi.com.tr\/index.php\/urun\/sosyal-komedya\/","title":{"rendered":"Sosyal Komedya"},"content":{"rendered":"<p>Tiyatro Oyunlar\u0131Deli k\u0131zUstaSubar Da\u011f\u0131 Efsanesi\u015einanayY\u00fcreksel KrizYamuk Prens Ve Yedi Cad\u0131larHotmail CaddesiMutluluk M\u00fcd\u00fcrl\u00fc\u011f\u00fcYar\u0131m Kalan Bir \u015eeyler<\/p>\n","protected":false},"excerpt":{"rendered":"<p>Tiyatro Oyunlar\u0131Deli k\u0131zUstaSubar Da\u011f\u0131 Efsanesi\u015einanayY\u00fcreksel KrizYamuk Prens Ve Yedi Cad\u0131larHotmail CaddesiMutluluk M\u00fcd\u00fcrl\u00fc\u011f\u00fcYar\u0131m Kalan Bir \u015eeyler<\/p>\n","protected":false},"featured_media":0,"template":"","meta":{"_monsterinsights_skip_tracking":false,"_monsterinsights_sitenote_active":false,"_monsterinsights_sitenote_note":"","_monsterinsights_sitenote_category":0},"product_brand":[],"product_cat":[12409,12408],"product_tag":[],"class_list":{"0":"post-718255","1":"product","2":"type-product","3":"status-publish","5":"product_cat-fotograf-sinema-tiyatro","6":"product_cat-sanat","7":"pa_cilt-ciltsiz","8":"pa_tur-kitap","9":"pa_yayinevi-soncag","10":"pa_yazar-rahim-tas","12":"first","13":"instock","14":"sale","15":"shipping-taxable","16":"purchasable","17":"product-type-simple"},"_links":{"self":[{"href":"https:\/\/roveyayinevi.com.tr\/index.php\/wp-json\/wp\/v2\/product\/718255","targetHints":{"allow":["GET"]}}],"collection":[{"href":"https:\/\/roveyayinevi.com.tr\/index.php\/wp-json\/wp\/v2\/product"}],"about":[{"href":"https:\/\/roveyayinevi.com.tr\/index.php\/wp-json\/wp\/v2\/types\/product"}],"wp:attachment":[{"href":"https:\/\/roveyayinevi.com.tr\/index.php\/wp-json\/wp\/v2\/media?parent=718255"}],"wp:term":[{"taxonomy":"product_brand","embeddable":true,"href":"https:\/\/roveyayinevi.com.tr\/index.php\/wp-json\/wp\/v2\/product_brand?post=718255"},{"taxonomy":"product_cat","embeddable":true,"href":"https:\/\/roveyayinevi.com.tr\/index.php\/wp-json\/wp\/v2\/product_cat?post=718255"},{"taxonomy":"product_tag","embeddable":true,"href":"https:\/\/roveyayinevi.com.tr\/index.php\/wp-json\/wp\/v2\/product_tag?post=718255"}],"curies":[{"name":"wp","href":"https:\/\/api.w.org\/{rel}","templated":true}]}}