{"id":718254,"date":"2025-08-27T18:06:15","date_gmt":"2025-08-27T15:06:15","guid":{"rendered":"https:\/\/roveyayinevi.com.tr\/index.php\/urun\/cocuklar-icin-doga-hikayeleri\/"},"modified":"2026-04-16T02:26:22","modified_gmt":"2026-04-15T23:26:22","slug":"cocuklar-icin-doga-hikayeleri","status":"publish","type":"product","link":"https:\/\/roveyayinevi.com.tr\/index.php\/urun\/cocuklar-icin-doga-hikayeleri\/","title":{"rendered":"\u00c7ocuklar \u0130\u00e7in Do\u011fa Hikayeleri"},"content":{"rendered":"<p>Hepsi ya\u015fanm\u0131\u015f, hepsi an\u0131lardan\u2026 \u00c7ocuklara do\u011fru dokunmay\u0131 ilke edinmi\u015f idealist bir \u00f6\u011fretmen. \u00c7ocuklar\u0131m\u0131zla keyifli zaman ge\u00e7irmenin \u00e7ok da zor olmad\u0131\u011f\u0131n\u0131 g\u00f6sterivermi\u015f bize. Okumas\u0131 hepsi birbirinden keyifli \u00f6yk\u00fcler. Do\u011fadan uzakla\u015ft\u0131k\u00e7a \u00f6nce birbirimize sonra kendimize uzakla\u015ft\u0131k. Sokaklarda ge\u00e7en \u00e7ocuklu\u011fumuzu esefle hat\u0131rlarken, \u00e7ocuklar\u0131m\u0131z\u0131n mahrum kald\u0131klar\u0131 derinle\u015ftiriyor \u00fcz\u00fcnt\u00fcm\u00fcz\u00fc\u2026 Haydi! \u00dc\u015fenmeyin, pencereden bak\u0131n,  d\u0131\u015far\u0131 \u00e7\u0131k\u0131n. Merak etmeyin \u00e7ocu\u011funuz ve i\u00e7inizdeki \u00e7ocuk yol g\u00f6sterecektir size do\u011fada ne yapaca\u011f\u0131n\u0131za&#8230; <\/p>\n","protected":false},"excerpt":{"rendered":"<p>Hepsi ya\u015fanm\u0131\u015f, hepsi an\u0131lardan\u2026 \u00c7ocuklara do\u011fru dokunmay\u0131 ilke edinmi\u015f idealist bir \u00f6\u011fretmen. \u00c7ocuklar\u0131m\u0131zla keyifli zaman ge\u00e7irmenin \u00e7ok da zor olmad\u0131\u011f\u0131n\u0131 g\u00f6sterivermi\u015f bize. Okumas\u0131 hepsi birbirinden keyifli<span class=\"excerpt-hellip\"> [\u2026]<\/span><\/p>\n","protected":false},"featured_media":0,"template":"","meta":{"_monsterinsights_skip_tracking":false,"_monsterinsights_sitenote_active":false,"_monsterinsights_sitenote_note":"","_monsterinsights_sitenote_category":0},"product_brand":[],"product_cat":[12274,12284],"product_tag":[],"class_list":{"0":"post-718254","1":"product","2":"type-product","3":"status-publish","5":"product_cat-cocuk-ve-genclik-kitaplari","6":"product_cat-hikayeler","7":"pa_cilt-ciltsiz","8":"pa_tur-kitap","9":"pa_yayinevi-mana-kitap","10":"pa_yazar-gulay-tol","12":"first","13":"instock","14":"sale","15":"shipping-taxable","16":"purchasable","17":"product-type-simple"},"_links":{"self":[{"href":"https:\/\/roveyayinevi.com.tr\/index.php\/wp-json\/wp\/v2\/product\/718254","targetHints":{"allow":["GET"]}}],"collection":[{"href":"https:\/\/roveyayinevi.com.tr\/index.php\/wp-json\/wp\/v2\/product"}],"about":[{"href":"https:\/\/roveyayinevi.com.tr\/index.php\/wp-json\/wp\/v2\/types\/product"}],"wp:attachment":[{"href":"https:\/\/roveyayinevi.com.tr\/index.php\/wp-json\/wp\/v2\/media?parent=718254"}],"wp:term":[{"taxonomy":"product_brand","embeddable":true,"href":"https:\/\/roveyayinevi.com.tr\/index.php\/wp-json\/wp\/v2\/product_brand?post=718254"},{"taxonomy":"product_cat","embeddable":true,"href":"https:\/\/roveyayinevi.com.tr\/index.php\/wp-json\/wp\/v2\/product_cat?post=718254"},{"taxonomy":"product_tag","embeddable":true,"href":"https:\/\/roveyayinevi.com.tr\/index.php\/wp-json\/wp\/v2\/product_tag?post=718254"}],"curies":[{"name":"wp","href":"https:\/\/api.w.org\/{rel}","templated":true}]}}