{"id":718252,"date":"2025-08-27T18:06:14","date_gmt":"2025-08-27T15:06:14","guid":{"rendered":"https:\/\/roveyayinevi.com.tr\/index.php\/urun\/akisina-birak\/"},"modified":"2026-04-16T02:26:22","modified_gmt":"2026-04-15T23:26:22","slug":"akisina-birak","status":"publish","type":"product","link":"https:\/\/roveyayinevi.com.tr\/index.php\/urun\/akisina-birak\/","title":{"rendered":"Ak\u0131\u015f\u0131na B\u0131rak"},"content":{"rendered":"<p>Siz hi\u00e7 a\u015f\u0131k oldunuz mu? Sabah\u0131n nas\u0131l oldu\u011funu anlamad\u0131\u011f\u0131n\u0131z sanc\u0131l\u0131, uzun gecelerden ge\u00e7tiniz mi? Onu k\u0131sac\u0131k da olsa g\u00f6rebilmek i\u00e7in aylarca bekleyip hayaliyle ya\u015fad\u0131n\u0131z m\u0131?Bakt\u0131\u011f\u0131n\u0131z her \u015feyde onu g\u00f6r\u00fcp, yedi\u011finiz her lokman\u0131n lezzetini ona da tatt\u0131ramaman\u0131n buruklu\u011fu ac\u0131la\u015ft\u0131rd\u0131 m\u0131 ald\u0131\u011f\u0131n\u0131z zevki? Yaln\u0131zken bile iki ki\u015filik att\u0131 m\u0131 kalbiniz? Endi\u015felendiniz mi onun i\u00e7in, nerede \u015fimdi, ne yap\u0131yor acaba diye d\u00fc\u015f\u00fcn\u00fcp dua ettiniz mi hi\u00e7, a\u015fk\u0131n g\u00fcc\u00fcyle?O&#8217;nun sizin a\u015fk\u0131n\u0131z\u0131n fark\u0131nda olmad\u0131\u011f\u0131 zamanlarda bile co\u015fkunuzdan bir \u015fey yitirmeden i\u00e7inizde b\u00fcy\u00fctt\u00fcn\u00fcz m\u00fc hayalini?En kalabal\u0131k yerlerden ya da yaln\u0131z gecelerden onun yan\u0131na ka\u00e7t\u0131n\u0131z m\u0131? G\u00fcnlerce gecelerce konu\u015ftunuz mu onunla i\u00e7inizden, \u015fahidi k\u0131ld\u0131n\u0131z m\u0131 hayat\u0131n\u0131z\u0131n ? \u0130\u00e7inizin ona ait vadilerinde dola\u015ft\u0131rd\u0131n\u0131z m\u0131 ellerinden tutarak, u\u00e7urumlar\u0131n\u0131z\u0131, r\u00fczgarlar\u0131n\u0131, bulutlar\u0131n\u0131 g\u00f6sterdiniz mi?Durmadan yeni g\u00f6r\u00fcnt\u00fclerin sald\u0131r\u0131s\u0131na u\u011frayan alg\u0131n\u0131z, de\u011fi\u015ftirip d\u00f6n\u00fc\u015ft\u00fcr\u00fcrken sizi, unutma r\u00fczgar\u0131, zihinden kalbe uzanan o \u00e7ileli yolda, bir onun ad\u0131n\u0131n oldu\u011fu semte u\u011frayamadan \u00e7ekip gitti mi?<\/p>\n","protected":false},"excerpt":{"rendered":"<p>Siz hi\u00e7 a\u015f\u0131k oldunuz mu? Sabah\u0131n nas\u0131l oldu\u011funu anlamad\u0131\u011f\u0131n\u0131z sanc\u0131l\u0131, uzun gecelerden ge\u00e7tiniz mi? Onu k\u0131sac\u0131k da olsa g\u00f6rebilmek i\u00e7in aylarca bekleyip hayaliyle ya\u015fad\u0131n\u0131z m\u0131?Bakt\u0131\u011f\u0131n\u0131z her<span class=\"excerpt-hellip\"> [\u2026]<\/span><\/p>\n","protected":false},"featured_media":0,"template":"","meta":{"_monsterinsights_skip_tracking":false,"_monsterinsights_sitenote_active":false,"_monsterinsights_sitenote_note":"","_monsterinsights_sitenote_category":0},"product_brand":[],"product_cat":[14643,12291],"product_tag":[],"class_list":{"0":"post-718252","1":"product","2":"type-product","3":"status-publish","5":"product_cat-ask","6":"product_cat-edebiyat","7":"pa_cilt-ciltsiz","8":"pa_tur-kitap","9":"pa_yayinevi-soncag","10":"pa_yazar-handan-kilic","12":"first","13":"instock","14":"sale","15":"shipping-taxable","16":"purchasable","17":"product-type-simple"},"_links":{"self":[{"href":"https:\/\/roveyayinevi.com.tr\/index.php\/wp-json\/wp\/v2\/product\/718252","targetHints":{"allow":["GET"]}}],"collection":[{"href":"https:\/\/roveyayinevi.com.tr\/index.php\/wp-json\/wp\/v2\/product"}],"about":[{"href":"https:\/\/roveyayinevi.com.tr\/index.php\/wp-json\/wp\/v2\/types\/product"}],"wp:attachment":[{"href":"https:\/\/roveyayinevi.com.tr\/index.php\/wp-json\/wp\/v2\/media?parent=718252"}],"wp:term":[{"taxonomy":"product_brand","embeddable":true,"href":"https:\/\/roveyayinevi.com.tr\/index.php\/wp-json\/wp\/v2\/product_brand?post=718252"},{"taxonomy":"product_cat","embeddable":true,"href":"https:\/\/roveyayinevi.com.tr\/index.php\/wp-json\/wp\/v2\/product_cat?post=718252"},{"taxonomy":"product_tag","embeddable":true,"href":"https:\/\/roveyayinevi.com.tr\/index.php\/wp-json\/wp\/v2\/product_tag?post=718252"}],"curies":[{"name":"wp","href":"https:\/\/api.w.org\/{rel}","templated":true}]}}