{"id":718251,"date":"2025-08-27T18:06:13","date_gmt":"2025-08-27T15:06:13","guid":{"rendered":"https:\/\/roveyayinevi.com.tr\/index.php\/urun\/turkiyede-cumhuriyet-donemi-kultur-ve-muzik-politikalari-1923-2000\/"},"modified":"2026-04-16T02:26:22","modified_gmt":"2026-04-15T23:26:22","slug":"turkiyede-cumhuriyet-donemi-kultur-ve-muzik-politikalari-1923-2000","status":"publish","type":"product","link":"https:\/\/roveyayinevi.com.tr\/index.php\/urun\/turkiyede-cumhuriyet-donemi-kultur-ve-muzik-politikalari-1923-2000\/","title":{"rendered":"T\u00fcrkiyede Cumhuriyet D\u00f6nemi K\u00fclt\u00fcr ve M\u00fczik Politikalar\u0131 (1923-2000)"},"content":{"rendered":"<p>T\u00fcrkiye b\u00fcy\u00fck bir medeniyetin ve k\u00fclt\u00fcr\u00fcn temsilcisi ve uzant\u0131s\u0131d\u0131r. Bu ba\u011flamda T\u00fcrkiye, \u00e7ok k\u00f6kl\u00fc tarihsel ve k\u00fclt\u00fcrel temelleri, k\u0131talar aras\u0131 ve k\u00fcresel boyutlar\u0131 olan \u00e7ok y\u00f6nl\u00fc bir &#8220;Sanat \u00dclkesi&#8221; niteli\u011fi ta\u015f\u0131makta ve bu niteli\u011fi ile D\u00fcnyan\u0131n en \u00f6nde gelen \u00fclkelerinden biri olma \u00f6zelli\u011fine sahiptir. Bu nedenle k\u00fclt\u00fcr\u00fcm\u00fcz ve co\u011frafyam\u0131z bizlerin avantaj\u0131 oldu\u011fu kadar d\u00fcnya k\u00fclt\u00fcr\u00fcn\u00fcn de bir \u015fans\u0131d\u0131r.Bug\u00fcn T\u00fcrk toplumunun sanat alan\u0131ndaki kadrolar\u0131n\u0131n \u00f6nemli bir k\u0131sm\u0131 k\u00fclt\u00fcrde ve sanatta Bat\u0131l\u0131la\u015fma ve modernle\u015fme ayr\u0131m\u0131n\u0131 yapacak bir d\u00fczeye gelmi\u015ftir. Ayr\u0131ca modern toplumun kurucu kadrosunu olu\u015fturan kadrolara da sahiptir. Bu kadrolar, hem d\u00fcnya k\u00fclt\u00fcr ve sanat\u0131n\u0131 tan\u0131maktad\u0131rlar, hem tan\u0131d\u0131klar\u0131 d\u00fcnya ile ayn\u0131 bilgileri payla\u015fmaktad\u0131rlar, hem de kendilerine g\u00fcvenmektedirler.Bu nedenle T\u00fcrk toplumu bug\u00fcne kadar sahip olmad\u0131\u011f\u0131 k\u00fclt\u00fcr ve sanatla ilgili entelekt\u00fcel ve kendini yenileyen bir anlay\u0131\u015fa ve kadrolara bug\u00fcn sahiptir ve bunlar\u0131n varl\u0131\u011f\u0131 ba\u015fl\u0131 ba\u015f\u0131na \u00f6nemli bir modernle\u015fme potansiyelidir. Bu ba\u011flamda, K\u00fcresel D\u00fcnyada egemen k\u00fclt\u00fcr ve sanat i\u00e7inde var olmak, ya\u015fad\u0131\u011f\u0131m\u0131z co\u011frafyada daha etkin olmak ve geli\u015fmi\u015f \u00fclkelerle rekabet edebilmemiz i\u00e7in yap\u0131lmas\u0131 gereken \u015fey T\u00fcrkiyenin ihtiyac\u0131 olan ve T\u00fcrkiyeyi uluslararas\u0131 platformlarda temsil edebilecek nitelikli sanat uzmanlar\u0131 ve tasar\u0131mc\u0131lar\u0131 yeti\u015ftirmek ve k\u00fclt\u00fcr ve satan\u0131m\u0131za \u00f6zg\u00fc modeller geli\u015ftirmektedir.Prof. Dr. Salih Akka\u015f<\/p>\n","protected":false},"excerpt":{"rendered":"<p>T\u00fcrkiye b\u00fcy\u00fck bir medeniyetin ve k\u00fclt\u00fcr\u00fcn temsilcisi ve uzant\u0131s\u0131d\u0131r. Bu ba\u011flamda T\u00fcrkiye, \u00e7ok k\u00f6kl\u00fc tarihsel ve k\u00fclt\u00fcrel temelleri, k\u0131talar aras\u0131 ve k\u00fcresel boyutlar\u0131 olan \u00e7ok y\u00f6nl\u00fc<span class=\"excerpt-hellip\"> [\u2026]<\/span><\/p>\n","protected":false},"featured_media":0,"template":"","meta":{"_monsterinsights_skip_tracking":false,"_monsterinsights_sitenote_active":false,"_monsterinsights_sitenote_note":"","_monsterinsights_sitenote_category":0},"product_brand":[],"product_cat":[14591,14556],"product_tag":[],"class_list":{"0":"post-718251","1":"product","2":"type-product","3":"status-publish","5":"product_cat-genel-kavramlar-kuram-ve-tarihce","6":"product_cat-muzik","7":"pa_cilt-ciltsiz","8":"pa_tur-kitap","9":"pa_yayinevi-soncag-akademik-kitaplar","10":"pa_yazar-salih-akkas","12":"first","13":"instock","14":"sale","15":"shipping-taxable","16":"purchasable","17":"product-type-simple"},"_links":{"self":[{"href":"https:\/\/roveyayinevi.com.tr\/index.php\/wp-json\/wp\/v2\/product\/718251","targetHints":{"allow":["GET"]}}],"collection":[{"href":"https:\/\/roveyayinevi.com.tr\/index.php\/wp-json\/wp\/v2\/product"}],"about":[{"href":"https:\/\/roveyayinevi.com.tr\/index.php\/wp-json\/wp\/v2\/types\/product"}],"wp:attachment":[{"href":"https:\/\/roveyayinevi.com.tr\/index.php\/wp-json\/wp\/v2\/media?parent=718251"}],"wp:term":[{"taxonomy":"product_brand","embeddable":true,"href":"https:\/\/roveyayinevi.com.tr\/index.php\/wp-json\/wp\/v2\/product_brand?post=718251"},{"taxonomy":"product_cat","embeddable":true,"href":"https:\/\/roveyayinevi.com.tr\/index.php\/wp-json\/wp\/v2\/product_cat?post=718251"},{"taxonomy":"product_tag","embeddable":true,"href":"https:\/\/roveyayinevi.com.tr\/index.php\/wp-json\/wp\/v2\/product_tag?post=718251"}],"curies":[{"name":"wp","href":"https:\/\/api.w.org\/{rel}","templated":true}]}}