{"id":718250,"date":"2025-08-27T18:06:13","date_gmt":"2025-08-27T15:06:13","guid":{"rendered":"https:\/\/roveyayinevi.com.tr\/index.php\/urun\/marksist-psikolojiden-politik-psikolojiye-ve-otesine\/"},"modified":"2026-04-16T02:26:22","modified_gmt":"2026-04-15T23:26:22","slug":"marksist-psikolojiden-politik-psikolojiye-ve-otesine","status":"publish","type":"product","link":"https:\/\/roveyayinevi.com.tr\/index.php\/urun\/marksist-psikolojiden-politik-psikolojiye-ve-otesine\/","title":{"rendered":"Marksist Psikolojiden Politik Psikolojiye ve \u00d6tesine"},"content":{"rendered":"<p>Marksist psikolojinin temel izlekleri, yabanc\u0131la\u015fma, ideoloji, yanl\u0131\u015f bilin\u00e7 ve y\u00f6ntembilim tart\u0131\u015fmalar\u0131 olacakt\u0131r. \u00d6zellikle sosyal ve politik psikoloji alanlar\u0131nda, son y\u0131llarda, ideoloji ve yanl\u0131\u015f bilin\u00e7 kavramsalla\u015ft\u0131rmalar\u0131ndan esinlenilerek sistemi me\u015frula\u015ft\u0131rma kuram\u0131 ad\u0131nda bir kuram geli\u015ftirilmi\u015f ve bu kuramdan hareketle bir\u00e7ok bulguya ula\u015f\u0131lm\u0131\u015ft\u0131r. Kuram, \u00f6zetin \u00f6zeti olarak ifade edeceksek, bu kadar adaletsizli\u011fe kar\u015f\u0131n neden insanlar\u0131n isyan etmedi\u011fini ezilenlerin i\u00e7 d\u00fcnyalar\u0131na at\u0131fla a\u00e7\u0131klamakta bir hayli ba\u015far\u0131l\u0131 olmu\u015ftur. Kurama g\u00f6re, ezilenlerin ezici bir \u00e7o\u011funlu\u011fu adaletsizli\u011fi kabullenmi\u015flerdir. Zenginler gibi ya\u015famak istemektedirler. Kendilerini k\u00fc\u00e7\u00fck g\u00f6r\u00fcrler. Zenginlerin g\u00fczel bir ya\u015fam\u0131 hak ettiklerine inan\u0131rlar. Medya ve e\u011fitim sistemi ba\u015fta olmak \u00fczere \u00e7e\u015fitli toplumsal kurumlar ezilen \u00e7o\u011funlu\u011fa bu yanl\u0131\u015f bilin\u00e7 \u00f6\u011felerini s\u00fcrekli olarak pompalarlar. B\u00f6ylece, \u201cb\u00f6yle gelir b\u00f6yle gider\u201d. Toplumsal kurumlar, ezilen \u00e7o\u011funlu\u011fun adaletsizlikleri i\u00e7selle\u015ftirmesini, onlar\u0131n kaderci olmalar\u0131n\u0131 sa\u011flar. Kuram, bu t\u00fcr d\u00fc\u015f\u00fcncelere Marksist anlamda \u2018yanl\u0131\u015f bilin\u00e7\u2019 der, \u00e7\u00fcnk\u00fc bunlar, a\u00e7\u0131k\u00e7a, ezilen \u00e7o\u011funlu\u011fun zarar\u0131nad\u0131r ve onlar\u0131n ezilmeye devam etmelerini sa\u011flamaktad\u0131r. <\/p>\n","protected":false},"excerpt":{"rendered":"<p>Marksist psikolojinin temel izlekleri, yabanc\u0131la\u015fma, ideoloji, yanl\u0131\u015f bilin\u00e7 ve y\u00f6ntembilim tart\u0131\u015fmalar\u0131 olacakt\u0131r. \u00d6zellikle sosyal ve politik psikoloji alanlar\u0131nda, son y\u0131llarda, ideoloji ve yanl\u0131\u015f bilin\u00e7 kavramsalla\u015ft\u0131rmalar\u0131ndan esinlenilerek<span class=\"excerpt-hellip\"> [\u2026]<\/span><\/p>\n","protected":false},"featured_media":0,"template":"","meta":{"_monsterinsights_skip_tracking":false,"_monsterinsights_sitenote_active":false,"_monsterinsights_sitenote_note":"","_monsterinsights_sitenote_category":0},"product_brand":[],"product_cat":[12370,12304],"product_tag":[],"class_list":{"0":"post-718250","1":"product","2":"type-product","3":"status-publish","5":"product_cat-arastirma-inceleme","6":"product_cat-tarih","7":"pa_cilt-ciltsiz","8":"pa_tur-kitap","9":"pa_yayinevi-toz-yayinlari","10":"pa_yazar-ulas-basar-gezgin","12":"first","13":"instock","14":"sale","15":"shipping-taxable","16":"purchasable","17":"product-type-simple"},"_links":{"self":[{"href":"https:\/\/roveyayinevi.com.tr\/index.php\/wp-json\/wp\/v2\/product\/718250","targetHints":{"allow":["GET"]}}],"collection":[{"href":"https:\/\/roveyayinevi.com.tr\/index.php\/wp-json\/wp\/v2\/product"}],"about":[{"href":"https:\/\/roveyayinevi.com.tr\/index.php\/wp-json\/wp\/v2\/types\/product"}],"wp:attachment":[{"href":"https:\/\/roveyayinevi.com.tr\/index.php\/wp-json\/wp\/v2\/media?parent=718250"}],"wp:term":[{"taxonomy":"product_brand","embeddable":true,"href":"https:\/\/roveyayinevi.com.tr\/index.php\/wp-json\/wp\/v2\/product_brand?post=718250"},{"taxonomy":"product_cat","embeddable":true,"href":"https:\/\/roveyayinevi.com.tr\/index.php\/wp-json\/wp\/v2\/product_cat?post=718250"},{"taxonomy":"product_tag","embeddable":true,"href":"https:\/\/roveyayinevi.com.tr\/index.php\/wp-json\/wp\/v2\/product_tag?post=718250"}],"curies":[{"name":"wp","href":"https:\/\/api.w.org\/{rel}","templated":true}]}}