{"id":718248,"date":"2025-08-27T18:06:12","date_gmt":"2025-08-27T15:06:12","guid":{"rendered":"https:\/\/roveyayinevi.com.tr\/index.php\/urun\/bir-murekkep-testi-olarak-film\/"},"modified":"2026-04-16T02:26:22","modified_gmt":"2026-04-15T23:26:22","slug":"bir-murekkep-testi-olarak-film","status":"publish","type":"product","link":"https:\/\/roveyayinevi.com.tr\/index.php\/urun\/bir-murekkep-testi-olarak-film\/","title":{"rendered":"Bir M\u00fcrekkep Testi Olarak Film"},"content":{"rendered":"<p>As\u0131l \u2018Boyun E\u011fmeyenler\u2019in ise \u00f6yk\u00fcleri hen\u00fcz anlat\u0131lmad\u0131; anlat\u0131lmay\u0131 bekliyorlar. Vietnam\u2019\u0131 Amerikan filmleriyle \u00f6\u011frendi\u011fimiz gibi, direnenleri de direndikleri g\u00fc\u00e7lerin anlat\u0131lar\u0131 \u00fczerinden anlamland\u0131r\u0131yoruz. Bir Afrika atas\u00f6z\u00fcnde oldu\u011fu gibi: \u201cAslanlar kendi hikayeleriniyazmad\u0131k\u00e7a, avc\u0131lar\u0131n hikayelerini dinlemek zorunday\u0131z.\u201d Asl\u0131nda zorunda de\u011filiz; bu hikayelerin i\u015fin asl\u0131 de\u011fil, avc\u0131 hikayeleri oldu\u011funun fark\u0131na varmakla ba\u015flayacak \u00f6zg\u00fcrle\u015fme yolculu\u011fumuz&#8230; <\/p>\n","protected":false},"excerpt":{"rendered":"<p>As\u0131l \u2018Boyun E\u011fmeyenler\u2019in ise \u00f6yk\u00fcleri hen\u00fcz anlat\u0131lmad\u0131; anlat\u0131lmay\u0131 bekliyorlar. Vietnam\u2019\u0131 Amerikan filmleriyle \u00f6\u011frendi\u011fimiz gibi, direnenleri de direndikleri g\u00fc\u00e7lerin anlat\u0131lar\u0131 \u00fczerinden anlamland\u0131r\u0131yoruz. Bir Afrika atas\u00f6z\u00fcnde oldu\u011fu gibi:<span class=\"excerpt-hellip\"> [\u2026]<\/span><\/p>\n","protected":false},"featured_media":0,"template":"","meta":{"_monsterinsights_skip_tracking":false,"_monsterinsights_sitenote_active":false,"_monsterinsights_sitenote_note":"","_monsterinsights_sitenote_category":0},"product_brand":[],"product_cat":[12409,12408],"product_tag":[],"class_list":{"0":"post-718248","1":"product","2":"type-product","3":"status-publish","5":"product_cat-fotograf-sinema-tiyatro","6":"product_cat-sanat","7":"pa_cilt-ciltsiz","8":"pa_tur-kitap","9":"pa_yayinevi-toz-yayinlari","10":"pa_yazar-ulas-basar-gezgin","12":"first","13":"instock","14":"sale","15":"shipping-taxable","16":"purchasable","17":"product-type-simple"},"_links":{"self":[{"href":"https:\/\/roveyayinevi.com.tr\/index.php\/wp-json\/wp\/v2\/product\/718248","targetHints":{"allow":["GET"]}}],"collection":[{"href":"https:\/\/roveyayinevi.com.tr\/index.php\/wp-json\/wp\/v2\/product"}],"about":[{"href":"https:\/\/roveyayinevi.com.tr\/index.php\/wp-json\/wp\/v2\/types\/product"}],"wp:attachment":[{"href":"https:\/\/roveyayinevi.com.tr\/index.php\/wp-json\/wp\/v2\/media?parent=718248"}],"wp:term":[{"taxonomy":"product_brand","embeddable":true,"href":"https:\/\/roveyayinevi.com.tr\/index.php\/wp-json\/wp\/v2\/product_brand?post=718248"},{"taxonomy":"product_cat","embeddable":true,"href":"https:\/\/roveyayinevi.com.tr\/index.php\/wp-json\/wp\/v2\/product_cat?post=718248"},{"taxonomy":"product_tag","embeddable":true,"href":"https:\/\/roveyayinevi.com.tr\/index.php\/wp-json\/wp\/v2\/product_tag?post=718248"}],"curies":[{"name":"wp","href":"https:\/\/api.w.org\/{rel}","templated":true}]}}