{"id":718246,"date":"2025-08-27T18:06:11","date_gmt":"2025-08-27T15:06:11","guid":{"rendered":"https:\/\/roveyayinevi.com.tr\/index.php\/urun\/felsefenin-ihmal-edilmis-on-klasigi\/"},"modified":"2026-04-16T02:26:22","modified_gmt":"2026-04-15T23:26:22","slug":"felsefenin-ihmal-edilmis-on-klasigi","status":"publish","type":"product","link":"https:\/\/roveyayinevi.com.tr\/index.php\/urun\/felsefenin-ihmal-edilmis-on-klasigi\/","title":{"rendered":"Felsefenin \u0130hmal Edilmi\u015f On Klasi\u011fi"},"content":{"rendered":"<p>Felsefi bir \u00e7al\u0131\u015fmay\u0131 klasik yapan nedir? Kolay bir soru de\u011fil. Felsefede klasik olmak i\u00e7in birden \u00e7ok yolun oldu\u011fu ve bir\u00e7ok klasi\u011fin birden fazla i\u015fleve sahip oldu\u011fu bilinir. Peki neden baz\u0131 felsefi \u00e7al\u0131\u015fmalar her zaman hat\u0131rlan\u0131r ve sosyal ve be\u015feri bilimlerde dikkate al\u0131n\u0131rken di\u011fer \u00e7al\u0131\u015fmalar unutulur? Bu soruya \u015f\u00f6yle bir cevap verilebilir: Felsefi kriter ve \u00e7e\u015fitlilikle ilgili tart\u0131\u015fmalarda galip gelenlerin pozisyonlar\u0131, felsefi bir \u00e7al\u0131\u015fman\u0131n hat\u0131rlanmas\u0131nda ya da unutulmas\u0131nda belirleyicidir. Galip gelen tarihin de\u011ferlendirmesini bi\u00e7imlendirir. Elbette tarihin de\u011ferlendirmesi \u00f6nemli oldu\u011fu kadar ink\u00e2r edilemezdir de,  ancak bunun optimal oldu\u011funu iddia edebilir miyiz ? Bu ufuk a\u00e7\u0131c\u0131 kitap, felsefe tarihinde haks\u0131z yere ihmal ya da g\u00f6z ard\u0131 edilen on \u2018\u2018klasi\u011fi\u2019\u2019 inceleyen \u00e7al\u0131\u015fmalardan olu\u015fmaktad\u0131r. Bu \u2018\u2018klasiklerin\u2019\u2019 bir k\u0131sm\u0131 felsefenin ge\u00e7mi\u015fi ve stat\u00fcko konusunda ele\u015ftirel iken bir k\u0131sm\u0131 tarihin belli bir d\u00f6neminde temel eser olup da bir anda unutuluvermi\u015ftir. <\/p>\n","protected":false},"excerpt":{"rendered":"<p>Felsefi bir \u00e7al\u0131\u015fmay\u0131 klasik yapan nedir? Kolay bir soru de\u011fil. Felsefede klasik olmak i\u00e7in birden \u00e7ok yolun oldu\u011fu ve bir\u00e7ok klasi\u011fin birden fazla i\u015fleve sahip oldu\u011fu<span class=\"excerpt-hellip\"> [\u2026]<\/span><\/p>\n","protected":false},"featured_media":0,"template":"","meta":{"_monsterinsights_skip_tracking":false,"_monsterinsights_sitenote_active":false,"_monsterinsights_sitenote_note":"","_monsterinsights_sitenote_category":0},"product_brand":[],"product_cat":[12389,12388],"product_tag":[],"class_list":{"0":"post-718246","1":"product","2":"type-product","3":"status-publish","5":"product_cat-diger-felsefe","6":"product_cat-felsefe","7":"pa_cilt-ciltsiz","8":"pa_tur-kitap","9":"pa_yayinevi-heretik-yayincilik","10":"pa_yazar-eric-schliesser","12":"first","13":"instock","14":"sale","15":"shipping-taxable","16":"purchasable","17":"product-type-simple"},"_links":{"self":[{"href":"https:\/\/roveyayinevi.com.tr\/index.php\/wp-json\/wp\/v2\/product\/718246","targetHints":{"allow":["GET"]}}],"collection":[{"href":"https:\/\/roveyayinevi.com.tr\/index.php\/wp-json\/wp\/v2\/product"}],"about":[{"href":"https:\/\/roveyayinevi.com.tr\/index.php\/wp-json\/wp\/v2\/types\/product"}],"wp:attachment":[{"href":"https:\/\/roveyayinevi.com.tr\/index.php\/wp-json\/wp\/v2\/media?parent=718246"}],"wp:term":[{"taxonomy":"product_brand","embeddable":true,"href":"https:\/\/roveyayinevi.com.tr\/index.php\/wp-json\/wp\/v2\/product_brand?post=718246"},{"taxonomy":"product_cat","embeddable":true,"href":"https:\/\/roveyayinevi.com.tr\/index.php\/wp-json\/wp\/v2\/product_cat?post=718246"},{"taxonomy":"product_tag","embeddable":true,"href":"https:\/\/roveyayinevi.com.tr\/index.php\/wp-json\/wp\/v2\/product_tag?post=718246"}],"curies":[{"name":"wp","href":"https:\/\/api.w.org\/{rel}","templated":true}]}}