{"id":718245,"date":"2025-08-27T18:06:10","date_gmt":"2025-08-27T15:06:10","guid":{"rendered":"https:\/\/roveyayinevi.com.tr\/index.php\/urun\/yaninda-olsaydim\/"},"modified":"2026-02-03T02:40:31","modified_gmt":"2026-02-02T23:40:31","slug":"yaninda-olsaydim","status":"publish","type":"product","link":"https:\/\/roveyayinevi.com.tr\/index.php\/urun\/yaninda-olsaydim\/","title":{"rendered":"Yan\u0131nda Olsayd\u0131m"},"content":{"rendered":"<p>D\u00fc\u015f kurmakla ba\u015fl\u0131yor her \u015fey.  Gazi Mustafa Kemal Atat\u00fcrk, h\u00fcr, \u00e7a\u011fda\u015f, d\u00fcnya uluslar\u0131 i\u00e7inde sayg\u0131n, bilimle ilerleyen  bir \u00fclke ve ulus d\u00fc\u015fledi.   Onu tan\u0131yan, anlayan, yapt\u0131klar\u0131n\u0131 \u00f6\u011frenen herkes gibi ben de o d\u00fc\u015fler ger\u00e7e\u011fe d\u00f6n\u00fc\u015f\u00fcrken yan\u0131nda olabilmeyi d\u00fc\u015fledim. Elini tutabilmeyi, onunla sohbet edebilmeyi,  g\u00fcc\u00fcm yetti\u011fince yard\u0131mc\u0131 olabilmeyi\u2026  \u0130\u015fte bu kitap o d\u00fc\u015flerin sonucu.   <\/p>\n","protected":false},"excerpt":{"rendered":"<p>D\u00fc\u015f kurmakla ba\u015fl\u0131yor her \u015fey. Gazi Mustafa Kemal Atat\u00fcrk, h\u00fcr, \u00e7a\u011fda\u015f, d\u00fcnya uluslar\u0131 i\u00e7inde sayg\u0131n, bilimle ilerleyen bir \u00fclke ve ulus d\u00fc\u015fledi. Onu tan\u0131yan, anlayan, yapt\u0131klar\u0131n\u0131<span class=\"excerpt-hellip\"> [\u2026]<\/span><\/p>\n","protected":false},"featured_media":0,"template":"","meta":{"_monsterinsights_skip_tracking":false,"_monsterinsights_sitenote_active":false,"_monsterinsights_sitenote_note":"","_monsterinsights_sitenote_category":0},"product_brand":[],"product_cat":[12530,12304],"product_tag":[],"class_list":{"0":"post-718245","1":"product","2":"type-product","3":"status-publish","5":"product_cat-mustafa-kemal-ataturk","6":"product_cat-tarih","7":"pa_cilt-ciltsiz","8":"pa_tur-kitap","9":"pa_yayinevi-atayurt-yayinlari","10":"pa_yazar-feride-cigdem-sonmez","12":"first","13":"instock","14":"sale","15":"shipping-taxable","16":"purchasable","17":"product-type-simple"},"_links":{"self":[{"href":"https:\/\/roveyayinevi.com.tr\/index.php\/wp-json\/wp\/v2\/product\/718245","targetHints":{"allow":["GET"]}}],"collection":[{"href":"https:\/\/roveyayinevi.com.tr\/index.php\/wp-json\/wp\/v2\/product"}],"about":[{"href":"https:\/\/roveyayinevi.com.tr\/index.php\/wp-json\/wp\/v2\/types\/product"}],"wp:attachment":[{"href":"https:\/\/roveyayinevi.com.tr\/index.php\/wp-json\/wp\/v2\/media?parent=718245"}],"wp:term":[{"taxonomy":"product_brand","embeddable":true,"href":"https:\/\/roveyayinevi.com.tr\/index.php\/wp-json\/wp\/v2\/product_brand?post=718245"},{"taxonomy":"product_cat","embeddable":true,"href":"https:\/\/roveyayinevi.com.tr\/index.php\/wp-json\/wp\/v2\/product_cat?post=718245"},{"taxonomy":"product_tag","embeddable":true,"href":"https:\/\/roveyayinevi.com.tr\/index.php\/wp-json\/wp\/v2\/product_tag?post=718245"}],"curies":[{"name":"wp","href":"https:\/\/api.w.org\/{rel}","templated":true}]}}