{"id":718242,"date":"2025-08-27T18:06:09","date_gmt":"2025-08-27T15:06:09","guid":{"rendered":"https:\/\/roveyayinevi.com.tr\/index.php\/urun\/manzaralar\/"},"modified":"2026-04-16T02:26:22","modified_gmt":"2026-04-15T23:26:22","slug":"manzaralar","status":"publish","type":"product","link":"https:\/\/roveyayinevi.com.tr\/index.php\/urun\/manzaralar\/","title":{"rendered":"Manzaralar"},"content":{"rendered":"<p>\u201cBazen bir manzara orada ya\u015fayanlar\u0131n hayatlar\u0131 i\u00e7in bir dekordan ziyade ard\u0131nda m\u00fccadelelerinin, ba\u015far\u0131lar\u0131n\u0131n ve kazalar\u0131n\u0131n vuku buldu\u011fu bir perde gibidir. Orada ya\u015fayanlarla birlikte perdenin ard\u0131nda olanlar i\u00e7in k\u00f6\u015fe ta\u015flar\u0131 art\u0131k yaln\u0131zca co\u011frafi de\u011fildir, ayn\u0131 zamanda biyografik ve ki\u015fiseldir.\u201d Berger\u2019\u0131n t\u00fcm yap\u0131t\u0131 yeniden hayal etmeye, farkl\u0131 bi\u00e7imlerde g\u00f6rmeye bir davet niteli\u011finde. Yaz\u0131 yazmak Berger i\u00e7in her zaman \u201cdevrimci\u201d bir eylem olmu\u015ftur. Berger\u2019\u0131n d\u00fc\u015f\u00fcncesini \u015fekillendiren bireylerden demek yolda\u015flardan s\u00f6z eden yaz\u0131lar\u0131 bir araya getiriyor Portreler\u2019in karde\u015fi Manzaralar: Antal, Raphael, Brecht, Barthes, Benjamin. Yan\u0131 s\u0131ra haritalar, patikalar, mek\u00e2nlar, k\u00f6yler, kasabalar, kentler, tarihsel zamanlar. \u00d6zetle bir \u201chik\u00e2ye anlat\u0131c\u0131s\u0131\u201dn\u0131 olu\u015fturan, var eden \u015feyler. <\/p>\n","protected":false},"excerpt":{"rendered":"<p>\u201cBazen bir manzara orada ya\u015fayanlar\u0131n hayatlar\u0131 i\u00e7in bir dekordan ziyade ard\u0131nda m\u00fccadelelerinin, ba\u015far\u0131lar\u0131n\u0131n ve kazalar\u0131n\u0131n vuku buldu\u011fu bir perde gibidir. Orada ya\u015fayanlarla birlikte perdenin ard\u0131nda olanlar<span class=\"excerpt-hellip\"> [\u2026]<\/span><\/p>\n","protected":false},"featured_media":0,"template":"","meta":{"_monsterinsights_skip_tracking":false,"_monsterinsights_sitenote_active":false,"_monsterinsights_sitenote_note":"","_monsterinsights_sitenote_category":0},"product_brand":[],"product_cat":[12408,14197],"product_tag":[],"class_list":{"0":"post-718242","1":"product","2":"type-product","3":"status-publish","5":"product_cat-sanat","6":"product_cat-sanat-tarihi","7":"pa_cilt-ciltsiz","8":"pa_tur-kitap","9":"pa_yayinevi-metis-yayinlari","10":"pa_yazar-john-berger","12":"first","13":"instock","14":"sale","15":"shipping-taxable","16":"purchasable","17":"product-type-simple"},"_links":{"self":[{"href":"https:\/\/roveyayinevi.com.tr\/index.php\/wp-json\/wp\/v2\/product\/718242","targetHints":{"allow":["GET"]}}],"collection":[{"href":"https:\/\/roveyayinevi.com.tr\/index.php\/wp-json\/wp\/v2\/product"}],"about":[{"href":"https:\/\/roveyayinevi.com.tr\/index.php\/wp-json\/wp\/v2\/types\/product"}],"wp:attachment":[{"href":"https:\/\/roveyayinevi.com.tr\/index.php\/wp-json\/wp\/v2\/media?parent=718242"}],"wp:term":[{"taxonomy":"product_brand","embeddable":true,"href":"https:\/\/roveyayinevi.com.tr\/index.php\/wp-json\/wp\/v2\/product_brand?post=718242"},{"taxonomy":"product_cat","embeddable":true,"href":"https:\/\/roveyayinevi.com.tr\/index.php\/wp-json\/wp\/v2\/product_cat?post=718242"},{"taxonomy":"product_tag","embeddable":true,"href":"https:\/\/roveyayinevi.com.tr\/index.php\/wp-json\/wp\/v2\/product_tag?post=718242"}],"curies":[{"name":"wp","href":"https:\/\/api.w.org\/{rel}","templated":true}]}}