{"id":718239,"date":"2025-08-27T18:06:07","date_gmt":"2025-08-27T15:06:07","guid":{"rendered":"https:\/\/roveyayinevi.com.tr\/index.php\/urun\/daha-sade-bir-hayat\/"},"modified":"2026-04-16T02:26:22","modified_gmt":"2026-04-15T23:26:22","slug":"daha-sade-bir-hayat","status":"publish","type":"product","link":"https:\/\/roveyayinevi.com.tr\/index.php\/urun\/daha-sade-bir-hayat\/","title":{"rendered":"Daha Sade Bir Hayat"},"content":{"rendered":"<p>\u00c7ocuk yeti\u015ftirmede daha sadenin g\u00fcc\u00fcnden yararlan\u0131n. \u00c7ocuklar\u0131n\u0131n hayatlar\u0131n\u0131 yava\u015flatmak isteyen ama nereden ba\u015flayacaklar\u0131n\u0131 bilemeyen ebeveynler i\u00e7in bir ilham kayna\u011f\u0131\u2026Sadele\u015ftirme nedir?Ev ortam\u0131n\u0131 sadele\u015ftirmek \u00e7ocuk i\u00e7in neden gereklidir?G\u00fcnl\u00fck hayat\u0131n \u00e7ocuk \u00fczerindeki gerilimini nas\u0131l azalt\u0131labilir?\u00c7ok fazla aktivite her zaman do\u011fru mudur?\u00c7ocu\u011fu t\u00fcketim \u00e7\u0131lg\u0131nl\u0131\u011f\u0131ndan ve reklam bombard\u0131man\u0131ndan nas\u0131l koruruz?G\u00fcn\u00fcm\u00fcz d\u00fcnyas\u0131 art\u0131k daha h\u0131zl\u0131, daha yo\u011fun\u2026 Hayat\u0131n temposu, \u00e7ok fazla e\u015fya, \u00e7ok fazla se\u00e7enek ve \u00e7ok az zaman nedeniyle hiper h\u0131zl\u0131 bir duruma gelmi\u015fken, \u00e7ocuklar bunun bask\u0131s\u0131n\u0131 hissediyorlar.Endi\u015feleniyor, sorunlar ya\u015f\u0131yor, hatta davran\u0131\u015f bozukluklar\u0131 g\u00f6steriyorlar. Daha Sade Bir Hayat bu durumdaki \u00e7ocuklara yard\u0131m etmek i\u00e7in ebeveynlere hayat\u0131 sadele\u015ftirmeyi \u00f6neriyor; daha az endi\u015felenmeyi ve daha fazla keyif almay\u0131 \u00f6\u011fretiyor.\u00c7ocuklar\u0131n\u0131n hayatlar\u0131n\u0131 yava\u015flatmak isteyen ama nereden ba\u015flayacaklar\u0131n\u0131 bilemeyen ebeveynler i\u00e7in, hem bir ilham kayna\u011f\u0131 hem de de\u011fi\u015fime y\u00f6nelik bir plan sunuyor.<\/p>\n","protected":false},"excerpt":{"rendered":"<p>\u00c7ocuk yeti\u015ftirmede daha sadenin g\u00fcc\u00fcnden yararlan\u0131n. \u00c7ocuklar\u0131n\u0131n hayatlar\u0131n\u0131 yava\u015flatmak isteyen ama nereden ba\u015flayacaklar\u0131n\u0131 bilemeyen ebeveynler i\u00e7in bir ilham kayna\u011f\u0131\u2026Sadele\u015ftirme nedir?Ev ortam\u0131n\u0131 sadele\u015ftirmek \u00e7ocuk i\u00e7in neden gereklidir?G\u00fcnl\u00fck<span class=\"excerpt-hellip\"> [\u2026]<\/span><\/p>\n","protected":false},"featured_media":0,"template":"","meta":{"_monsterinsights_skip_tracking":false,"_monsterinsights_sitenote_active":false,"_monsterinsights_sitenote_note":"","_monsterinsights_sitenote_category":0},"product_brand":[],"product_cat":[12831,12324],"product_tag":[],"class_list":{"0":"post-718239","1":"product","2":"type-product","3":"status-publish","5":"product_cat-aile-ve-cocuk","6":"product_cat-sosyoloji","7":"pa_cilt-ciltsiz","8":"pa_tur-kitap","9":"pa_yayinevi-dogan-kitap","10":"pa_yazar-kolektif","12":"first","13":"instock","14":"sale","15":"shipping-taxable","16":"purchasable","17":"product-type-simple"},"_links":{"self":[{"href":"https:\/\/roveyayinevi.com.tr\/index.php\/wp-json\/wp\/v2\/product\/718239","targetHints":{"allow":["GET"]}}],"collection":[{"href":"https:\/\/roveyayinevi.com.tr\/index.php\/wp-json\/wp\/v2\/product"}],"about":[{"href":"https:\/\/roveyayinevi.com.tr\/index.php\/wp-json\/wp\/v2\/types\/product"}],"wp:attachment":[{"href":"https:\/\/roveyayinevi.com.tr\/index.php\/wp-json\/wp\/v2\/media?parent=718239"}],"wp:term":[{"taxonomy":"product_brand","embeddable":true,"href":"https:\/\/roveyayinevi.com.tr\/index.php\/wp-json\/wp\/v2\/product_brand?post=718239"},{"taxonomy":"product_cat","embeddable":true,"href":"https:\/\/roveyayinevi.com.tr\/index.php\/wp-json\/wp\/v2\/product_cat?post=718239"},{"taxonomy":"product_tag","embeddable":true,"href":"https:\/\/roveyayinevi.com.tr\/index.php\/wp-json\/wp\/v2\/product_tag?post=718239"}],"curies":[{"name":"wp","href":"https:\/\/api.w.org\/{rel}","templated":true}]}}