{"id":718235,"date":"2025-08-27T18:05:31","date_gmt":"2025-08-27T15:05:31","guid":{"rendered":"https:\/\/roveyayinevi.com.tr\/index.php\/urun\/ciliciada-yahudiler\/"},"modified":"2026-04-16T02:26:21","modified_gmt":"2026-04-15T23:26:21","slug":"ciliciada-yahudiler","status":"publish","type":"product","link":"https:\/\/roveyayinevi.com.tr\/index.php\/urun\/ciliciada-yahudiler\/","title":{"rendered":"Cilicia&#8217;da Yahudiler"},"content":{"rendered":"<p>Tarihsel s\u00fcre\u00e7te Yahudiler,\u00fcnl\u00fc Babil s\u00fcrg\u00fcn\u00fcnden itibaren \u00e7e\u015fitli sava\u015flar nedeniyle ludaea d\u0131\u015f\u0131nda da ya\u015famaya ba\u015flar ve Yahudi diasporas\u0131 b\u00f6ylelikle olu\u015fur.Bu nedenle Musevi dini metinlerinde Yahudilerin yay\u0131l\u0131m g\u00f6sterdikleri ya da ticari ili\u015fki kurduklar\u0131 alanlara-\u00f6rne\u011fin Cilicia&#8217;ya -ait ipu\u00e7lar\u0131 izlenebilmektedir.Eski \u00c7a\u011f&#8217;da Yahudiler i\u00e7in Cilicia&#8217;nin ziraate uygun arazileri,iklim a\u00e7\u0131s\u0131ndan ludaea&#8217;ya benzeyen \u0131l\u0131man yap\u0131s\u0131,deniz ticaretine elveri\u015fli limanlar\u0131,ya\u015famak i\u00e7in cezbedici olmal\u0131d\u0131r.\u00c7al\u0131\u015fmam\u0131z yer yer vah\u015fi do\u011fa g\u00f6r\u00fcnt\u00fcleri sunan Cilicia ve tarihte \u00f6zel bir yere sahip oldu\u011fu ku\u015fku g\u00f6t\u00fcrmez kadim bir cemaatin eski d\u00f6nemlerdeki bulu\u015fmas\u0131n\u0131 incelemeyi ama\u00e7lamaktad\u0131r.B\u00f6ylelikle yahudilerin Cilicia&#8217;daki varl\u0131klar\u0131,somut verilerle okurlara sunulmaya \u00e7al\u0131\u015f\u0131lmaktad\u0131r.<\/p>\n","protected":false},"excerpt":{"rendered":"<p>Tarihsel s\u00fcre\u00e7te Yahudiler,\u00fcnl\u00fc Babil s\u00fcrg\u00fcn\u00fcnden itibaren \u00e7e\u015fitli sava\u015flar nedeniyle ludaea d\u0131\u015f\u0131nda da ya\u015famaya ba\u015flar ve Yahudi diasporas\u0131 b\u00f6ylelikle olu\u015fur.Bu nedenle Musevi dini metinlerinde Yahudilerin yay\u0131l\u0131m g\u00f6sterdikleri<span class=\"excerpt-hellip\"> [\u2026]<\/span><\/p>\n","protected":false},"featured_media":0,"template":"","meta":{"_monsterinsights_skip_tracking":false,"_monsterinsights_sitenote_active":false,"_monsterinsights_sitenote_note":"","_monsterinsights_sitenote_category":0},"product_brand":[],"product_cat":[12312,12304],"product_tag":[],"class_list":{"0":"post-718235","1":"product","2":"type-product","3":"status-publish","5":"product_cat-diger","6":"product_cat-tarih","7":"pa_cilt-ciltsiz","8":"pa_tur-kitap","9":"pa_yayinevi-bilgin-kultur-sanat","10":"pa_yazar-kolektif","12":"first","13":"instock","14":"sale","15":"shipping-taxable","16":"purchasable","17":"product-type-simple"},"_links":{"self":[{"href":"https:\/\/roveyayinevi.com.tr\/index.php\/wp-json\/wp\/v2\/product\/718235","targetHints":{"allow":["GET"]}}],"collection":[{"href":"https:\/\/roveyayinevi.com.tr\/index.php\/wp-json\/wp\/v2\/product"}],"about":[{"href":"https:\/\/roveyayinevi.com.tr\/index.php\/wp-json\/wp\/v2\/types\/product"}],"wp:attachment":[{"href":"https:\/\/roveyayinevi.com.tr\/index.php\/wp-json\/wp\/v2\/media?parent=718235"}],"wp:term":[{"taxonomy":"product_brand","embeddable":true,"href":"https:\/\/roveyayinevi.com.tr\/index.php\/wp-json\/wp\/v2\/product_brand?post=718235"},{"taxonomy":"product_cat","embeddable":true,"href":"https:\/\/roveyayinevi.com.tr\/index.php\/wp-json\/wp\/v2\/product_cat?post=718235"},{"taxonomy":"product_tag","embeddable":true,"href":"https:\/\/roveyayinevi.com.tr\/index.php\/wp-json\/wp\/v2\/product_tag?post=718235"}],"curies":[{"name":"wp","href":"https:\/\/api.w.org\/{rel}","templated":true}]}}