{"id":718234,"date":"2025-08-27T18:05:31","date_gmt":"2025-08-27T15:05:31","guid":{"rendered":"https:\/\/roveyayinevi.com.tr\/index.php\/urun\/cumhuriyet-misyonerleri\/"},"modified":"2026-04-16T02:26:21","modified_gmt":"2026-04-15T23:26:21","slug":"cumhuriyet-misyonerleri","status":"publish","type":"product","link":"https:\/\/roveyayinevi.com.tr\/index.php\/urun\/cumhuriyet-misyonerleri\/","title":{"rendered":"Cumhuriyet Misyonerleri"},"content":{"rendered":"<p>Siyaset bilimci Serap Yolcu Yavuz elinizdeki bu kitapta, 1930-1946 y\u0131llar\u0131 aras\u0131nda T\u00fcrkiye\u2019de \u201ccumhuriyet misyonerleri\u201d olmas\u0131 istenen gen\u00e7li\u011fin politik bir \u00f6zne olarak konumlan\u0131\u015f\u0131n\u0131 inceliyor.Gen\u00e7li\u011fe y\u00fcklenen politik anlam\u0131n 19. y\u00fczy\u0131ldan itibaren ge\u00e7irmi\u015f oldu\u011fu de\u011fi\u015fimi dikkate alarak ulus-devlet in\u015fa etme s\u00fcrecini yorumlayan yazar, Tek Parti d\u00f6neminin \u00f6nde gelen dergilerinden \u00c7\u0131\u011f\u0131r, \u00dclk\u00fc ve Varl\u0131k\u2019ta \u00e7\u0131kan yay\u0131nlara odaklan\u0131yor ve T\u00fcrk devlet elitlerinin \u201con y\u0131lda on be\u015f milyon gen\u00e7\u201d yaratmakla duydu\u011fu gururun toplumsal kar\u015f\u0131l\u0131\u011f\u0131n\u0131 mercek alt\u0131na al\u0131yor.Cumhuriyet Misyonerleri: 1930-1946 Aras\u0131 T\u00fcrkiye\u2019de Bir Politik \u00d6zne Olarak Gen\u00e7lik \u0130n\u015fas\u0131, son y\u0131llarda T\u00fcrkiye\u2019de b\u00fcy\u00fck ilgi g\u00f6ren disiplin toplumu ve bio-politika analizlerinin erken cumhuriyet d\u00f6nemi T\u00fcrkiye\u2019sine \u0131\u015f\u0131k tutan bir \u00f6rne\u011fi\u2026<\/p>\n","protected":false},"excerpt":{"rendered":"<p>Siyaset bilimci Serap Yolcu Yavuz elinizdeki bu kitapta, 1930-1946 y\u0131llar\u0131 aras\u0131nda T\u00fcrkiye\u2019de \u201ccumhuriyet misyonerleri\u201d olmas\u0131 istenen gen\u00e7li\u011fin politik bir \u00f6zne olarak konumlan\u0131\u015f\u0131n\u0131 inceliyor.Gen\u00e7li\u011fe y\u00fcklenen politik anlam\u0131n<span class=\"excerpt-hellip\"> [\u2026]<\/span><\/p>\n","protected":false},"featured_media":0,"template":"","meta":{"_monsterinsights_skip_tracking":false,"_monsterinsights_sitenote_active":false,"_monsterinsights_sitenote_note":"","_monsterinsights_sitenote_category":0},"product_brand":[],"product_cat":[12304,13493],"product_tag":[],"class_list":{"0":"post-718234","1":"product","2":"type-product","3":"status-publish","5":"product_cat-tarih","6":"product_cat-turkiye-ve-cumhuriyet-tarihi","7":"pa_cilt-ciltsiz","8":"pa_tur-kitap","9":"pa_yayinevi-vakifbank-kultur-yayinlari","10":"pa_yazar-serap-yolcu-yavuz","12":"first","13":"instock","14":"sale","15":"shipping-taxable","16":"purchasable","17":"product-type-simple"},"_links":{"self":[{"href":"https:\/\/roveyayinevi.com.tr\/index.php\/wp-json\/wp\/v2\/product\/718234","targetHints":{"allow":["GET"]}}],"collection":[{"href":"https:\/\/roveyayinevi.com.tr\/index.php\/wp-json\/wp\/v2\/product"}],"about":[{"href":"https:\/\/roveyayinevi.com.tr\/index.php\/wp-json\/wp\/v2\/types\/product"}],"wp:attachment":[{"href":"https:\/\/roveyayinevi.com.tr\/index.php\/wp-json\/wp\/v2\/media?parent=718234"}],"wp:term":[{"taxonomy":"product_brand","embeddable":true,"href":"https:\/\/roveyayinevi.com.tr\/index.php\/wp-json\/wp\/v2\/product_brand?post=718234"},{"taxonomy":"product_cat","embeddable":true,"href":"https:\/\/roveyayinevi.com.tr\/index.php\/wp-json\/wp\/v2\/product_cat?post=718234"},{"taxonomy":"product_tag","embeddable":true,"href":"https:\/\/roveyayinevi.com.tr\/index.php\/wp-json\/wp\/v2\/product_tag?post=718234"}],"curies":[{"name":"wp","href":"https:\/\/api.w.org\/{rel}","templated":true}]}}