{"id":718231,"date":"2025-08-27T18:05:29","date_gmt":"2025-08-27T15:05:29","guid":{"rendered":"https:\/\/roveyayinevi.com.tr\/index.php\/urun\/erdem-pesinde-bir-ahlak-teorisi-calismasi\/"},"modified":"2026-04-16T02:26:21","modified_gmt":"2026-04-15T23:26:21","slug":"erdem-pesinde-bir-ahlak-teorisi-calismasi","status":"publish","type":"product","link":"https:\/\/roveyayinevi.com.tr\/index.php\/urun\/erdem-pesinde-bir-ahlak-teorisi-calismasi\/","title":{"rendered":"Erdem Pe\u015finde Bir Ahlak Teorisi \u00c7al\u0131\u015fmas\u0131"},"content":{"rendered":"<p>\u0130sko\u00e7 d\u00fc\u015f\u00fcn\u00fcr Alasdair MacIntyre?\u0131n Erdem Pe\u015finde?si ?Ahlaki yarg\u0131lar\u0131m\u0131z\u0131n kayna\u011f\u0131 nedir?? ve ?\u00dczerinde toplumsal olarak uzla\u015fabilece\u011fimiz bir de\u011ferler manzumesi olu\u015fturmam\u0131z m\u00fcmk\u00fcn m\u00fcd\u00fcr?? gibi sorulara merak salan geni\u015f bir kitleye hitap ediyor. Yazar, antik\u00e7a\u011f\u0131n Homeros\u00e7u ahlak\u0131ndan ba\u015flay\u0131p Ayd\u0131nlanman\u0131n Kant\u00e7\u0131 eti\u011fine dek s\u00fcrd\u00fcrd\u00fc\u011f\u00fc felsefi ve tarihi referanslarla dolu cevab\u0131n\u0131, Bentham, Mill, Rawls gibi modern ahlak felsefesinin \u00f6nemli isimleriyle zenginle\u015ftiriyor. MacIntyre, modern k\u00fclt\u00fcr\u00fcn ?rasyonel olarak tutarl\u0131 ve savunulabilir bir ahlak s\u00f6ylemi? geli\u015ftirme projesinin \u00e7\u00f6kt\u00fc\u011f\u00fcn\u00fc; elimizde, birbirine rakip, hi\u00e7biri bir di\u011ferine \u00fcst\u00fcn gelemeyen birtak\u0131m geleneklerin kald\u0131\u011f\u0131n\u0131 s\u00f6yl\u00fcyor. MacIntyre?a g\u00f6re, bunun nedeni ahlaka itibar kazand\u0131ran ba\u011flam\u0131n yitirilip, geriye yaln\u0131zca b\u00f6l\u00fck p\u00f6r\u00e7\u00fck par\u00e7alar\u0131n kalm\u0131\u015f olmas\u0131&#8230; Bu noktada, yazar, \u00e7\u00f6z\u00fcm olarak Aristoteles\u00e7i gelene\u011fi savunuyor. Yay\u0131nland\u0131\u011f\u0131 tarihten itibaren pek \u00e7ok tart\u0131\u015fmaya konu olan Erdem Pe\u015finde, modernitenin a\u00e7mazlar\u0131na ve modern ahlak k\u00fclt\u00fcr\u00fcn\u00fcn sorgulanmas\u0131na dair g\u00fc\u00e7l\u00fc bir kaynak. <\/p>\n","protected":false},"excerpt":{"rendered":"<p>\u0130sko\u00e7 d\u00fc\u015f\u00fcn\u00fcr Alasdair MacIntyre?\u0131n Erdem Pe\u015finde?si ?Ahlaki yarg\u0131lar\u0131m\u0131z\u0131n kayna\u011f\u0131 nedir?? ve ?\u00dczerinde toplumsal olarak uzla\u015fabilece\u011fimiz bir de\u011ferler manzumesi olu\u015fturmam\u0131z m\u00fcmk\u00fcn m\u00fcd\u00fcr?? gibi sorulara merak salan geni\u015f<span class=\"excerpt-hellip\"> [\u2026]<\/span><\/p>\n","protected":false},"featured_media":0,"template":"","meta":{"_monsterinsights_skip_tracking":false,"_monsterinsights_sitenote_active":false,"_monsterinsights_sitenote_note":"","_monsterinsights_sitenote_category":0},"product_brand":[],"product_cat":[12388,13555],"product_tag":[],"class_list":{"0":"post-718231","1":"product","2":"type-product","3":"status-publish","5":"product_cat-felsefe","6":"product_cat-genel-felsefe","7":"pa_cilt-ciltsiz","8":"pa_tur-kitap","9":"pa_yayinevi-vakifbank-kultur-yayinlari","10":"pa_yazar-alasdair-maclntyre","12":"first","13":"instock","14":"sale","15":"shipping-taxable","16":"purchasable","17":"product-type-simple"},"_links":{"self":[{"href":"https:\/\/roveyayinevi.com.tr\/index.php\/wp-json\/wp\/v2\/product\/718231","targetHints":{"allow":["GET"]}}],"collection":[{"href":"https:\/\/roveyayinevi.com.tr\/index.php\/wp-json\/wp\/v2\/product"}],"about":[{"href":"https:\/\/roveyayinevi.com.tr\/index.php\/wp-json\/wp\/v2\/types\/product"}],"wp:attachment":[{"href":"https:\/\/roveyayinevi.com.tr\/index.php\/wp-json\/wp\/v2\/media?parent=718231"}],"wp:term":[{"taxonomy":"product_brand","embeddable":true,"href":"https:\/\/roveyayinevi.com.tr\/index.php\/wp-json\/wp\/v2\/product_brand?post=718231"},{"taxonomy":"product_cat","embeddable":true,"href":"https:\/\/roveyayinevi.com.tr\/index.php\/wp-json\/wp\/v2\/product_cat?post=718231"},{"taxonomy":"product_tag","embeddable":true,"href":"https:\/\/roveyayinevi.com.tr\/index.php\/wp-json\/wp\/v2\/product_tag?post=718231"}],"curies":[{"name":"wp","href":"https:\/\/api.w.org\/{rel}","templated":true}]}}