{"id":718230,"date":"2025-08-27T18:05:29","date_gmt":"2025-08-27T15:05:29","guid":{"rendered":"https:\/\/roveyayinevi.com.tr\/index.php\/urun\/neden-dusunce-ve-davranislarimizin-altinda-yatan-nedenler\/"},"modified":"2026-04-16T02:26:21","modified_gmt":"2026-04-15T23:26:21","slug":"neden-dusunce-ve-davranislarimizin-altinda-yatan-nedenler","status":"publish","type":"product","link":"https:\/\/roveyayinevi.com.tr\/index.php\/urun\/neden-dusunce-ve-davranislarimizin-altinda-yatan-nedenler\/","title":{"rendered":"Neden ?D\u00fc\u015f\u00fcnce ve Davran\u0131\u015flar\u0131m\u0131z\u0131n Alt\u0131nda Yatan Nedenler"},"content":{"rendered":"<p>\u00dcnl\u00fc Amerikal\u0131 sosyolog Charles Tilly\u2019nin bu eseri, toplumsal meselelere ili\u015fkin yapt\u0131\u011f\u0131m\u0131z a\u00e7\u0131klamalar\u0131 ve o a\u00e7\u0131klamalar\u0131 neden \u00f6yle yapt\u0131\u011f\u0131m\u0131z\u0131 sorguluyor. Okunmas\u0131 hayli kolay bir kitap olan Neden? D\u00fc\u015f\u00fcnce ve Davran\u0131\u015flar\u0131m\u0131z\u0131n Alt\u0131nda Yatan Nedenler, insanlar\u0131n ba\u015fkalar\u0131yla ili\u015fkilerini nedenler etraf\u0131nda kurmas\u0131n\u0131n, m\u00fczakere etmesinin, tamir etmesinin, yenilemesinin veya sonland\u0131rmas\u0131n\u0131n y\u00f6ntemlerini ara\u015ft\u0131r\u0131yor. \u201cNeden g\u00f6stermek insanlar\u0131 birbirine ba\u011flar. \u0130\u00e7erikleri ne olursa olsun, nedenler, \u015fu ya da bu \u015fekilde davranmaya ve olan \u015feylerin ortak anlat\u0131mlar\u0131na gerek\u00e7e sa\u011flarlar,\u201d diyen Tilly, nedenlerin konvansiyonel olanlar, anlat\u0131 \u015feklinde ifade edilenler, teknik sebep-sonu\u00e7 hesaplamalar\u0131 ve kodlamal\u0131 veya jargonlu bir dille belirtilenler olmak \u00fczere, d\u00f6rt farkl\u0131 kategoride de\u011ferlendirilebilece\u011fini g\u00f6steriyor. G\u00fcnl\u00fck toplumsal deneyimlerle ili\u015fkili pek \u00e7ok parlak anekdotla dolu bir \u00e7al\u0131\u015fma olan Neden?insanl\u0131\u011f\u0131n en b\u00fcy\u00fck hazinelerinden birinin hik\u00e2yeler oldu\u011funu anlamam\u0131z\u0131 sa\u011fl\u0131yor.<\/p>\n","protected":false},"excerpt":{"rendered":"<p>\u00dcnl\u00fc Amerikal\u0131 sosyolog Charles Tilly\u2019nin bu eseri, toplumsal meselelere ili\u015fkin yapt\u0131\u011f\u0131m\u0131z a\u00e7\u0131klamalar\u0131 ve o a\u00e7\u0131klamalar\u0131 neden \u00f6yle yapt\u0131\u011f\u0131m\u0131z\u0131 sorguluyor. Okunmas\u0131 hayli kolay bir kitap olan Neden?<span class=\"excerpt-hellip\"> [\u2026]<\/span><\/p>\n","protected":false},"featured_media":0,"template":"","meta":{"_monsterinsights_skip_tracking":false,"_monsterinsights_sitenote_active":false,"_monsterinsights_sitenote_note":"","_monsterinsights_sitenote_category":0},"product_brand":[],"product_cat":[14787,13488],"product_tag":[],"class_list":{"0":"post-718230","1":"product","2":"type-product","3":"status-publish","5":"product_cat-diger-toplum-ve-insan","6":"product_cat-toplum-ve-insan","7":"pa_cilt-ciltsiz","8":"pa_tur-kitap","9":"pa_yayinevi-vakifbank-kultur-yayinlari","10":"pa_yazar-charles-tilly","12":"first","13":"instock","14":"sale","15":"shipping-taxable","16":"purchasable","17":"product-type-simple"},"_links":{"self":[{"href":"https:\/\/roveyayinevi.com.tr\/index.php\/wp-json\/wp\/v2\/product\/718230","targetHints":{"allow":["GET"]}}],"collection":[{"href":"https:\/\/roveyayinevi.com.tr\/index.php\/wp-json\/wp\/v2\/product"}],"about":[{"href":"https:\/\/roveyayinevi.com.tr\/index.php\/wp-json\/wp\/v2\/types\/product"}],"wp:attachment":[{"href":"https:\/\/roveyayinevi.com.tr\/index.php\/wp-json\/wp\/v2\/media?parent=718230"}],"wp:term":[{"taxonomy":"product_brand","embeddable":true,"href":"https:\/\/roveyayinevi.com.tr\/index.php\/wp-json\/wp\/v2\/product_brand?post=718230"},{"taxonomy":"product_cat","embeddable":true,"href":"https:\/\/roveyayinevi.com.tr\/index.php\/wp-json\/wp\/v2\/product_cat?post=718230"},{"taxonomy":"product_tag","embeddable":true,"href":"https:\/\/roveyayinevi.com.tr\/index.php\/wp-json\/wp\/v2\/product_tag?post=718230"}],"curies":[{"name":"wp","href":"https:\/\/api.w.org\/{rel}","templated":true}]}}