{"id":718225,"date":"2025-08-27T18:05:26","date_gmt":"2025-08-27T15:05:26","guid":{"rendered":"https:\/\/roveyayinevi.com.tr\/index.php\/urun\/anton-ve-buyuk-kapisma\/"},"modified":"2025-11-21T05:19:53","modified_gmt":"2025-11-21T02:19:53","slug":"anton-ve-buyuk-kapisma","status":"publish","type":"product","link":"https:\/\/roveyayinevi.com.tr\/index.php\/urun\/anton-ve-buyuk-kapisma\/","title":{"rendered":"Anton ve B\u00fcy\u00fck Kap\u0131\u015fma"},"content":{"rendered":"<p>Anton \u00e7ok g\u00fc\u00e7l\u00fc. Ama Lukas da \u00f6yle\u2026 Kim en gu\u0308\u00e7lu\u0308? Peki ya kim daha bu\u0308yu\u0308k?.. Anton ve Lukas\u2019\u0131n komik \u00e7eki\u015fmesi.(Okul \u00f6ncesi \u00e7ocuklara uygundur)<\/p>\n","protected":false},"excerpt":{"rendered":"<p>Anton \u00e7ok g\u00fc\u00e7l\u00fc. Ama Lukas da \u00f6yle\u2026 Kim en gu\u0308\u00e7lu\u0308? Peki ya kim daha bu\u0308yu\u0308k?.. Anton ve Lukas\u2019\u0131n komik \u00e7eki\u015fmesi.(Okul \u00f6ncesi \u00e7ocuklara uygundur)<\/p>\n","protected":false},"featured_media":0,"template":"","meta":{"_monsterinsights_skip_tracking":false,"_monsterinsights_sitenote_active":false,"_monsterinsights_sitenote_note":"","_monsterinsights_sitenote_category":0},"product_brand":[],"product_cat":[12274,12284],"product_tag":[],"class_list":{"0":"post-718225","1":"product","2":"type-product","3":"status-publish","5":"product_cat-cocuk-ve-genclik-kitaplari","6":"product_cat-hikayeler","7":"pa_cilt-ciltsiz","8":"pa_tur-kitap","9":"pa_yayinevi-odtu-gelistirme-vakfi-yayincilik","10":"pa_yazar-ole-konnecke","12":"first","13":"instock","14":"sale","15":"shipping-taxable","16":"purchasable","17":"product-type-simple"},"_links":{"self":[{"href":"https:\/\/roveyayinevi.com.tr\/index.php\/wp-json\/wp\/v2\/product\/718225","targetHints":{"allow":["GET"]}}],"collection":[{"href":"https:\/\/roveyayinevi.com.tr\/index.php\/wp-json\/wp\/v2\/product"}],"about":[{"href":"https:\/\/roveyayinevi.com.tr\/index.php\/wp-json\/wp\/v2\/types\/product"}],"wp:attachment":[{"href":"https:\/\/roveyayinevi.com.tr\/index.php\/wp-json\/wp\/v2\/media?parent=718225"}],"wp:term":[{"taxonomy":"product_brand","embeddable":true,"href":"https:\/\/roveyayinevi.com.tr\/index.php\/wp-json\/wp\/v2\/product_brand?post=718225"},{"taxonomy":"product_cat","embeddable":true,"href":"https:\/\/roveyayinevi.com.tr\/index.php\/wp-json\/wp\/v2\/product_cat?post=718225"},{"taxonomy":"product_tag","embeddable":true,"href":"https:\/\/roveyayinevi.com.tr\/index.php\/wp-json\/wp\/v2\/product_tag?post=718225"}],"curies":[{"name":"wp","href":"https:\/\/api.w.org\/{rel}","templated":true}]}}