{"id":718224,"date":"2025-08-27T18:05:25","date_gmt":"2025-08-27T15:05:25","guid":{"rendered":"https:\/\/roveyayinevi.com.tr\/index.php\/urun\/anton-ve-yapraklar\/"},"modified":"2025-11-21T05:19:52","modified_gmt":"2025-11-21T02:19:52","slug":"anton-ve-yapraklar","status":"publish","type":"product","link":"https:\/\/roveyayinevi.com.tr\/index.php\/urun\/anton-ve-yapraklar\/","title":{"rendered":"Anton ve Yapraklar"},"content":{"rendered":"<p>Anton yerdeki tu\u0308m yapraklar\u0131 toplamak istiyor ama bir tanesi inat\u00e7\u0131 \u00e7\u0131kt\u0131, onu bir tu\u0308rlu\u0308 yakalayam\u0131yor. Arkada\u015flar\u0131 da ona yard\u0131m ediyor ama tam yakalayacaklar\u0131nda ru\u0308zg\u00e2r al\u0131p onu daha da uza\u011fa g\u00f6tu\u0308ru\u0308yor.(Okul \u00f6ncesi \u00e7ocuklara uygundur)<\/p>\n","protected":false},"excerpt":{"rendered":"<p>Anton yerdeki tu\u0308m yapraklar\u0131 toplamak istiyor ama bir tanesi inat\u00e7\u0131 \u00e7\u0131kt\u0131, onu bir tu\u0308rlu\u0308 yakalayam\u0131yor. Arkada\u015flar\u0131 da ona yard\u0131m ediyor ama tam yakalayacaklar\u0131nda ru\u0308zg\u00e2r al\u0131p onu<span class=\"excerpt-hellip\"> [\u2026]<\/span><\/p>\n","protected":false},"featured_media":0,"template":"","meta":{"_monsterinsights_skip_tracking":false,"_monsterinsights_sitenote_active":false,"_monsterinsights_sitenote_note":"","_monsterinsights_sitenote_category":0},"product_brand":[],"product_cat":[12274,12284],"product_tag":[],"class_list":{"0":"post-718224","1":"product","2":"type-product","3":"status-publish","5":"product_cat-cocuk-ve-genclik-kitaplari","6":"product_cat-hikayeler","7":"pa_cilt-ciltsiz","8":"pa_tur-kitap","9":"pa_yayinevi-odtu-gelistirme-vakfi-yayincilik","10":"pa_yazar-ole-konnecke","12":"first","13":"instock","14":"sale","15":"shipping-taxable","16":"purchasable","17":"product-type-simple"},"_links":{"self":[{"href":"https:\/\/roveyayinevi.com.tr\/index.php\/wp-json\/wp\/v2\/product\/718224","targetHints":{"allow":["GET"]}}],"collection":[{"href":"https:\/\/roveyayinevi.com.tr\/index.php\/wp-json\/wp\/v2\/product"}],"about":[{"href":"https:\/\/roveyayinevi.com.tr\/index.php\/wp-json\/wp\/v2\/types\/product"}],"wp:attachment":[{"href":"https:\/\/roveyayinevi.com.tr\/index.php\/wp-json\/wp\/v2\/media?parent=718224"}],"wp:term":[{"taxonomy":"product_brand","embeddable":true,"href":"https:\/\/roveyayinevi.com.tr\/index.php\/wp-json\/wp\/v2\/product_brand?post=718224"},{"taxonomy":"product_cat","embeddable":true,"href":"https:\/\/roveyayinevi.com.tr\/index.php\/wp-json\/wp\/v2\/product_cat?post=718224"},{"taxonomy":"product_tag","embeddable":true,"href":"https:\/\/roveyayinevi.com.tr\/index.php\/wp-json\/wp\/v2\/product_tag?post=718224"}],"curies":[{"name":"wp","href":"https:\/\/api.w.org\/{rel}","templated":true}]}}