{"id":718223,"date":"2025-08-27T18:05:24","date_gmt":"2025-08-27T15:05:24","guid":{"rendered":"https:\/\/roveyayinevi.com.tr\/index.php\/urun\/anton-ve-yilbasi-hediyesi\/"},"modified":"2025-11-21T05:19:52","modified_gmt":"2025-11-21T02:19:52","slug":"anton-ve-yilbasi-hediyesi","status":"publish","type":"product","link":"https:\/\/roveyayinevi.com.tr\/index.php\/urun\/anton-ve-yilbasi-hediyesi\/","title":{"rendered":"Anton ve Y\u0131lba\u015f\u0131 Hediyesi"},"content":{"rendered":"<p>Noel Baba\u2019n\u0131n k\u0131za\u011f\u0131ndan bir hediye paketi du\u0308\u015ftu\u0308\u011fu\u0308nu\u0308 g\u00f6rseydin ne yapard\u0131n? Tabii ki hemen paketi al\u0131p geri vermek i\u00e7in arkas\u0131ndan ko\u015fard\u0131n. Peki ya bunun i\u00e7in da\u011flar\u0131 a\u015fman, nehirleri ge\u00e7men, karanl\u0131k ormanlara dalman gerekseydi?..(Okul \u00f6ncesi \u00e7ocuklara uygundur)<\/p>\n","protected":false},"excerpt":{"rendered":"<p>Noel Baba\u2019n\u0131n k\u0131za\u011f\u0131ndan bir hediye paketi du\u0308\u015ftu\u0308\u011fu\u0308nu\u0308 g\u00f6rseydin ne yapard\u0131n? Tabii ki hemen paketi al\u0131p geri vermek i\u00e7in arkas\u0131ndan ko\u015fard\u0131n. Peki ya bunun i\u00e7in da\u011flar\u0131 a\u015fman,<span class=\"excerpt-hellip\"> [\u2026]<\/span><\/p>\n","protected":false},"featured_media":0,"template":"","meta":{"_monsterinsights_skip_tracking":false,"_monsterinsights_sitenote_active":false,"_monsterinsights_sitenote_note":"","_monsterinsights_sitenote_category":0},"product_brand":[],"product_cat":[12274,12284],"product_tag":[],"class_list":{"0":"post-718223","1":"product","2":"type-product","3":"status-publish","5":"product_cat-cocuk-ve-genclik-kitaplari","6":"product_cat-hikayeler","7":"pa_cilt-ciltsiz","8":"pa_tur-kitap","9":"pa_yayinevi-odtu-gelistirme-vakfi-yayincilik","10":"pa_yazar-ole-konnecke","12":"first","13":"instock","14":"sale","15":"shipping-taxable","16":"purchasable","17":"product-type-simple"},"_links":{"self":[{"href":"https:\/\/roveyayinevi.com.tr\/index.php\/wp-json\/wp\/v2\/product\/718223","targetHints":{"allow":["GET"]}}],"collection":[{"href":"https:\/\/roveyayinevi.com.tr\/index.php\/wp-json\/wp\/v2\/product"}],"about":[{"href":"https:\/\/roveyayinevi.com.tr\/index.php\/wp-json\/wp\/v2\/types\/product"}],"wp:attachment":[{"href":"https:\/\/roveyayinevi.com.tr\/index.php\/wp-json\/wp\/v2\/media?parent=718223"}],"wp:term":[{"taxonomy":"product_brand","embeddable":true,"href":"https:\/\/roveyayinevi.com.tr\/index.php\/wp-json\/wp\/v2\/product_brand?post=718223"},{"taxonomy":"product_cat","embeddable":true,"href":"https:\/\/roveyayinevi.com.tr\/index.php\/wp-json\/wp\/v2\/product_cat?post=718223"},{"taxonomy":"product_tag","embeddable":true,"href":"https:\/\/roveyayinevi.com.tr\/index.php\/wp-json\/wp\/v2\/product_tag?post=718223"}],"curies":[{"name":"wp","href":"https:\/\/api.w.org\/{rel}","templated":true}]}}